{"id":3283,"date":"2019-07-03T14:42:02","date_gmt":"2019-07-03T14:42:02","guid":{"rendered":"http:\/\/lima.com.tr\/?post_type=product&#038;p=3283"},"modified":"2019-08-05T12:46:39","modified_gmt":"2019-08-05T12:46:39","slug":"ids-3118wn-30hda1e","status":"publish","type":"product","link":"https:\/\/lima.com.tr\/en\/shop\/endustriyel-bilisim\/endustriyel-ekranlar\/cercevesiz-monitorler\/ids-3118wn-30hda1e\/","title":{"rendered":"IDS-3118WN-30HDA1E"},"content":{"rendered":"<p><strong>G\u00f6r\u00fc\u015f a\u00e7\u0131s\u0131 (Yatay\/Dikey):<\/strong> 85\/80<\/p>\n<p><strong>\u00c7al\u0131\u015fma S\u0131cakl\u0131\u011f\u0131 :<\/strong>0 ~ 55 \u00b0C<\/p>\n<p><strong>Depolama S\u0131cakl\u0131\u011f\u0131 :<\/strong> -20 ~ 60 \u00b0C<\/p>\n<p><strong>Nem :<\/strong> 90% @ 40 \u00b0C, non-condensing<\/p>\n<p><strong>Video Giri\u015f Portlar\u0131 :<\/strong> VGA , DVI-D, HDMI<\/p>","protected":false},"excerpt":{"rendered":"<p>18&#8243; HD \u00c7er\u00e7evesiz\u00a0 Endustrial Monitor, VGA, DVI-D, HDMI<\/p>","protected":false},"featured_media":8307,"template":"","meta":[],"product_brand":[],"product_cat":[1656,113,39,1675,1644,112,1658,1642,1673],"product_tag":[45,44,47],"class_list":{"0":"post-3283","1":"product","2":"type-product","3":"status-publish","4":"has-post-thumbnail","6":"product_cat-akilli-sehir-altyapi","7":"product_cat-cercevesiz-monitorler","8":"product_cat-endustriyel-bilisim","9":"product_cat-endustriyel-ekranlar-uretim","10":"product_cat-endustriyel-ekranlar-guvenlik","11":"product_cat-endustriyel-ekranlar","12":"product_cat-endustriyel-ekranlar-akilli-sehir","13":"product_cat-guvenlik","14":"product_cat-uretim","15":"product_tag-akilli-sehir","16":"product_tag-guvenlik","17":"product_tag-uretim","18":"pa_cozumler-ve-urunler-endustriyel-bilisim","19":"pa_cozunurluk-yatay-x-dikey-1366-x-768","20":"pa_ekran-boyutu-18-5","21":"pa_guc-girisi-12-vdc","22":"pa_kontrast-orani-859","23":"pa_parlaklik-847","24":"pa_tip-cercevesiz-monitor","25":"pa_uretici-advantech","26":"pa_urun-gruplari-endustriyel-ekranlar","28":"first","29":"outofstock","30":"shipping-taxable","31":"product-type-variable"},"_links":{"self":[{"href":"https:\/\/lima.com.tr\/en\/wp-json\/wp\/v2\/product\/3283","targetHints":{"allow":["GET"]}}],"collection":[{"href":"https:\/\/lima.com.tr\/en\/wp-json\/wp\/v2\/product"}],"about":[{"href":"https:\/\/lima.com.tr\/en\/wp-json\/wp\/v2\/types\/product"}],"version-history":[{"count":1,"href":"https:\/\/lima.com.tr\/en\/wp-json\/wp\/v2\/product\/3283\/revisions"}],"predecessor-version":[{"id":3284,"href":"https:\/\/lima.com.tr\/en\/wp-json\/wp\/v2\/product\/3283\/revisions\/3284"}],"wp:featuredmedia":[{"embeddable":true,"href":"https:\/\/lima.com.tr\/en\/wp-json\/wp\/v2\/media\/8307"}],"wp:attachment":[{"href":"https:\/\/lima.com.tr\/en\/wp-json\/wp\/v2\/media?parent=3283"}],"wp:term":[{"taxonomy":"product_brand","embeddable":true,"href":"https:\/\/lima.com.tr\/en\/wp-json\/wp\/v2\/product_brand?post=3283"},{"taxonomy":"product_cat","embeddable":true,"href":"https:\/\/lima.com.tr\/en\/wp-json\/wp\/v2\/product_cat?post=3283"},{"taxonomy":"product_tag","embeddable":true,"href":"https:\/\/lima.com.tr\/en\/wp-json\/wp\/v2\/product_tag?post=3283"}],"curies":[{"name":"wp","href":"https:\/\/api.w.org\/{rel}","templated":true}]}}