{"id":3172,"date":"2019-07-03T12:41:51","date_gmt":"2019-07-03T12:41:51","guid":{"rendered":"http:\/\/lima.com.tr\/?post_type=product&#038;p=3172"},"modified":"2019-08-05T12:52:21","modified_gmt":"2019-08-05T12:52:21","slug":"ids-3217eg-25sxa1e","status":"publish","type":"product","link":"https:\/\/lima.com.tr\/en\/shop\/endustriyel-bilisim\/endustriyel-ekranlar\/pano-montaj-monitorler\/ids-3217eg-25sxa1e\/","title":{"rendered":"IDS-3217EG-25SXA1E"},"content":{"rendered":"<p><strong>G\u00f6r\u00fc\u015f a\u00e7\u0131s\u0131 (Yatay\/Dikey):<\/strong> 85\/80<\/p>\n<p><strong>\u00c7al\u0131\u015fma S\u0131cakl\u0131\u011f\u0131 : <\/strong>0~ 45\u00b0 C<\/p>\n<p><strong>Depolama S\u0131cakl\u0131\u011f\u0131 :<\/strong> -20 ~ 60\u00b0 C<\/p>\n<p><strong>Nem :<\/strong> 10~90% @ 40\u00b0 C,<\/p>\n<p><strong>Video Giri\u015f Portlar\u0131 :<\/strong> VGA<\/p>","protected":false},"excerpt":{"rendered":"<p>17&#8243; SXGA Panel Montaj\u00a0 Endustrial Monitor, VGA<\/p>","protected":false},"featured_media":8312,"template":"","meta":[],"product_brand":[],"product_cat":[1656,39,112,1658,1675,1644,1642,114,1673],"product_tag":[45,44,47],"class_list":{"0":"post-3172","1":"product","2":"type-product","3":"status-publish","4":"has-post-thumbnail","6":"product_cat-akilli-sehir-altyapi","7":"product_cat-endustriyel-bilisim","8":"product_cat-endustriyel-ekranlar","9":"product_cat-endustriyel-ekranlar-akilli-sehir","10":"product_cat-endustriyel-ekranlar-uretim","11":"product_cat-endustriyel-ekranlar-guvenlik","12":"product_cat-guvenlik","13":"product_cat-pano-montaj-monitorler","14":"product_cat-uretim","15":"product_tag-akilli-sehir","16":"product_tag-guvenlik","17":"product_tag-uretim","18":"pa_cozumler-ve-urunler-endustriyel-bilisim","19":"pa_cozunurluk-yatay-x-dikey-1280-x-1024","20":"pa_ekran-boyutu-753","21":"pa_guc-girisi-12-vdc","22":"pa_kontrast-orani-859","23":"pa_parlaklik-884","24":"pa_tip-pano-montaj-monitor","25":"pa_uretici-advantech","26":"pa_urun-gruplari-endustriyel-ekranlar","28":"first","29":"outofstock","30":"shipping-taxable","31":"product-type-variable"},"_links":{"self":[{"href":"https:\/\/lima.com.tr\/en\/wp-json\/wp\/v2\/product\/3172","targetHints":{"allow":["GET"]}}],"collection":[{"href":"https:\/\/lima.com.tr\/en\/wp-json\/wp\/v2\/product"}],"about":[{"href":"https:\/\/lima.com.tr\/en\/wp-json\/wp\/v2\/types\/product"}],"version-history":[{"count":1,"href":"https:\/\/lima.com.tr\/en\/wp-json\/wp\/v2\/product\/3172\/revisions"}],"predecessor-version":[{"id":3173,"href":"https:\/\/lima.com.tr\/en\/wp-json\/wp\/v2\/product\/3172\/revisions\/3173"}],"wp:featuredmedia":[{"embeddable":true,"href":"https:\/\/lima.com.tr\/en\/wp-json\/wp\/v2\/media\/8312"}],"wp:attachment":[{"href":"https:\/\/lima.com.tr\/en\/wp-json\/wp\/v2\/media?parent=3172"}],"wp:term":[{"taxonomy":"product_brand","embeddable":true,"href":"https:\/\/lima.com.tr\/en\/wp-json\/wp\/v2\/product_brand?post=3172"},{"taxonomy":"product_cat","embeddable":true,"href":"https:\/\/lima.com.tr\/en\/wp-json\/wp\/v2\/product_cat?post=3172"},{"taxonomy":"product_tag","embeddable":true,"href":"https:\/\/lima.com.tr\/en\/wp-json\/wp\/v2\/product_tag?post=3172"}],"curies":[{"name":"wp","href":"https:\/\/api.w.org\/{rel}","templated":true}]}}