{"id":3111,"date":"2019-07-03T11:21:24","date_gmt":"2019-07-03T11:21:24","guid":{"rendered":"http:\/\/lima.com.tr\/?post_type=product&#038;p=3111"},"modified":"2019-07-30T06:27:17","modified_gmt":"2019-07-30T06:27:17","slug":"aiis-3410p-00a1e","status":"publish","type":"product","link":"https:\/\/lima.com.tr\/en\/shop\/yapay-gorme\/yapay-gorme-pc\/core-i-tabanli-yapay-gorme-pc\/aiis-3410p-00a1e\/","title":{"rendered":"AIIS-3410P-00A1E"},"content":{"rendered":"<p><strong>Geni\u015fleme Se\u00e7enekleri : <\/strong>1 x mPCIe ,\u00a0 1xPCIex8 veya 1x PCI, iDoor<\/p>\n<p><strong>\u00c7al\u0131\u015fma S\u0131cakl\u0131\u011f\u0131 :<\/strong> 0 ~ 45\u00b0C<\/p>\n<p><strong>Depolama S\u0131cakl\u0131\u011f\u0131 :<\/strong> -40 ~ 70 \u00b0C<\/p>\n<p><strong>Nem :<\/strong> 10 ~ 95% @ 40 \u00b0C<\/p>\n<p><strong>Sertifikalar :<\/strong> CE, FCC Class B, BSMI, UL<\/p>\n<p><strong>\u0130\u015fletim Sistemi : <\/strong>Windows 7\/8\/10<\/p>\n<p><strong>GPIO :<\/strong> 4xDI + 4xDO , 16xDI + 16x DO (opsiyonel)<\/p>","protected":false},"excerpt":{"rendered":"<p>Fans\u0131z Vision PC, 6.\/7. nesil Intel\u00ae Core\u2122 i CPU, 4-Kanal GigE PoE Kamera Deste\u011fi<\/p>","protected":false},"featured_media":3113,"template":"","meta":[],"product_brand":[],"product_cat":[1656,169,1642,1673,42,1678,1647,167,1661],"product_tag":[45,44,47],"class_list":{"0":"post-3111","1":"product","2":"type-product","3":"status-publish","4":"has-post-thumbnail","6":"product_cat-akilli-sehir-altyapi","7":"product_cat-core-i-tabanli-yapay-gorme-pc","8":"product_cat-guvenlik","9":"product_cat-uretim","10":"product_cat-yapay-gorme","11":"product_cat-yapay-gorme-pc-uretim","12":"product_cat-yapay-gorme-pc-guvenlik","13":"product_cat-yapay-gorme-pc","14":"product_cat-yapay-gorme-pc-akilli-sehir","15":"product_tag-akilli-sehir","16":"product_tag-guvenlik","17":"product_tag-uretim","18":"pa_cozumler-ve-urunler-yapay-gorme","19":"pa_depolama-secenekleri-1-x-2-5-ssd","20":"pa_depolama-secenekleri-1-x-cfast","21":"pa_digital-i-o-8-kanal","22":"pa_gb-lan-2-adet","23":"pa_gb-lan-poe-4-adet","24":"pa_grafik-cikisi-1-x-dvi-d","25":"pa_grafik-cikisi-1-x-vga","26":"pa_guc-girisi-19-24-vdc","27":"pa_islemci-modeli-6-7-jenerasyon-intel-core-i-lga1151","28":"pa_islemci-sinifi-intel-core-i","29":"pa_line-ses-cikis-1-adet","30":"pa_mikrofon-giris-1-adet","31":"pa_ram-maks-32-gb","32":"pa_rs-232-422-485-2-adet","33":"pa_uretici-advantech","34":"pa_urun-gruplari-vision-pc","35":"pa_usb-2-0-yok","36":"pa_usb-3-0-4-adet","38":"first","39":"outofstock","40":"shipping-taxable","41":"product-type-variable"},"_links":{"self":[{"href":"https:\/\/lima.com.tr\/en\/wp-json\/wp\/v2\/product\/3111","targetHints":{"allow":["GET"]}}],"collection":[{"href":"https:\/\/lima.com.tr\/en\/wp-json\/wp\/v2\/product"}],"about":[{"href":"https:\/\/lima.com.tr\/en\/wp-json\/wp\/v2\/types\/product"}],"version-history":[{"count":2,"href":"https:\/\/lima.com.tr\/en\/wp-json\/wp\/v2\/product\/3111\/revisions"}],"predecessor-version":[{"id":3124,"href":"https:\/\/lima.com.tr\/en\/wp-json\/wp\/v2\/product\/3111\/revisions\/3124"}],"wp:featuredmedia":[{"embeddable":true,"href":"https:\/\/lima.com.tr\/en\/wp-json\/wp\/v2\/media\/3113"}],"wp:attachment":[{"href":"https:\/\/lima.com.tr\/en\/wp-json\/wp\/v2\/media?parent=3111"}],"wp:term":[{"taxonomy":"product_brand","embeddable":true,"href":"https:\/\/lima.com.tr\/en\/wp-json\/wp\/v2\/product_brand?post=3111"},{"taxonomy":"product_cat","embeddable":true,"href":"https:\/\/lima.com.tr\/en\/wp-json\/wp\/v2\/product_cat?post=3111"},{"taxonomy":"product_tag","embeddable":true,"href":"https:\/\/lima.com.tr\/en\/wp-json\/wp\/v2\/product_tag?post=3111"}],"curies":[{"name":"wp","href":"https:\/\/api.w.org\/{rel}","templated":true}]}}