{"id":3107,"date":"2019-07-03T11:15:56","date_gmt":"2019-07-03T11:15:56","guid":{"rendered":"http:\/\/lima.com.tr\/?post_type=product&#038;p=3107"},"modified":"2019-08-05T12:57:17","modified_gmt":"2019-08-05T12:57:17","slug":"ids-3206r-80vga1e","status":"publish","type":"product","link":"https:\/\/lima.com.tr\/en\/shop\/endustriyel-bilisim\/endustriyel-ekranlar\/pano-montaj-monitorler\/ids-3206r-80vga1e\/","title":{"rendered":"IDS-3206R-80VGA1E"},"content":{"rendered":"<p><strong>G\u00f6r\u00fc\u015f a\u00e7\u0131s\u0131 (Yatay\/Dikey):<\/strong> 80\/70<\/p>\n<p><strong>\u00c7al\u0131\u015fma S\u0131cakl\u0131\u011f\u0131 :<\/strong> 0 ~ 50 \u00b0C<\/p>\n<p><strong>Depolama S\u0131cakl\u0131\u011f\u0131 :<\/strong> -20 ~ 60 \u00b0C<\/p>\n<p><strong>Nem :<\/strong>5 ~ 95% @ 40\u00b0C<\/p>\n<p><strong>Video Giri\u015f Portlar\u0131 :<\/strong> VGA &amp; DVI-D<\/p>\n<p>&nbsp;<\/p>","protected":false},"excerpt":{"rendered":"<p>6.5&#8243; VGA Panel Montaj\u00a0 Endustrial Monitor, Kapasitif Dokunmatik Ekran, VGA &amp; DVI-D port<\/p>","protected":false},"featured_media":8316,"template":"","meta":[],"product_brand":[],"product_cat":[39,112,114,1656,1658,1642,1644,1673,1675],"product_tag":[45,44,47],"class_list":{"0":"post-3107","1":"product","2":"type-product","3":"status-publish","4":"has-post-thumbnail","6":"product_cat-endustriyel-bilisim","7":"product_cat-endustriyel-ekranlar","8":"product_cat-pano-montaj-monitorler","9":"product_cat-akilli-sehir-altyapi","10":"product_cat-endustriyel-ekranlar-akilli-sehir","11":"product_cat-guvenlik","12":"product_cat-endustriyel-ekranlar-guvenlik","13":"product_cat-uretim","14":"product_cat-endustriyel-ekranlar-uretim","15":"product_tag-akilli-sehir","16":"product_tag-guvenlik","17":"product_tag-uretim","18":"pa_cozumler-ve-urunler-endustriyel-bilisim","19":"pa_cozunurluk-yatay-x-dikey-640-x-480","20":"pa_dokunmatik-tipi-kapasitif","21":"pa_ekran-boyutu-6-5","22":"pa_guc-girisi-12-vdc","23":"pa_kontrast-orani-600-1","24":"pa_parlaklik-866","25":"pa_tip-pano-montaj-monitor","26":"pa_uretici-advantech","27":"pa_urun-gruplari-endustriyel-ekranlar","29":"first","30":"outofstock","31":"shipping-taxable","32":"product-type-variable"},"_links":{"self":[{"href":"https:\/\/lima.com.tr\/en\/wp-json\/wp\/v2\/product\/3107","targetHints":{"allow":["GET"]}}],"collection":[{"href":"https:\/\/lima.com.tr\/en\/wp-json\/wp\/v2\/product"}],"about":[{"href":"https:\/\/lima.com.tr\/en\/wp-json\/wp\/v2\/types\/product"}],"version-history":[{"count":1,"href":"https:\/\/lima.com.tr\/en\/wp-json\/wp\/v2\/product\/3107\/revisions"}],"predecessor-version":[{"id":3109,"href":"https:\/\/lima.com.tr\/en\/wp-json\/wp\/v2\/product\/3107\/revisions\/3109"}],"wp:featuredmedia":[{"embeddable":true,"href":"https:\/\/lima.com.tr\/en\/wp-json\/wp\/v2\/media\/8316"}],"wp:attachment":[{"href":"https:\/\/lima.com.tr\/en\/wp-json\/wp\/v2\/media?parent=3107"}],"wp:term":[{"taxonomy":"product_brand","embeddable":true,"href":"https:\/\/lima.com.tr\/en\/wp-json\/wp\/v2\/product_brand?post=3107"},{"taxonomy":"product_cat","embeddable":true,"href":"https:\/\/lima.com.tr\/en\/wp-json\/wp\/v2\/product_cat?post=3107"},{"taxonomy":"product_tag","embeddable":true,"href":"https:\/\/lima.com.tr\/en\/wp-json\/wp\/v2\/product_tag?post=3107"}],"curies":[{"name":"wp","href":"https:\/\/api.w.org\/{rel}","templated":true}]}}