{"id":3080,"date":"2019-07-03T10:33:06","date_gmt":"2019-07-03T10:33:06","guid":{"rendered":"http:\/\/lima.com.tr\/?post_type=product&#038;p=3080"},"modified":"2019-07-30T06:28:34","modified_gmt":"2019-07-30T06:28:34","slug":"aiis-5410p-s9a1e","status":"publish","type":"product","link":"https:\/\/lima.com.tr\/en\/shop\/yapay-gorme\/yapay-gorme-pc\/core-i-tabanli-yapay-gorme-pc\/aiis-5410p-s9a1e\/","title":{"rendered":"AIIS-5410P-S9A1E"},"content":{"rendered":"<p><strong>Geni\u015fleme Se\u00e7enekleri : <\/strong>1 x mPCIe ,\u00a0 1xPCIex8 veya 1x PCI<\/p>\n<p><strong>\u00c7al\u0131\u015fma S\u0131cakl\u0131\u011f\u0131 :<\/strong> -20 ~ 60\u00b0C\u00a0 (SSD ile) , 0 ~ 40 \u00b0C (HDD ile)<\/p>\n<p><strong>Depolama S\u0131cakl\u0131\u011f\u0131 :<\/strong> -40 ~ 70 \u00b0C<\/p>\n<p><strong>Nem :<\/strong> 10 ~ 95% @ 40 \u00b0C<\/p>\n<p><strong>Sertifikalar :<\/strong> CE, FCC Class B, BSMI, UL<\/p>\n<p><strong>\u0130\u015fletim Sistemi : <\/strong>Windows 7\/8\/10<\/p>\n<p><strong>GPIO :<\/strong> 8-bit , 16xDI + 16x DO (opsiyonel)<\/p>","protected":false},"excerpt":{"rendered":"<p>Fans\u0131z Vision PC, Intel\u00ae Core\u2122 i5-6442EQ CPU, 4-Channel GigE PoE Kamera Deste\u011fi ve PCIe Slot<\/p>","protected":false},"featured_media":3077,"template":"","meta":[],"product_brand":[],"product_cat":[1656,169,1642,1673,42,1661,167,1678,1647],"product_tag":[45,44,47],"class_list":{"0":"post-3080","1":"product","2":"type-product","3":"status-publish","4":"has-post-thumbnail","6":"product_cat-akilli-sehir-altyapi","7":"product_cat-core-i-tabanli-yapay-gorme-pc","8":"product_cat-guvenlik","9":"product_cat-uretim","10":"product_cat-yapay-gorme","11":"product_cat-yapay-gorme-pc-akilli-sehir","12":"product_cat-yapay-gorme-pc","13":"product_cat-yapay-gorme-pc-uretim","14":"product_cat-yapay-gorme-pc-guvenlik","15":"product_tag-akilli-sehir","16":"product_tag-guvenlik","17":"product_tag-uretim","18":"pa_cozumler-ve-urunler-yapay-gorme","19":"pa_depolama-secenekleri-1-x-cfast","20":"pa_depolama-secenekleri-1-x-msata","21":"pa_depolama-secenekleri-2-x-2-5-ssd-hdd","22":"pa_digital-i-o-8-kanal","23":"pa_gb-lan-2-adet","24":"pa_gb-lan-poe-4-adet","25":"pa_grafik-cikisi-1-x-dvi-d","26":"pa_grafik-cikisi-1-x-vga","27":"pa_guc-girisi-9-36-vdc","28":"pa_islemci-frekansi-1-9-ghz","29":"pa_islemci-modeli-intel-core-i5-6442eq","30":"pa_islemci-sinifi-intel-core-i","31":"pa_line-ses-cikis-1-adet","32":"pa_mikrofon-giris-1-adet","33":"pa_ram-maks-32-gb","34":"pa_rs-232-yok","35":"pa_rs-232-422-485-2-adet","36":"pa_uretici-advantech","37":"pa_urun-gruplari-vision-pc","38":"pa_usb-2-0-yok","39":"pa_usb-3-0-8-adet","41":"first","42":"outofstock","43":"shipping-taxable","44":"product-type-variable"},"_links":{"self":[{"href":"https:\/\/lima.com.tr\/en\/wp-json\/wp\/v2\/product\/3080","targetHints":{"allow":["GET"]}}],"collection":[{"href":"https:\/\/lima.com.tr\/en\/wp-json\/wp\/v2\/product"}],"about":[{"href":"https:\/\/lima.com.tr\/en\/wp-json\/wp\/v2\/types\/product"}],"version-history":[{"count":1,"href":"https:\/\/lima.com.tr\/en\/wp-json\/wp\/v2\/product\/3080\/revisions"}],"predecessor-version":[{"id":3083,"href":"https:\/\/lima.com.tr\/en\/wp-json\/wp\/v2\/product\/3080\/revisions\/3083"}],"wp:featuredmedia":[{"embeddable":true,"href":"https:\/\/lima.com.tr\/en\/wp-json\/wp\/v2\/media\/3077"}],"wp:attachment":[{"href":"https:\/\/lima.com.tr\/en\/wp-json\/wp\/v2\/media?parent=3080"}],"wp:term":[{"taxonomy":"product_brand","embeddable":true,"href":"https:\/\/lima.com.tr\/en\/wp-json\/wp\/v2\/product_brand?post=3080"},{"taxonomy":"product_cat","embeddable":true,"href":"https:\/\/lima.com.tr\/en\/wp-json\/wp\/v2\/product_cat?post=3080"},{"taxonomy":"product_tag","embeddable":true,"href":"https:\/\/lima.com.tr\/en\/wp-json\/wp\/v2\/product_tag?post=3080"}],"curies":[{"name":"wp","href":"https:\/\/api.w.org\/{rel}","templated":true}]}}