{"id":3048,"date":"2019-07-03T09:09:29","date_gmt":"2019-07-03T09:09:29","guid":{"rendered":"http:\/\/lima.com.tr\/?post_type=product&#038;p=3048"},"modified":"2019-12-20T16:33:44","modified_gmt":"2019-12-20T13:33:44","slug":"fpm-5171g-r3be","status":"publish","type":"product","link":"https:\/\/lima.com.tr\/en\/shop\/endustriyel-bilisim\/endustriyel-ekranlar\/ip65-korumali-monitorler\/fpm-5171g-r3be\/","title":{"rendered":"FPM-5171G-R3BE"},"content":{"rendered":"<p><strong>G\u00f6r\u00fc\u015f a\u00e7\u0131s\u0131 (Yatay\/Dikey):<\/strong> 160\/140<\/p>\n<p><strong>\u00c7al\u0131\u015fma S\u0131cakl\u0131\u011f\u0131 :<\/strong> 0 ~ 50 \u00b0C<\/p>\n<p><strong>Depolama S\u0131cakl\u0131\u011f\u0131 :<\/strong> -20 ~ 60 \u00b0C<\/p>\n<p><strong>Nem :<\/strong> 10 ~ 90% \u00b0C<\/p>\n<p><strong>Video Giri\u015f Portlar\u0131 :<\/strong> VGA &amp; DVI-D Port<\/p>\n<p>&nbsp;<\/p>","protected":false},"excerpt":{"rendered":"<p>Y\u00fcksek Dayan\u0131ml\u0131 17&#8243; SXGA Endustrial Monitor, Rezistif\u00a0 Dokunmatik Ekran, VGA &amp; DVI-D Port<\/p>","protected":false},"featured_media":11185,"template":"","meta":[],"product_brand":[],"product_cat":[1656,39,112,1675,1644,1658,1642,115,1673],"product_tag":[45,44,47],"class_list":{"0":"post-3048","1":"product","2":"type-product","3":"status-publish","4":"has-post-thumbnail","6":"product_cat-akilli-sehir-altyapi","7":"product_cat-endustriyel-bilisim","8":"product_cat-endustriyel-ekranlar","9":"product_cat-endustriyel-ekranlar-uretim","10":"product_cat-endustriyel-ekranlar-guvenlik","11":"product_cat-endustriyel-ekranlar-akilli-sehir","12":"product_cat-guvenlik","13":"product_cat-ip65-korumali-monitorler","14":"product_cat-uretim","15":"product_tag-akilli-sehir","16":"product_tag-guvenlik","17":"product_tag-uretim","18":"pa_cozumler-ve-urunler-endustriyel-bilisim","19":"pa_cozunurluk-yatay-x-dikey-1280-x-1024","20":"pa_dokunmatik-tipi-rezistif","21":"pa_ekran-boyutu-753","22":"pa_guc-girisi-10-30-vdc","23":"pa_guc-girisi-12-vdc","24":"pa_kontrast-orani-865","25":"pa_on-panel-korumasi-ip65","26":"pa_parlaklik-856","27":"pa_tip-ip65-korumali-monitor","28":"pa_uretici-advantech","29":"pa_urun-gruplari-endustriyel-ekranlar","31":"first","32":"outofstock","33":"shipping-taxable","34":"product-type-variable"},"_links":{"self":[{"href":"https:\/\/lima.com.tr\/en\/wp-json\/wp\/v2\/product\/3048","targetHints":{"allow":["GET"]}}],"collection":[{"href":"https:\/\/lima.com.tr\/en\/wp-json\/wp\/v2\/product"}],"about":[{"href":"https:\/\/lima.com.tr\/en\/wp-json\/wp\/v2\/types\/product"}],"version-history":[{"count":2,"href":"https:\/\/lima.com.tr\/en\/wp-json\/wp\/v2\/product\/3048\/revisions"}],"predecessor-version":[{"id":11199,"href":"https:\/\/lima.com.tr\/en\/wp-json\/wp\/v2\/product\/3048\/revisions\/11199"}],"wp:featuredmedia":[{"embeddable":true,"href":"https:\/\/lima.com.tr\/en\/wp-json\/wp\/v2\/media\/11185"}],"wp:attachment":[{"href":"https:\/\/lima.com.tr\/en\/wp-json\/wp\/v2\/media?parent=3048"}],"wp:term":[{"taxonomy":"product_brand","embeddable":true,"href":"https:\/\/lima.com.tr\/en\/wp-json\/wp\/v2\/product_brand?post=3048"},{"taxonomy":"product_cat","embeddable":true,"href":"https:\/\/lima.com.tr\/en\/wp-json\/wp\/v2\/product_cat?post=3048"},{"taxonomy":"product_tag","embeddable":true,"href":"https:\/\/lima.com.tr\/en\/wp-json\/wp\/v2\/product_tag?post=3048"}],"curies":[{"name":"wp","href":"https:\/\/api.w.org\/{rel}","templated":true}]}}