{"id":3042,"date":"2019-07-03T09:00:23","date_gmt":"2019-07-03T09:00:23","guid":{"rendered":"http:\/\/lima.com.tr\/?post_type=product&#038;p=3042"},"modified":"2019-07-30T13:07:12","modified_gmt":"2019-07-30T13:07:12","slug":"ippc-5211ws-j3ae","status":"publish","type":"product","link":"https:\/\/lima.com.tr\/en\/shop\/endustriyel-bilisim\/panel-pc\/atom-celeron-tabanli\/ippc-5211ws-j3ae\/","title":{"rendered":"IPPC-5211WS-J3AE"},"content":{"rendered":"<p><strong>Koruma :<\/strong> T\u00fcm sistem IP69K<\/p>\n<p><strong>Parlakl\u0131k : <\/strong>300 cd\/m2<\/p>\n<p><strong>G\u00f6r\u00fc\u015f a\u00e7\u0131s\u0131 (Yatay\/Dikey):<\/strong> 178\/178<\/p>\n<p><strong>Geni\u015fleme Se\u00e7enekleri :<\/strong> 1 x tam boy mini PCIe<\/p>\n<p><strong>\u00c7al\u0131\u015fma S\u0131cakl\u0131\u011f\u0131 :<\/strong> 0 ~ 50 \u00b0C (SSD ile)<\/p>\n<p><strong>Depolama S\u0131cakl\u0131\u011f\u0131 :<\/strong> -20 ~ 60 \u00b0C<\/p>\n<p><strong>Nem :<\/strong> 10 ~ 95% @ 40 \u00b0C<\/p>\n<p><strong>Sertifikalar :<\/strong> IP69k, CE, FCC Class B, BSMI, UL<\/p>","protected":false},"excerpt":{"rendered":"<p>21&#8243; IP69k Fans\u0131z Panel PC, Intel\u00ae Celeron J1900 CPU<\/p>","protected":false},"featured_media":3050,"template":"","meta":[],"product_brand":[],"product_cat":[1656,78,39,1642,704,1657,1674,1643,1673],"product_tag":[45,44,47],"class_list":{"0":"post-3042","1":"product","2":"type-product","3":"status-publish","4":"has-post-thumbnail","6":"product_cat-akilli-sehir-altyapi","7":"product_cat-atom-celeron-tabanli","8":"product_cat-endustriyel-bilisim","9":"product_cat-guvenlik","10":"product_cat-panel-pc","11":"product_cat-panel-pc-akilli-sehir","12":"product_cat-panel-pc-uretim","13":"product_cat-panel-pc-guvenlik","14":"product_cat-uretim","15":"product_tag-akilli-sehir","16":"product_tag-guvenlik","17":"product_tag-uretim","18":"pa_cozumler-ve-urunler-endustriyel-bilisim","19":"pa_cozunurluk-yatay-x-dikey-1920-x-1080","20":"pa_depolama-secenekleri-1-x-2-5-ssd","21":"pa_dokunmatik-tipi-kapasitif","22":"pa_ekran-boyutu-864","23":"pa_gb-lan-2-adet","24":"pa_guc-girisi-2127-vdc","25":"pa_islemci-frekansi-2-0-ghz","26":"pa_islemci-modeli-intel-celeron-j1900-quad-core","27":"pa_islemci-sinifi-intel-atom-celeron","28":"pa_line-ses-cikis-yok","29":"pa_mikrofon-giris-yok","30":"pa_on-panel-korumasi-ip69k","31":"pa_ram-maks-8-gb","32":"pa_ramtakili-4-gb","33":"pa_rs-232-1-adet","34":"pa_rs-232-422-485-1-adet","35":"pa_uretici-advantech","36":"pa_urun-gruplari-panel-pc","37":"pa_usb-2-0-1-adet","38":"pa_usb-3-0-1-adet","40":"first","41":"outofstock","42":"shipping-taxable","43":"product-type-variable"},"_links":{"self":[{"href":"https:\/\/lima.com.tr\/en\/wp-json\/wp\/v2\/product\/3042","targetHints":{"allow":["GET"]}}],"collection":[{"href":"https:\/\/lima.com.tr\/en\/wp-json\/wp\/v2\/product"}],"about":[{"href":"https:\/\/lima.com.tr\/en\/wp-json\/wp\/v2\/types\/product"}],"version-history":[{"count":2,"href":"https:\/\/lima.com.tr\/en\/wp-json\/wp\/v2\/product\/3042\/revisions"}],"predecessor-version":[{"id":3055,"href":"https:\/\/lima.com.tr\/en\/wp-json\/wp\/v2\/product\/3042\/revisions\/3055"}],"wp:featuredmedia":[{"embeddable":true,"href":"https:\/\/lima.com.tr\/en\/wp-json\/wp\/v2\/media\/3050"}],"wp:attachment":[{"href":"https:\/\/lima.com.tr\/en\/wp-json\/wp\/v2\/media?parent=3042"}],"wp:term":[{"taxonomy":"product_brand","embeddable":true,"href":"https:\/\/lima.com.tr\/en\/wp-json\/wp\/v2\/product_brand?post=3042"},{"taxonomy":"product_cat","embeddable":true,"href":"https:\/\/lima.com.tr\/en\/wp-json\/wp\/v2\/product_cat?post=3042"},{"taxonomy":"product_tag","embeddable":true,"href":"https:\/\/lima.com.tr\/en\/wp-json\/wp\/v2\/product_tag?post=3042"}],"curies":[{"name":"wp","href":"https:\/\/api.w.org\/{rel}","templated":true}]}}