{"id":3032,"date":"2019-07-03T08:52:39","date_gmt":"2019-07-03T08:52:39","guid":{"rendered":"http:\/\/lima.com.tr\/?post_type=product&#038;p=3032"},"modified":"2019-12-20T16:31:18","modified_gmt":"2019-12-20T13:31:18","slug":"fpm-3171g-r3be","status":"publish","type":"product","link":"https:\/\/lima.com.tr\/en\/shop\/endustriyel-bilisim\/endustriyel-ekranlar\/ip65-korumali-monitorler\/fpm-3171g-r3be\/","title":{"rendered":"FPM-3171G-R3BE"},"content":{"rendered":"<p><strong>G\u00f6r\u00fc\u015f a\u00e7\u0131s\u0131 (Yatay\/Dikey):<\/strong> 160\/140<\/p>\n<p><strong>\u00c7al\u0131\u015fma S\u0131cakl\u0131\u011f\u0131 :<\/strong> -20 ~ 60 \u00b0C<\/p>\n<p><strong>Depolama S\u0131cakl\u0131\u011f\u0131 :<\/strong> -30 ~ 80 \u00b0C<\/p>\n<p><strong>Nem :<\/strong> 90%@50 \u00b0C<\/p>\n<p><strong>Video Giri\u015f Portlar\u0131 :<\/strong> VGA &amp; DVI-D Port<\/p>\n<p>&nbsp;<\/p>","protected":false},"excerpt":{"rendered":"<p>Y\u00fcksek Dayan\u0131ml\u0131 17&#8243; SVGA Endustrial Monitor, Rezistif\u00a0 Dokunmatik Ekran, VGA &amp; DVI-D Port<\/p>","protected":false},"featured_media":11189,"template":"","meta":[],"product_brand":[],"product_cat":[1656,39,1658,112,1675,1644,1642,115,1673],"product_tag":[45,44,47],"class_list":{"0":"post-3032","1":"product","2":"type-product","3":"status-publish","4":"has-post-thumbnail","6":"product_cat-akilli-sehir-altyapi","7":"product_cat-endustriyel-bilisim","8":"product_cat-endustriyel-ekranlar-akilli-sehir","9":"product_cat-endustriyel-ekranlar","10":"product_cat-endustriyel-ekranlar-uretim","11":"product_cat-endustriyel-ekranlar-guvenlik","12":"product_cat-guvenlik","13":"product_cat-ip65-korumali-monitorler","14":"product_cat-uretim","15":"product_tag-akilli-sehir","16":"product_tag-guvenlik","17":"product_tag-uretim","18":"pa_cozumler-ve-urunler-endustriyel-bilisim","19":"pa_cozunurluk-yatay-x-dikey-1024-x-768","20":"pa_cozunurluk-yatay-x-dikey-1280-x-1024","21":"pa_dokunmatik-tipi-rezistif","22":"pa_ekran-boyutu-753","23":"pa_guc-girisi-12-vdc","24":"pa_guc-girisi-24-vdc","25":"pa_kontrast-orani-859","26":"pa_on-panel-korumasi-ip65","27":"pa_parlaklik-856","28":"pa_tip-ip65-korumali-monitor","29":"pa_uretici-advantech","30":"pa_urun-gruplari-endustriyel-ekranlar","32":"first","33":"outofstock","34":"shipping-taxable","35":"product-type-variable"},"_links":{"self":[{"href":"https:\/\/lima.com.tr\/en\/wp-json\/wp\/v2\/product\/3032","targetHints":{"allow":["GET"]}}],"collection":[{"href":"https:\/\/lima.com.tr\/en\/wp-json\/wp\/v2\/product"}],"about":[{"href":"https:\/\/lima.com.tr\/en\/wp-json\/wp\/v2\/types\/product"}],"version-history":[{"count":1,"href":"https:\/\/lima.com.tr\/en\/wp-json\/wp\/v2\/product\/3032\/revisions"}],"predecessor-version":[{"id":3037,"href":"https:\/\/lima.com.tr\/en\/wp-json\/wp\/v2\/product\/3032\/revisions\/3037"}],"wp:featuredmedia":[{"embeddable":true,"href":"https:\/\/lima.com.tr\/en\/wp-json\/wp\/v2\/media\/11189"}],"wp:attachment":[{"href":"https:\/\/lima.com.tr\/en\/wp-json\/wp\/v2\/media?parent=3032"}],"wp:term":[{"taxonomy":"product_brand","embeddable":true,"href":"https:\/\/lima.com.tr\/en\/wp-json\/wp\/v2\/product_brand?post=3032"},{"taxonomy":"product_cat","embeddable":true,"href":"https:\/\/lima.com.tr\/en\/wp-json\/wp\/v2\/product_cat?post=3032"},{"taxonomy":"product_tag","embeddable":true,"href":"https:\/\/lima.com.tr\/en\/wp-json\/wp\/v2\/product_tag?post=3032"}],"curies":[{"name":"wp","href":"https:\/\/api.w.org\/{rel}","templated":true}]}}