{"id":3017,"date":"2019-07-03T08:43:47","date_gmt":"2019-07-03T08:43:47","guid":{"rendered":"http:\/\/lima.com.tr\/?post_type=product&#038;p=3017"},"modified":"2019-07-30T13:06:36","modified_gmt":"2019-07-30T13:06:36","slug":"spc-1840wp-t3ae","status":"publish","type":"product","link":"https:\/\/lima.com.tr\/en\/shop\/endustriyel-bilisim\/panel-pc\/amd-tabanli-panel-pc\/spc-1840wp-t3ae\/","title":{"rendered":"SPC-1840WP-T3AE"},"content":{"rendered":"<p><strong>Koruma :<\/strong> T\u00fcm sistem IP65<\/p>\n<p><strong>Parlakl\u0131k : <\/strong>300 cd\/m2<\/p>\n<p><strong>G\u00f6r\u00fc\u015f a\u00e7\u0131s\u0131 (Yatay\/Dikey):<\/strong> 170\/160<\/p>\n<p><strong>Kontrast Oran\u0131 :<\/strong> 500<\/p>\n<p><strong>Geni\u015fleme Se\u00e7enekleri :<\/strong> 1 x tam boy mini PCIe<\/p>\n<p><strong>\u00c7al\u0131\u015fma S\u0131cakl\u0131\u011f\u0131 :<\/strong> 0 ~ 55 \u00b0C (SSD ile)<\/p>\n<p><strong>Depolama S\u0131cakl\u0131\u011f\u0131 :<\/strong> -20 ~ 60 \u00b0C<\/p>\n<p><strong>Nem :<\/strong> 10 ~ 95% @ 40 \u00b0C<\/p>\n<p><strong>Sertifikalar :<\/strong> CE, FCC Class B, BSMI, UL<\/p>","protected":false},"excerpt":{"rendered":"<p>18.5&#8243; Geni\u015f Ekran Fans\u0131z Panel PC &#8211; T\u00fcm Sistem IP65 &#8211; AMD G-series T56N CPU<\/p>","protected":false},"featured_media":3025,"template":"","meta":[],"product_brand":[],"product_cat":[1656,1579,39,1642,1643,1657,1674,704,1673],"product_tag":[45,44,47],"class_list":{"0":"post-3017","1":"product","2":"type-product","3":"status-publish","4":"has-post-thumbnail","6":"product_cat-akilli-sehir-altyapi","7":"product_cat-amd-tabanli-panel-pc","8":"product_cat-endustriyel-bilisim","9":"product_cat-guvenlik","10":"product_cat-panel-pc-guvenlik","11":"product_cat-panel-pc-akilli-sehir","12":"product_cat-panel-pc-uretim","13":"product_cat-panel-pc","14":"product_cat-uretim","15":"product_tag-akilli-sehir","16":"product_tag-guvenlik","17":"product_tag-uretim","18":"pa_cozumler-ve-urunler-endustriyel-bilisim","19":"pa_cozunurluk-yatay-x-dikey-1366-x-768","20":"pa_depolama-secenekleri-1-x-2-5-ssd","21":"pa_dokunmatik-tipi-kapasitif","22":"pa_ekran-boyutu-18-5","23":"pa_gb-lan-2-adet","24":"pa_guc-girisi-24-vdc","25":"pa_islemci-frekansi-1-6-ghz","26":"pa_islemci-modeli-amd-g-series-t56n","27":"pa_islemci-sinifi-amd","28":"pa_line-ses-cikis-1-adet","29":"pa_mikrofon-giris-1-adet","30":"pa_on-panel-korumasi-ip65","31":"pa_ramtakili-4-gb","32":"pa_rs-232-1-adet","33":"pa_uretici-advantech","34":"pa_urun-gruplari-panel-pc","35":"pa_usb-2-0-1-adet","37":"first","38":"outofstock","39":"shipping-taxable","40":"product-type-variable"},"_links":{"self":[{"href":"https:\/\/lima.com.tr\/en\/wp-json\/wp\/v2\/product\/3017","targetHints":{"allow":["GET"]}}],"collection":[{"href":"https:\/\/lima.com.tr\/en\/wp-json\/wp\/v2\/product"}],"about":[{"href":"https:\/\/lima.com.tr\/en\/wp-json\/wp\/v2\/types\/product"}],"version-history":[{"count":3,"href":"https:\/\/lima.com.tr\/en\/wp-json\/wp\/v2\/product\/3017\/revisions"}],"predecessor-version":[{"id":3023,"href":"https:\/\/lima.com.tr\/en\/wp-json\/wp\/v2\/product\/3017\/revisions\/3023"}],"wp:featuredmedia":[{"embeddable":true,"href":"https:\/\/lima.com.tr\/en\/wp-json\/wp\/v2\/media\/3025"}],"wp:attachment":[{"href":"https:\/\/lima.com.tr\/en\/wp-json\/wp\/v2\/media?parent=3017"}],"wp:term":[{"taxonomy":"product_brand","embeddable":true,"href":"https:\/\/lima.com.tr\/en\/wp-json\/wp\/v2\/product_brand?post=3017"},{"taxonomy":"product_cat","embeddable":true,"href":"https:\/\/lima.com.tr\/en\/wp-json\/wp\/v2\/product_cat?post=3017"},{"taxonomy":"product_tag","embeddable":true,"href":"https:\/\/lima.com.tr\/en\/wp-json\/wp\/v2\/product_tag?post=3017"}],"curies":[{"name":"wp","href":"https:\/\/api.w.org\/{rel}","templated":true}]}}