{"id":3006,"date":"2019-07-03T08:34:42","date_gmt":"2019-07-03T08:34:42","guid":{"rendered":"http:\/\/lima.com.tr\/?post_type=product&#038;p=3006"},"modified":"2019-12-20T16:26:39","modified_gmt":"2019-12-20T13:26:39","slug":"fpm-2150g-r3be","status":"publish","type":"product","link":"https:\/\/lima.com.tr\/en\/shop\/endustriyel-bilisim\/endustriyel-ekranlar\/ip65-korumali-monitorler\/fpm-2150g-r3be\/","title":{"rendered":"FPM-2150G-R3BE"},"content":{"rendered":"<p><strong>G\u00f6r\u00fc\u015f a\u00e7\u0131s\u0131 (Yatay\/Dikey):<\/strong> 160\/140<\/p>\n<p><strong>\u00c7al\u0131\u015fma S\u0131cakl\u0131\u011f\u0131 :<\/strong> 0 ~ 50 \u00b0C<\/p>\n<p><strong>Depolama S\u0131cakl\u0131\u011f\u0131 :<\/strong> -20 ~ 60 \u00b0C<\/p>\n<p><strong>Nem :<\/strong> 10 ~ 95% @ 40 \u00b0C<\/p>\n<p><strong>Video Giri\u015f Portlar\u0131 :<\/strong> VGA<\/p>\n<p>&nbsp;<\/p>","protected":false},"excerpt":{"rendered":"<p>15&#8243; XGA Endustrial Monitor, Rezistif\u00a0 Dokunmatik Ekran, VGA<\/p>","protected":false},"featured_media":11179,"template":"","meta":[],"product_brand":[],"product_cat":[1656,39,1658,1675,112,1644,1642,115,1673],"product_tag":[45,44,47],"class_list":{"0":"post-3006","1":"product","2":"type-product","3":"status-publish","4":"has-post-thumbnail","6":"product_cat-akilli-sehir-altyapi","7":"product_cat-endustriyel-bilisim","8":"product_cat-endustriyel-ekranlar-akilli-sehir","9":"product_cat-endustriyel-ekranlar-uretim","10":"product_cat-endustriyel-ekranlar","11":"product_cat-endustriyel-ekranlar-guvenlik","12":"product_cat-guvenlik","13":"product_cat-ip65-korumali-monitorler","14":"product_cat-uretim","15":"product_tag-akilli-sehir","16":"product_tag-guvenlik","17":"product_tag-uretim","18":"pa_cozumler-ve-urunler-endustriyel-bilisim","19":"pa_cozunurluk-yatay-x-dikey-1024-x-768","20":"pa_dokunmatik-tipi-rezistif","21":"pa_ekran-boyutu-734","22":"pa_guc-girisi-12-vdc","23":"pa_kontrast-orani-852","24":"pa_on-panel-korumasi-ip65","25":"pa_parlaklik-855","26":"pa_tip-ip65-korumali-monitor","27":"pa_uretici-advantech","28":"pa_urun-gruplari-endustriyel-ekranlar","30":"first","31":"outofstock","32":"shipping-taxable","33":"product-type-variable"},"_links":{"self":[{"href":"https:\/\/lima.com.tr\/en\/wp-json\/wp\/v2\/product\/3006","targetHints":{"allow":["GET"]}}],"collection":[{"href":"https:\/\/lima.com.tr\/en\/wp-json\/wp\/v2\/product"}],"about":[{"href":"https:\/\/lima.com.tr\/en\/wp-json\/wp\/v2\/types\/product"}],"version-history":[{"count":1,"href":"https:\/\/lima.com.tr\/en\/wp-json\/wp\/v2\/product\/3006\/revisions"}],"predecessor-version":[{"id":3012,"href":"https:\/\/lima.com.tr\/en\/wp-json\/wp\/v2\/product\/3006\/revisions\/3012"}],"wp:featuredmedia":[{"embeddable":true,"href":"https:\/\/lima.com.tr\/en\/wp-json\/wp\/v2\/media\/11179"}],"wp:attachment":[{"href":"https:\/\/lima.com.tr\/en\/wp-json\/wp\/v2\/media?parent=3006"}],"wp:term":[{"taxonomy":"product_brand","embeddable":true,"href":"https:\/\/lima.com.tr\/en\/wp-json\/wp\/v2\/product_brand?post=3006"},{"taxonomy":"product_cat","embeddable":true,"href":"https:\/\/lima.com.tr\/en\/wp-json\/wp\/v2\/product_cat?post=3006"},{"taxonomy":"product_tag","embeddable":true,"href":"https:\/\/lima.com.tr\/en\/wp-json\/wp\/v2\/product_tag?post=3006"}],"curies":[{"name":"wp","href":"https:\/\/api.w.org\/{rel}","templated":true}]}}