{"id":2944,"date":"2019-07-03T06:47:32","date_gmt":"2019-07-03T06:47:32","guid":{"rendered":"http:\/\/lima.com.tr\/?post_type=product&#038;p=2944"},"modified":"2019-07-30T13:14:52","modified_gmt":"2019-07-30T13:14:52","slug":"tpc-1251h-e3ae","status":"publish","type":"product","link":"https:\/\/lima.com.tr\/en\/shop\/endustriyel-bilisim\/panel-pc\/atom-celeron-tabanli\/tpc-1251h-e3ae\/","title":{"rendered":"TPC-1251H-E3AE"},"content":{"rendered":"<p><strong>Parlakl\u0131k :<\/strong> 600 cd\/m2<\/p>\n<p><strong>G\u00f6r\u00fc\u015f a\u00e7\u0131s\u0131 (Yatay\/Dikey):<\/strong> 160\/140<\/p>\n<p><strong>Kontrast Oran\u0131 :<\/strong> 700<\/p>\n<p><strong>Geni\u015fleme Se\u00e7enekleri :<\/strong> 1 x tam boy mini PCIe<\/p>\n<p><strong>\u00c7al\u0131\u015fma S\u0131cakl\u0131\u011f\u0131 :<\/strong> -20 ~ 60 \u00b0C (geni\u015f s\u0131cakl\u0131k SSD ile)<\/p>\n<p><strong>Depolama S\u0131cakl\u0131\u011f\u0131 :<\/strong> -30 ~ 70 \u00b0C<\/p>\n<p><strong>Nem :<\/strong> 10 ~ 95% @ 40 \u00b0C<\/p>\n<p><strong>Sertifikalar :<\/strong> CE, FCC Class B, BSMI, UL<\/p>","protected":false},"excerpt":{"rendered":"<p>12,1&#8243; Fans\u0131z Panel PC w\/ Intel\u00ae Atom\u2122 E3827 CPU<\/p>","protected":false},"featured_media":2941,"template":"","meta":[],"product_brand":[],"product_cat":[1656,78,39,1642,1643,1657,704,1674,1673],"product_tag":[45,44,47],"class_list":{"0":"post-2944","1":"product","2":"type-product","3":"status-publish","4":"has-post-thumbnail","6":"product_cat-akilli-sehir-altyapi","7":"product_cat-atom-celeron-tabanli","8":"product_cat-endustriyel-bilisim","9":"product_cat-guvenlik","10":"product_cat-panel-pc-guvenlik","11":"product_cat-panel-pc-akilli-sehir","12":"product_cat-panel-pc","13":"product_cat-panel-pc-uretim","14":"product_cat-uretim","15":"product_tag-akilli-sehir","16":"product_tag-guvenlik","17":"product_tag-uretim","18":"pa_cozumler-ve-urunler-endustriyel-bilisim","19":"pa_cozunurluk-yatay-x-dikey-1024-x-768","20":"pa_depolama-secenekleri-1-x-2-5-ssd-opsiyonel","21":"pa_depolama-secenekleri-1-x-cfast","22":"pa_dokunmatik-tipi-rezistif","23":"pa_ekran-boyutu-12-1","24":"pa_gb-lan-2-adet","25":"pa_guc-girisi-24vdc--20","26":"pa_islemci-frekansi-1-75-ghz","27":"pa_islemci-modeli-intel-atom-e3827-dual-core","28":"pa_islemci-sinifi-intel-atom-celeron","29":"pa_line-ses-cikis-yok","30":"pa_mikrofon-giris-yok","31":"pa_on-panel-korumasi-ip65","32":"pa_ram-maks-8-gb","33":"pa_ramtakili-4-gb","34":"pa_rs-232-1-adet","35":"pa_rs-232-422-485-1-adet","36":"pa_uretici-advantech","37":"pa_urun-gruplari-panel-pc","38":"pa_usb-2-0-1-adet","39":"pa_usb-3-0-1-adet","41":"first","42":"outofstock","43":"shipping-taxable","44":"product-type-variable"},"_links":{"self":[{"href":"https:\/\/lima.com.tr\/en\/wp-json\/wp\/v2\/product\/2944","targetHints":{"allow":["GET"]}}],"collection":[{"href":"https:\/\/lima.com.tr\/en\/wp-json\/wp\/v2\/product"}],"about":[{"href":"https:\/\/lima.com.tr\/en\/wp-json\/wp\/v2\/types\/product"}],"version-history":[{"count":1,"href":"https:\/\/lima.com.tr\/en\/wp-json\/wp\/v2\/product\/2944\/revisions"}],"predecessor-version":[{"id":2945,"href":"https:\/\/lima.com.tr\/en\/wp-json\/wp\/v2\/product\/2944\/revisions\/2945"}],"wp:featuredmedia":[{"embeddable":true,"href":"https:\/\/lima.com.tr\/en\/wp-json\/wp\/v2\/media\/2941"}],"wp:attachment":[{"href":"https:\/\/lima.com.tr\/en\/wp-json\/wp\/v2\/media?parent=2944"}],"wp:term":[{"taxonomy":"product_brand","embeddable":true,"href":"https:\/\/lima.com.tr\/en\/wp-json\/wp\/v2\/product_brand?post=2944"},{"taxonomy":"product_cat","embeddable":true,"href":"https:\/\/lima.com.tr\/en\/wp-json\/wp\/v2\/product_cat?post=2944"},{"taxonomy":"product_tag","embeddable":true,"href":"https:\/\/lima.com.tr\/en\/wp-json\/wp\/v2\/product_tag?post=2944"}],"curies":[{"name":"wp","href":"https:\/\/api.w.org\/{rel}","templated":true}]}}