{"id":2925,"date":"2019-07-03T06:03:29","date_gmt":"2019-07-03T06:03:29","guid":{"rendered":"http:\/\/lima.com.tr\/?post_type=product&#038;p=2925"},"modified":"2019-07-30T13:18:58","modified_gmt":"2019-07-30T13:18:58","slug":"tpc-1782h-433ae","status":"publish","type":"product","link":"https:\/\/lima.com.tr\/en\/shop\/endustriyel-bilisim\/panel-pc\/core-i-tabanli\/tpc-1782h-433ae\/","title":{"rendered":"TPC-1782H-433AE"},"content":{"rendered":"<p><strong>Parlakl\u0131k :<\/strong> 350 cd\/m2<\/p>\n<p><strong>G\u00f6r\u00fc\u015f a\u00e7\u0131s\u0131 (Yatay\/Dikey):<\/strong> 160\/140<\/p>\n<p><strong>Kontrast Oran\u0131 :<\/strong> 800<\/p>\n<p><strong>Geni\u015fleme Se\u00e7enekleri :<\/strong> 1 x tam boy mini PCIe, 1 x yar\u0131m boy mini PCIe<\/p>\n<p><strong>\u00c7al\u0131\u015fma S\u0131cakl\u0131\u011f\u0131 :<\/strong> 0 ~ 55 \u00b0C (SSD ile)<\/p>\n<p><strong>Depolama S\u0131cakl\u0131\u011f\u0131 :<\/strong> -20 ~ 60 \u00b0C<\/p>\n<p><strong>Nem :<\/strong> 10 ~ 95% @ 40 \u00b0C<\/p>\n<p><strong>Sertifikalar :<\/strong> CE, FCC Class B, BSMI, UL<\/p>","protected":false},"excerpt":{"rendered":"<p>17&#8243; Fans\u0131z Panel PC w\/ Intel\u00ae Core\u2122 i3-4010U CPU<\/p>","protected":false},"featured_media":2927,"template":"","meta":[],"product_brand":[],"product_cat":[1656,79,39,1642,1674,1643,704,1657,1673],"product_tag":[45,44,47],"class_list":{"0":"post-2925","1":"product","2":"type-product","3":"status-publish","4":"has-post-thumbnail","6":"product_cat-akilli-sehir-altyapi","7":"product_cat-core-i-tabanli","8":"product_cat-endustriyel-bilisim","9":"product_cat-guvenlik","10":"product_cat-panel-pc-uretim","11":"product_cat-panel-pc-guvenlik","12":"product_cat-panel-pc","13":"product_cat-panel-pc-akilli-sehir","14":"product_cat-uretim","15":"product_tag-akilli-sehir","16":"product_tag-guvenlik","17":"product_tag-uretim","18":"pa_cozumler-ve-urunler-endustriyel-bilisim","19":"pa_cozunurluk-yatay-x-dikey-1024-x-768","20":"pa_depolama-secenekleri-1-x-2-5-ssd","21":"pa_depolama-secenekleri-1-x-cfast","22":"pa_dokunmatik-tipi-rezistif","23":"pa_ekran-boyutu-734","24":"pa_gb-lan-2-adet","25":"pa_guc-girisi-24vdc--20","26":"pa_islemci-frekansi-1-7-ghz","27":"pa_islemci-modeli-intel-core-i3-4010u","28":"pa_islemci-sinifi-intel-core-i","29":"pa_line-ses-cikis-1-adet","30":"pa_mikrofon-giris-1-adet-opsiyonel","31":"pa_on-panel-korumasi-ip65","32":"pa_ramtakili-4-gb","33":"pa_rs-232-1-adet","34":"pa_rs-232-422-485-1-adet","35":"pa_uretici-advantech","36":"pa_urun-gruplari-panel-pc","37":"pa_usb-2-0-yok","38":"pa_usb-3-0-2-adet","40":"first","41":"outofstock","42":"shipping-taxable","43":"product-type-variable"},"_links":{"self":[{"href":"https:\/\/lima.com.tr\/en\/wp-json\/wp\/v2\/product\/2925","targetHints":{"allow":["GET"]}}],"collection":[{"href":"https:\/\/lima.com.tr\/en\/wp-json\/wp\/v2\/product"}],"about":[{"href":"https:\/\/lima.com.tr\/en\/wp-json\/wp\/v2\/types\/product"}],"version-history":[{"count":1,"href":"https:\/\/lima.com.tr\/en\/wp-json\/wp\/v2\/product\/2925\/revisions"}],"predecessor-version":[{"id":2928,"href":"https:\/\/lima.com.tr\/en\/wp-json\/wp\/v2\/product\/2925\/revisions\/2928"}],"wp:featuredmedia":[{"embeddable":true,"href":"https:\/\/lima.com.tr\/en\/wp-json\/wp\/v2\/media\/2927"}],"wp:attachment":[{"href":"https:\/\/lima.com.tr\/en\/wp-json\/wp\/v2\/media?parent=2925"}],"wp:term":[{"taxonomy":"product_brand","embeddable":true,"href":"https:\/\/lima.com.tr\/en\/wp-json\/wp\/v2\/product_brand?post=2925"},{"taxonomy":"product_cat","embeddable":true,"href":"https:\/\/lima.com.tr\/en\/wp-json\/wp\/v2\/product_cat?post=2925"},{"taxonomy":"product_tag","embeddable":true,"href":"https:\/\/lima.com.tr\/en\/wp-json\/wp\/v2\/product_tag?post=2925"}],"curies":[{"name":"wp","href":"https:\/\/api.w.org\/{rel}","templated":true}]}}