{"id":2906,"date":"2019-07-03T05:24:21","date_gmt":"2019-07-03T05:24:21","guid":{"rendered":"http:\/\/lima.com.tr\/?post_type=product&#038;p=2906"},"modified":"2019-07-30T13:20:30","modified_gmt":"2019-07-30T13:20:30","slug":"tpc-61t-e3ae-copy","status":"publish","type":"product","link":"https:\/\/lima.com.tr\/en\/shop\/endustriyel-bilisim\/panel-pc\/arm-tabanli\/tpc-61t-e3ae-copy\/","title":{"rendered":"TPC-61T-E3AE"},"content":{"rendered":"<p><strong>Parlakl\u0131k :<\/strong> 450 cd\/m2<\/p>\n<p><strong>G\u00f6r\u00fc\u015f a\u00e7\u0131s\u0131 (Yatay x Dikey):<\/strong> 160\/140<\/p>\n<p><strong>Kontrast Oran\u0131 :<\/strong> 300<\/p>\n<p><strong>\u00c7al\u0131\u015fma S\u0131cakl\u0131\u011f\u0131 :<\/strong> 0 ~ 50 \u00b0C (SSD ile), 0 ~ 45 \u00b0C (HDD ile),<\/p>\n<p><strong>Depolama S\u0131cakl\u0131\u011f\u0131 :<\/strong> -20 ~ 60 \u00b0C<\/p>\n<p><strong>Nem :<\/strong> 10 ~ 95% @ 40 \u00b0C<\/p>\n<p><strong>Sertifikalar :<\/strong> CE, FCC Class B, BSMI, UL<\/p>\n<p><strong>Y\u00fckl\u00fc \u0130\u015fletim Sistemi : <\/strong>WinCE<\/p>","protected":false},"excerpt":{"rendered":"<p>6.5&#8243; Fans\u0131z Panel PC w\/ TI Cortex-A8 CPU<\/p>","protected":false},"featured_media":2907,"template":"","meta":[],"product_brand":[],"product_cat":[1656,77,39,1642,1643,704,1657,1674,1673],"product_tag":[45,44,47],"class_list":{"0":"post-2906","1":"product","2":"type-product","3":"status-publish","4":"has-post-thumbnail","6":"product_cat-akilli-sehir-altyapi","7":"product_cat-arm-tabanli","8":"product_cat-endustriyel-bilisim","9":"product_cat-guvenlik","10":"product_cat-panel-pc-guvenlik","11":"product_cat-panel-pc","12":"product_cat-panel-pc-akilli-sehir","13":"product_cat-panel-pc-uretim","14":"product_cat-uretim","15":"product_tag-akilli-sehir","16":"product_tag-guvenlik","17":"product_tag-uretim","18":"pa_cozumler-ve-urunler-endustriyel-bilisim","19":"pa_cozunurluk-yatay-x-dikey-320-x-240","20":"pa_depolama-secenekleri-1-x-sd-card-slot","21":"pa_depolama-secenekleri-1mbit-fram-veri-yedekleme","22":"pa_depolama-secenekleri-512mb-on-board-micro-sd-card","23":"pa_dokunmatik-tipi-rezistif","24":"pa_ekran-boyutu-3-5","25":"pa_guc-girisi-18-32-vdc","26":"pa_islemci-frekansi-600-mhz","27":"pa_islemci-modeli-ti-cortex-a8","28":"pa_islemci-sinifi-arm","29":"pa_lan-10-100-mbps-1-adet","30":"pa_line-ses-cikis-yok","31":"pa_mikrofon-giris-yok","32":"pa_on-panel-korumasi-ip65","33":"pa_ramtakili-256mb","34":"pa_rs-232-2-adet","35":"pa_rs-422-485-1-adet","36":"pa_uretici-advantech","37":"pa_urun-gruplari-panel-pc","38":"pa_usb-2-0-1-adet","40":"first","41":"outofstock","42":"shipping-taxable","43":"product-type-variable"},"_links":{"self":[{"href":"https:\/\/lima.com.tr\/en\/wp-json\/wp\/v2\/product\/2906","targetHints":{"allow":["GET"]}}],"collection":[{"href":"https:\/\/lima.com.tr\/en\/wp-json\/wp\/v2\/product"}],"about":[{"href":"https:\/\/lima.com.tr\/en\/wp-json\/wp\/v2\/types\/product"}],"version-history":[{"count":3,"href":"https:\/\/lima.com.tr\/en\/wp-json\/wp\/v2\/product\/2906\/revisions"}],"predecessor-version":[{"id":2911,"href":"https:\/\/lima.com.tr\/en\/wp-json\/wp\/v2\/product\/2906\/revisions\/2911"}],"wp:featuredmedia":[{"embeddable":true,"href":"https:\/\/lima.com.tr\/en\/wp-json\/wp\/v2\/media\/2907"}],"wp:attachment":[{"href":"https:\/\/lima.com.tr\/en\/wp-json\/wp\/v2\/media?parent=2906"}],"wp:term":[{"taxonomy":"product_brand","embeddable":true,"href":"https:\/\/lima.com.tr\/en\/wp-json\/wp\/v2\/product_brand?post=2906"},{"taxonomy":"product_cat","embeddable":true,"href":"https:\/\/lima.com.tr\/en\/wp-json\/wp\/v2\/product_cat?post=2906"},{"taxonomy":"product_tag","embeddable":true,"href":"https:\/\/lima.com.tr\/en\/wp-json\/wp\/v2\/product_tag?post=2906"}],"curies":[{"name":"wp","href":"https:\/\/api.w.org\/{rel}","templated":true}]}}