{"id":2873,"date":"2019-07-02T14:22:37","date_gmt":"2019-07-02T14:22:37","guid":{"rendered":"http:\/\/lima.com.tr\/?post_type=product&#038;p=2873"},"modified":"2019-07-30T13:22:14","modified_gmt":"2019-07-30T13:22:14","slug":"ppc-3181sw-p65a","status":"publish","type":"product","link":"https:\/\/lima.com.tr\/en\/shop\/endustriyel-bilisim\/panel-pc\/core-i-tabanli\/ppc-3181sw-p65a\/","title":{"rendered":"PPC-3181SW-P65A"},"content":{"rendered":"<p><strong>Parlakl\u0131k :<\/strong> 450 cd\/m2<\/p>\n<p><strong>G\u00f6r\u00fc\u015f a\u00e7\u0131s\u0131 :<\/strong> 85 (sol), 85 (sa\u011f), 80 (yukar\u0131dan), 80 (a\u015fa\u011f\u0131dan)<\/p>\n<p><strong>Kontrast Oran\u0131 :<\/strong> 1000<\/p>\n<p><strong>Geni\u015fleme Se\u00e7enekleri :<\/strong> 1 x mini PCIe<\/p>\n<p><strong>\u00c7al\u0131\u015fma S\u0131cakl\u0131\u011f\u0131 :<\/strong> 0 ~ 50 \u00b0C (SSD ile), 0 ~ 45 \u00b0C (HDD ile),<\/p>\n<p><strong>Depolama S\u0131cakl\u0131\u011f\u0131 :<\/strong> -20 ~ 60 \u00b0C<\/p>\n<p><strong>Nem :<\/strong> 10 ~ 95% @ 40 \u00b0C<\/p>\n<p><strong>Sertifikalar :<\/strong> CE, FCC Class B, BSMI, UL<\/p>","protected":false},"excerpt":{"rendered":"<p>18.5&#8243; Geni\u015f Ekran Fans\u0131z Panel PC w\/ Intel\u00ae Core\u2122 i5-6300U CPU<\/p>","protected":false},"featured_media":2877,"template":"","meta":[],"product_brand":[],"product_cat":[1656,79,39,1642,704,1674,1643,1657,1673],"product_tag":[45,44,47],"class_list":{"0":"post-2873","1":"product","2":"type-product","3":"status-publish","4":"has-post-thumbnail","6":"product_cat-akilli-sehir-altyapi","7":"product_cat-core-i-tabanli","8":"product_cat-endustriyel-bilisim","9":"product_cat-guvenlik","10":"product_cat-panel-pc","11":"product_cat-panel-pc-uretim","12":"product_cat-panel-pc-guvenlik","13":"product_cat-panel-pc-akilli-sehir","14":"product_cat-uretim","15":"product_tag-akilli-sehir","16":"product_tag-guvenlik","17":"product_tag-uretim","18":"pa_cozumler-ve-urunler-endustriyel-bilisim","19":"pa_cozunurluk-yatay-x-dikey-1366-x-768","20":"pa_depolama-secenekleri-1-x-2-5-ssd","21":"pa_depolama-secenekleri-1-x-msata","22":"pa_dokunmatik-tipi-kapasitif","23":"pa_ekran-boyutu-18-5","24":"pa_gb-lan-2-adet","25":"pa_guc-girisi-12-24-vdc","26":"pa_islemci-frekansi-2-4-ghz","27":"pa_islemci-modeli-intel-core-i5-6300u-dual-core","28":"pa_islemci-sinifi-intel-core-i","29":"pa_line-ses-cikis-yok","30":"pa_mikrofon-giris-yok","31":"pa_on-panel-korumasi-ip65","32":"pa_ram-maks-16-gb","33":"pa_rs-232-1-adet","34":"pa_rs-232-422-485-1-adet","35":"pa_uretici-advantech","36":"pa_urun-gruplari-panel-pc","37":"pa_usb-2-0-2-adet","38":"pa_usb-3-0-2-adet","40":"first","41":"outofstock","42":"shipping-taxable","43":"product-type-variable"},"_links":{"self":[{"href":"https:\/\/lima.com.tr\/en\/wp-json\/wp\/v2\/product\/2873","targetHints":{"allow":["GET"]}}],"collection":[{"href":"https:\/\/lima.com.tr\/en\/wp-json\/wp\/v2\/product"}],"about":[{"href":"https:\/\/lima.com.tr\/en\/wp-json\/wp\/v2\/types\/product"}],"version-history":[{"count":1,"href":"https:\/\/lima.com.tr\/en\/wp-json\/wp\/v2\/product\/2873\/revisions"}],"predecessor-version":[{"id":2878,"href":"https:\/\/lima.com.tr\/en\/wp-json\/wp\/v2\/product\/2873\/revisions\/2878"}],"wp:featuredmedia":[{"embeddable":true,"href":"https:\/\/lima.com.tr\/en\/wp-json\/wp\/v2\/media\/2877"}],"wp:attachment":[{"href":"https:\/\/lima.com.tr\/en\/wp-json\/wp\/v2\/media?parent=2873"}],"wp:term":[{"taxonomy":"product_brand","embeddable":true,"href":"https:\/\/lima.com.tr\/en\/wp-json\/wp\/v2\/product_brand?post=2873"},{"taxonomy":"product_cat","embeddable":true,"href":"https:\/\/lima.com.tr\/en\/wp-json\/wp\/v2\/product_cat?post=2873"},{"taxonomy":"product_tag","embeddable":true,"href":"https:\/\/lima.com.tr\/en\/wp-json\/wp\/v2\/product_tag?post=2873"}],"curies":[{"name":"wp","href":"https:\/\/api.w.org\/{rel}","templated":true}]}}