{"id":2749,"date":"2019-07-02T12:53:29","date_gmt":"2019-07-02T12:53:29","guid":{"rendered":"http:\/\/lima.com.tr\/?post_type=product&#038;p=2749"},"modified":"2019-07-30T13:28:49","modified_gmt":"2019-07-30T13:28:49","slug":"ppc-3120-re9a","status":"publish","type":"product","link":"https:\/\/lima.com.tr\/en\/shop\/endustriyel-bilisim\/panel-pc\/atom-celeron-tabanli\/ppc-3120-re9a\/","title":{"rendered":"PPC-3120-RE9A"},"content":{"rendered":"<p><strong>Parlakl\u0131k :<\/strong> 600 cd\/m2<\/p>\n<p><strong>G\u00f6r\u00fc\u015f a\u00e7\u0131s\u0131 :<\/strong> 80 (sol), 80 (sa\u011f), 70 (yukar\u0131dan), 70 (a\u015fa\u011f\u0131dan)<\/p>\n<p><strong>Kontrast Oran\u0131 :<\/strong> 700<\/p>\n<p><strong>Geni\u015fleme Se\u00e7enekleri :<\/strong> 1 x mini PCIe slot, 1 x PCIe x1 \/ 1 x PCI (opsiyonel)<\/p>\n<p><strong>\u00c7al\u0131\u015fma S\u0131cakl\u0131\u011f\u0131 :<\/strong> 0 ~ 50 \u00b0C (SSD ile) , 0 ~ 40 \u00b0C (HDD ile)<\/p>\n<p><strong>Depolama S\u0131cakl\u0131\u011f\u0131 :<\/strong> -40 ~ 60 \u00b0C<\/p>\n<p><strong>Nem :<\/strong> 10 ~ 95% @ 40 \u00b0C<\/p>\n<p><strong>Sertifikalar :<\/strong> CE, FCC Class B, BSMI, UL<\/p>","protected":false},"excerpt":{"rendered":"<p>12.1&#8243; Fans\u0131z Panel PC w\/ Intel\u00ae Atom\u2122 E3940 CPU<\/p>","protected":false},"featured_media":2724,"template":"","meta":[],"product_brand":[],"product_cat":[1656,78,39,1642,1657,704,1674,1643,1673],"product_tag":[45,44,47],"class_list":{"0":"post-2749","1":"product","2":"type-product","3":"status-publish","4":"has-post-thumbnail","6":"product_cat-akilli-sehir-altyapi","7":"product_cat-atom-celeron-tabanli","8":"product_cat-endustriyel-bilisim","9":"product_cat-guvenlik","10":"product_cat-panel-pc-akilli-sehir","11":"product_cat-panel-pc","12":"product_cat-panel-pc-uretim","13":"product_cat-panel-pc-guvenlik","14":"product_cat-uretim","15":"product_tag-akilli-sehir","16":"product_tag-guvenlik","17":"product_tag-uretim","18":"pa_cozumler-ve-urunler-endustriyel-bilisim","19":"pa_cozunurluk-yatay-x-dikey-1024-x-768","20":"pa_depolama-secenekleri-1-x-2-5-ssd","21":"pa_depolama-secenekleri-1-x-msata","22":"pa_dokunmatik-tipi-rezistif","23":"pa_ekran-boyutu-12-1","24":"pa_gb-lan-2-adet","25":"pa_guc-girisi-932-vdc","26":"pa_islemci-frekansi-1-6-ghz","27":"pa_islemci-modeli-intel-atom-e3940-quad-core","28":"pa_islemci-sinifi-intel-atom-celeron","29":"pa_line-ses-cikis-1-adet","30":"pa_mikrofon-giris-1-adet","31":"pa_on-panel-korumasi-ip65","32":"pa_ram-maks-8-gb","33":"pa_rs-232-4-adet","34":"pa_rs-422-485-1-adet","35":"pa_uretici-advantech","36":"pa_urun-gruplari-panel-pc","37":"pa_usb-3-0-4-adet","39":"first","40":"outofstock","41":"shipping-taxable","42":"product-type-variable"},"_links":{"self":[{"href":"https:\/\/lima.com.tr\/en\/wp-json\/wp\/v2\/product\/2749","targetHints":{"allow":["GET"]}}],"collection":[{"href":"https:\/\/lima.com.tr\/en\/wp-json\/wp\/v2\/product"}],"about":[{"href":"https:\/\/lima.com.tr\/en\/wp-json\/wp\/v2\/types\/product"}],"version-history":[{"count":1,"href":"https:\/\/lima.com.tr\/en\/wp-json\/wp\/v2\/product\/2749\/revisions"}],"predecessor-version":[{"id":2751,"href":"https:\/\/lima.com.tr\/en\/wp-json\/wp\/v2\/product\/2749\/revisions\/2751"}],"wp:featuredmedia":[{"embeddable":true,"href":"https:\/\/lima.com.tr\/en\/wp-json\/wp\/v2\/media\/2724"}],"wp:attachment":[{"href":"https:\/\/lima.com.tr\/en\/wp-json\/wp\/v2\/media?parent=2749"}],"wp:term":[{"taxonomy":"product_brand","embeddable":true,"href":"https:\/\/lima.com.tr\/en\/wp-json\/wp\/v2\/product_brand?post=2749"},{"taxonomy":"product_cat","embeddable":true,"href":"https:\/\/lima.com.tr\/en\/wp-json\/wp\/v2\/product_cat?post=2749"},{"taxonomy":"product_tag","embeddable":true,"href":"https:\/\/lima.com.tr\/en\/wp-json\/wp\/v2\/product_tag?post=2749"}],"curies":[{"name":"wp","href":"https:\/\/api.w.org\/{rel}","templated":true}]}}