{"id":19698,"date":"2026-02-27T16:28:39","date_gmt":"2026-02-27T13:28:39","guid":{"rendered":"https:\/\/lima.com.tr\/?post_type=product&#038;p=19698"},"modified":"2026-02-28T12:04:49","modified_gmt":"2026-02-28T09:04:49","slug":"advantech-ark-3535-kenar-bilgisayari","status":"publish","type":"product","link":"https:\/\/lima.com.tr\/en\/shop\/endustriyel-bilisim\/box-pc\/amd-tabanli-box-pc\/advantech-ark-3535-kenar-bilgisayari\/","title":{"rendered":"Advantech &#8211; ARK-3535 Kenar Uygulama Bilgisayar\u0131"},"content":{"rendered":"<div data-elementor-type=\"product-post\" data-elementor-id=\"19698\" class=\"elementor elementor-19698\" data-elementor-post-type=\"product\">\n\t\t\t\t\t\t<section class=\"elementor-section elementor-top-section elementor-element elementor-element-7ef00a2 elementor-section-boxed elementor-section-height-default elementor-section-height-default\" data-id=\"7ef00a2\" data-element_type=\"section\" data-e-type=\"section\">\n\t\t\t\t\t\t<div class=\"elementor-container elementor-column-gap-default\">\n\t\t\t\t\t<div class=\"elementor-column elementor-col-100 elementor-top-column elementor-element elementor-element-1c4ace7c\" data-id=\"1c4ace7c\" data-element_type=\"column\" data-e-type=\"column\">\n\t\t\t<div class=\"elementor-widget-wrap\">\n\t\t\t\t\t\t\t<\/div>\n\t\t<\/div>\n\t\t\t\t\t<\/div>\n\t\t<\/section>\n\t\t\t\t<section class=\"elementor-section elementor-top-section elementor-element elementor-element-4848db1 elementor-section-boxed elementor-section-height-default elementor-section-height-default\" data-id=\"4848db1\" data-element_type=\"section\" data-e-type=\"section\">\n\t\t\t\t\t\t<div class=\"elementor-container elementor-column-gap-default\">\n\t\t\t\t\t<div class=\"elementor-column elementor-col-50 elementor-top-column elementor-element elementor-element-9b5f0bb\" data-id=\"9b5f0bb\" data-element_type=\"column\" data-e-type=\"column\">\n\t\t\t<div class=\"elementor-widget-wrap elementor-element-populated\">\n\t\t\t\t\t\t<div class=\"elementor-element elementor-element-6753276 elementor-widget__width-initial elementor-widget-tablet__width-initial elementor-widget elementor-widget-image\" data-id=\"6753276\" data-element_type=\"widget\" data-e-type=\"widget\" data-widget_type=\"image.default\">\n\t\t\t\t<div class=\"elementor-widget-container\">\n\t\t\t\t\t\t\t\t\t\t\t\t\t\t\t<img fetchpriority=\"high\" decoding=\"async\" width=\"768\" height=\"768\" src=\"https:\/\/lima.com.tr\/wp-content\/uploads\/2026\/02\/Advantech-ARK-3535-Konnektorler-768x768.webp\" class=\"attachment-medium_large size-medium_large wp-image-19710\" alt=\"\" srcset=\"https:\/\/lima.com.tr\/wp-content\/uploads\/2026\/02\/Advantech-ARK-3535-Konnektorler-768x768.webp 768w, https:\/\/lima.com.tr\/wp-content\/uploads\/2026\/02\/Advantech-ARK-3535-Konnektorler-300x300.webp 300w, https:\/\/lima.com.tr\/wp-content\/uploads\/2026\/02\/Advantech-ARK-3535-Konnektorler-150x150.webp 150w, https:\/\/lima.com.tr\/wp-content\/uploads\/2026\/02\/Advantech-ARK-3535-Konnektorler-12x12.webp 12w, https:\/\/lima.com.tr\/wp-content\/uploads\/2026\/02\/Advantech-ARK-3535-Konnektorler-600x600.webp 600w, https:\/\/lima.com.tr\/wp-content\/uploads\/2026\/02\/Advantech-ARK-3535-Konnektorler-100x100.webp 100w, https:\/\/lima.com.tr\/wp-content\/uploads\/2026\/02\/Advantech-ARK-3535-Konnektorler.webp 1000w\" sizes=\"(max-width: 768px) 100vw, 768px\" \/>\t\t\t\t\t\t\t\t\t\t\t\t\t\t\t<\/div>\n\t\t\t\t<\/div>\n\t\t\t\t\t<\/div>\n\t\t<\/div>\n\t\t\t\t<div class=\"elementor-column elementor-col-50 elementor-top-column elementor-element elementor-element-f0f3161\" data-id=\"f0f3161\" data-element_type=\"column\" data-e-type=\"column\">\n\t\t\t<div class=\"elementor-widget-wrap elementor-element-populated\">\n\t\t\t\t\t\t<div class=\"elementor-element elementor-element-48fc25b elementor-widget-tablet__width-initial elementor-widget elementor-widget-text-editor\" data-id=\"48fc25b\" data-element_type=\"widget\" data-e-type=\"widget\" data-widget_type=\"text-editor.default\">\n\t\t\t\t<div class=\"elementor-widget-container\">\n\t\t\t\t\t\t\t\t\t<div style=\"text-align: justify;\"><p><strong>AMD Ryzen\u2122 8000<\/strong> i\u015flemciler, y\u00fcksek h\u0131zl\u0131 bellek, yerel yapay zeka i\u015fleme becerileriyle donat\u0131lm\u0131\u015f <strong>Advantech ARK 3535<\/strong>, \u00fcretim hatt\u0131n\u0131n her noktas\u0131nda daha ak\u0131ll\u0131, daha h\u0131zl\u0131 ve daha verimli \u00e7al\u0131\u015fmay\u0131 olanakl\u0131 k\u0131lar. Baz\u0131 \u00f6rnek uygulamalar a\u015fa\u011f\u0131da listelenmektedir:<\/p><ul><li><strong>Makine G\u00f6r\u00fc\u015f\u00fc:<\/strong> Daha h\u0131zl\u0131 g\u00f6r\u00fcnt\u00fc analizi ve do\u011fru incelemeler<\/li><li><strong>Robotik Kol:<\/strong> Ak\u0131c\u0131, duyarl\u0131 hareket ve hassas kontrol<\/li><li><strong>U\u00e7 A\u011f Ge\u00e7idi:<\/strong> \u00c7oklu sens\u00f6r ortamlar\u0131 i\u00e7in kararl\u0131, ger\u00e7ek zamanl\u0131 veri i\u015fleme<\/li><\/ul><\/div>\t\t\t\t\t\t\t\t<\/div>\n\t\t\t\t<\/div>\n\t\t\t\t\t<\/div>\n\t\t<\/div>\n\t\t\t\t\t<\/div>\n\t\t<\/section>\n\t\t\t\t<section class=\"elementor-section elementor-top-section elementor-element elementor-element-008bae8 elementor-section-boxed elementor-section-height-default elementor-section-height-default\" data-id=\"008bae8\" data-element_type=\"section\" data-e-type=\"section\">\n\t\t\t\t\t\t<div class=\"elementor-container elementor-column-gap-default\">\n\t\t\t\t\t<div class=\"elementor-column elementor-col-50 elementor-top-column elementor-element elementor-element-e2dd6dc\" data-id=\"e2dd6dc\" data-element_type=\"column\" data-e-type=\"column\">\n\t\t\t<div class=\"elementor-widget-wrap elementor-element-populated\">\n\t\t\t\t\t\t<div class=\"elementor-element elementor-element-af2a0fd elementor-widget-tablet__width-initial elementor-widget elementor-widget-text-editor\" data-id=\"af2a0fd\" data-element_type=\"widget\" data-e-type=\"widget\" data-widget_type=\"text-editor.default\">\n\t\t\t\t<div class=\"elementor-widget-container\">\n\t\t\t\t\t\t\t\t\t<div style=\"text-align: justify;\"><p>Y\u00fcksek h\u0131zl\u0131 bellek, yerel yapay zeka i\u015fleme ve end\u00fcstriyel s\u0131n\u0131f g\u00fcvenilirlik ile ARK 3535, \u00fcretim hatt\u0131n\u0131n her a\u015famas\u0131n\u0131n daha ak\u0131ll\u0131, daha h\u0131zl\u0131 ve daha verimli \u00e7al\u0131\u015fmas\u0131n\u0131 sa\u011flar.:<\/p><ul><li>AMD Ryzen\u2122 8640U\/8845HS \u0130\u015flemci Deste\u011fi<\/li><li>96 GB&#8217;a kadar DDR5-5600 SO-DIMM bellek deste\u011fi<\/li><li>2 x HDMI 2.1 + 1 x Type C (DP ALT modu) ile \u00fc\u00e7l\u00fc ekran \u00e7\u0131k\u0131\u015f\u0131<\/li><li>Kablosuz ba\u011flant\u0131 i\u00e7in M.2 E Key ve B Key<\/li><li>1 x GbE, 3 x 2.5 GbE, 6 x COM, 8 x USB, 16 bit GPIO, 2 x CANBus<\/li><li>B\u00fct\u00fcnle\u015fik TPM<\/li><li>2 x 2,5&#8243; SATA depolama ayg\u0131t\u0131<\/li><li>-20 ~ 50 \u00b0C geni\u015fletilmi\u015f \u00e7al\u0131\u015fma s\u0131cakl\u0131\u011f\u0131<\/li><\/ul><\/div>\t\t\t\t\t\t\t\t<\/div>\n\t\t\t\t<\/div>\n\t\t\t\t\t<\/div>\n\t\t<\/div>\n\t\t\t\t<div class=\"elementor-column elementor-col-50 elementor-top-column elementor-element elementor-element-c71f4e0\" data-id=\"c71f4e0\" data-element_type=\"column\" data-e-type=\"column\">\n\t\t\t<div class=\"elementor-widget-wrap elementor-element-populated\">\n\t\t\t\t\t\t<div class=\"elementor-element elementor-element-8a4c72f elementor-widget__width-initial elementor-widget-tablet__width-initial elementor-widget elementor-widget-image\" data-id=\"8a4c72f\" data-element_type=\"widget\" data-e-type=\"widget\" data-widget_type=\"image.default\">\n\t\t\t\t<div class=\"elementor-widget-container\">\n\t\t\t\t\t\t\t\t\t\t\t\t\t\t\t<img decoding=\"async\" width=\"768\" height=\"432\" src=\"https:\/\/lima.com.tr\/wp-content\/uploads\/2026\/02\/ARK-3535-LinkedIn-768x432.webp\" class=\"attachment-medium_large size-medium_large wp-image-19702\" alt=\"\" srcset=\"https:\/\/lima.com.tr\/wp-content\/uploads\/2026\/02\/ARK-3535-LinkedIn-768x432.webp 768w, https:\/\/lima.com.tr\/wp-content\/uploads\/2026\/02\/ARK-3535-LinkedIn-300x169.webp 300w, https:\/\/lima.com.tr\/wp-content\/uploads\/2026\/02\/ARK-3535-LinkedIn-1024x576.webp 1024w, https:\/\/lima.com.tr\/wp-content\/uploads\/2026\/02\/ARK-3535-LinkedIn-1536x864.webp 1536w, https:\/\/lima.com.tr\/wp-content\/uploads\/2026\/02\/ARK-3535-LinkedIn-18x10.webp 18w, https:\/\/lima.com.tr\/wp-content\/uploads\/2026\/02\/ARK-3535-LinkedIn-600x338.webp 600w, https:\/\/lima.com.tr\/wp-content\/uploads\/2026\/02\/ARK-3535-LinkedIn.webp 1920w\" sizes=\"(max-width: 768px) 100vw, 768px\" \/>\t\t\t\t\t\t\t\t\t\t\t\t\t\t\t<\/div>\n\t\t\t\t<\/div>\n\t\t\t\t\t<\/div>\n\t\t<\/div>\n\t\t\t\t\t<\/div>\n\t\t<\/section>\n\t\t\t\t<section class=\"elementor-section elementor-top-section elementor-element elementor-element-27c4a50 elementor-section-boxed elementor-section-height-default elementor-section-height-default\" data-id=\"27c4a50\" data-element_type=\"section\" data-e-type=\"section\">\n\t\t\t\t\t\t<div class=\"elementor-container elementor-column-gap-default\">\n\t\t\t\t\t<div class=\"elementor-column elementor-col-50 elementor-top-column elementor-element elementor-element-7278b29\" data-id=\"7278b29\" data-element_type=\"column\" data-e-type=\"column\">\n\t\t\t<div class=\"elementor-widget-wrap elementor-element-populated\">\n\t\t\t\t\t\t<div class=\"elementor-element elementor-element-ce4206d elementor-widget-tablet__width-initial elementor-widget elementor-widget-text-editor\" data-id=\"ce4206d\" data-element_type=\"widget\" data-e-type=\"widget\" data-widget_type=\"text-editor.default\">\n\t\t\t\t<div class=\"elementor-widget-container\">\n\t\t\t\t\t\t\t\t\t<div style=\"text-align: justify;\">Kompakt boyutlar, geni\u015f \u00e7al\u0131\u015fma s\u0131cakl\u0131\u011f\u0131, fans\u0131z \u00e7al\u0131\u015fma gibi \u00f6zellikler kenar uygulamalar\u0131n\u0131n gerek duydu\u011fu y\u00fcksek dayan\u0131m\u0131 sa\u011flar.<p>\u00a0<\/p><p>Fiziksel olarak geni\u015fletmek ve ek kart kullan\u0131m\u0131n\u0131 sa\u011flamak \u00fczere se\u00e7imli bir geni\u015flmeme kutusu da sunulmaktad\u0131r.<\/p><\/div>\t\t\t\t\t\t\t\t<\/div>\n\t\t\t\t<\/div>\n\t\t\t\t\t<\/div>\n\t\t<\/div>\n\t\t\t\t<div class=\"elementor-column elementor-col-50 elementor-top-column elementor-element elementor-element-ed01440\" data-id=\"ed01440\" data-element_type=\"column\" data-e-type=\"column\">\n\t\t\t<div class=\"elementor-widget-wrap elementor-element-populated\">\n\t\t\t\t\t\t<div class=\"elementor-element elementor-element-d5bcca3 elementor-widget__width-initial elementor-widget-tablet__width-initial elementor-widget elementor-widget-image\" data-id=\"d5bcca3\" data-element_type=\"widget\" data-e-type=\"widget\" data-widget_type=\"image.default\">\n\t\t\t\t<div class=\"elementor-widget-container\">\n\t\t\t\t\t\t\t\t\t\t\t\t\t\t\t<img decoding=\"async\" width=\"768\" height=\"650\" src=\"https:\/\/lima.com.tr\/wp-content\/uploads\/2026\/02\/Advantech-ARK-3535-Boyutlar-768x650.webp\" class=\"attachment-medium_large size-medium_large wp-image-19701\" alt=\"\" srcset=\"https:\/\/lima.com.tr\/wp-content\/uploads\/2026\/02\/Advantech-ARK-3535-Boyutlar-768x650.webp 768w, https:\/\/lima.com.tr\/wp-content\/uploads\/2026\/02\/Advantech-ARK-3535-Boyutlar-300x254.webp 300w, https:\/\/lima.com.tr\/wp-content\/uploads\/2026\/02\/Advantech-ARK-3535-Boyutlar-1024x866.webp 1024w, https:\/\/lima.com.tr\/wp-content\/uploads\/2026\/02\/Advantech-ARK-3535-Boyutlar-14x12.webp 14w, https:\/\/lima.com.tr\/wp-content\/uploads\/2026\/02\/Advantech-ARK-3535-Boyutlar-600x508.webp 600w, https:\/\/lima.com.tr\/wp-content\/uploads\/2026\/02\/Advantech-ARK-3535-Boyutlar.webp 1300w\" sizes=\"(max-width: 768px) 100vw, 768px\" \/>\t\t\t\t\t\t\t\t\t\t\t\t\t\t\t<\/div>\n\t\t\t\t<\/div>\n\t\t\t\t\t<\/div>\n\t\t<\/div>\n\t\t\t\t\t<\/div>\n\t\t<\/section>\n\t\t\t\t<\/div>","protected":false},"excerpt":{"rendered":"<p>Advantech &#8211; Fans\u0131z, Kenar Uygulamalar\u0131 Yapay Zeka Bilgisayar\u0131<\/p>\n<p>Otonom robotik ve fabrika \u00fcretim sahalar\u0131nda g\u00fcvenilir operasyonlar i\u00e7in geli\u015ftirilmi\u015f kompakt bilgisayar, AMD Ryzen\u2122 8000 \u0130\u015flemci Ailesi<\/p>","protected":false},"featured_media":19699,"template":"","meta":[],"product_brand":[],"product_cat":[1656,1580,1635,1687,80,1645,1659,39,1642,1684,1626],"product_tag":[44,46,43],"class_list":{"0":"post-19698","1":"product","2":"type-product","3":"status-publish","4":"has-post-thumbnail","6":"product_cat-akilli-sehir-altyapi","7":"product_cat-amd-tabanli-box-pc","8":"product_cat-box-pc-ulasim","9":"product_cat-box-pc-savunma","10":"product_cat-box-pc","11":"product_cat-box-pc-guvenlik","12":"product_cat-box-pc-akilli-sehir","13":"product_cat-endustriyel-bilisim","14":"product_cat-guvenlik","15":"product_cat-savunma","16":"product_cat-ulasim","17":"product_tag-guvenlik","18":"product_tag-savunma","19":"product_tag-ulasim","20":"pa_depolama-secenekleri-2-x-2-5-ssd-hdd","21":"pa_digital-i-o-16-bit-en","22":"pa_gb-lan-1-adet","23":"pa_genisleme-secenekleri-1-x-m-2-e-key-2230","24":"pa_genisleme-secenekleri-1xmoduler_genisleme_yuvasi","25":"pa_genisleme-secenekleri-1x-m-2-2280-m-key","26":"pa_grafik-cikisi-1-x-type-c","27":"pa_grafik-cikisi-2-x-hdmi","28":"pa_guc-girisi-9-36-vdc-en","29":"pa_islemci-modeli-ryzen-5-pro-8640u","30":"pa_islemci-modeli-ryzen-7-pro-8845hs","31":"pa_islemci-sinifi-amd-ryzen","32":"pa_ram-maks-96-gb","33":"pa_rs-232-422-485-6-adet","34":"pa_uretici-advantech","35":"pa_urun-gruplari-box-pc","36":"pa_usb-2-0-4-adet","37":"pa_usb-3-0-1-adet","39":"first","40":"outofstock","41":"shipping-taxable","42":"product-type-simple"},"_links":{"self":[{"href":"https:\/\/lima.com.tr\/en\/wp-json\/wp\/v2\/product\/19698","targetHints":{"allow":["GET"]}}],"collection":[{"href":"https:\/\/lima.com.tr\/en\/wp-json\/wp\/v2\/product"}],"about":[{"href":"https:\/\/lima.com.tr\/en\/wp-json\/wp\/v2\/types\/product"}],"version-history":[{"count":5,"href":"https:\/\/lima.com.tr\/en\/wp-json\/wp\/v2\/product\/19698\/revisions"}],"predecessor-version":[{"id":19725,"href":"https:\/\/lima.com.tr\/en\/wp-json\/wp\/v2\/product\/19698\/revisions\/19725"}],"wp:featuredmedia":[{"embeddable":true,"href":"https:\/\/lima.com.tr\/en\/wp-json\/wp\/v2\/media\/19699"}],"wp:attachment":[{"href":"https:\/\/lima.com.tr\/en\/wp-json\/wp\/v2\/media?parent=19698"}],"wp:term":[{"taxonomy":"product_brand","embeddable":true,"href":"https:\/\/lima.com.tr\/en\/wp-json\/wp\/v2\/product_brand?post=19698"},{"taxonomy":"product_cat","embeddable":true,"href":"https:\/\/lima.com.tr\/en\/wp-json\/wp\/v2\/product_cat?post=19698"},{"taxonomy":"product_tag","embeddable":true,"href":"https:\/\/lima.com.tr\/en\/wp-json\/wp\/v2\/product_tag?post=19698"}],"curies":[{"name":"wp","href":"https:\/\/api.w.org\/{rel}","templated":true}]}}