{"id":19586,"date":"2026-01-29T09:31:45","date_gmt":"2026-01-29T06:31:45","guid":{"rendered":"https:\/\/lima.com.tr\/?post_type=product&#038;p=19586"},"modified":"2026-02-02T16:28:16","modified_gmt":"2026-02-02T13:28:16","slug":"kowa-dayanikli-lens-lm8hcv","status":"publish","type":"product","link":"https:\/\/lima.com.tr\/en\/shop\/is-ortak\/kowa\/c-mount-lens\/kowa-dayanikli-lens-lm8hcv\/","title":{"rendered":"Kowa Lens LM8HC-V-1-5MP"},"content":{"rendered":"<div data-elementor-type=\"product-post\" data-elementor-id=\"19586\" class=\"elementor elementor-19586\" data-elementor-post-type=\"product\">\n\t\t\t\t<div class=\"elementor-element elementor-element-9bfac4d e-flex e-con-boxed e-con e-parent\" data-id=\"9bfac4d\" data-element_type=\"container\" data-e-type=\"container\">\n\t\t\t\t\t<div class=\"e-con-inner\">\n\t\t\t\t<div class=\"elementor-element elementor-element-9215b98 elementor-widget elementor-widget-heading\" data-id=\"9215b98\" data-element_type=\"widget\" data-e-type=\"widget\" data-widget_type=\"heading.default\">\n\t\t\t\t<div class=\"elementor-widget-container\">\n\t\t\t\t\t<h2 class=\"elementor-heading-title elementor-size-default\">Kowa LM8HC-V - Y\u00fcksek Dayan\u0131ml\u0131 Lens<\/h2>\t\t\t\t<\/div>\n\t\t\t\t<\/div>\n\t\t\t\t\t<\/div>\n\t\t\t\t<\/div>\n\t\t<div class=\"elementor-element elementor-element-523dd13a e-flex e-con-boxed e-con e-parent\" data-id=\"523dd13a\" data-element_type=\"container\" data-e-type=\"container\">\n\t\t\t\t\t<div class=\"e-con-inner\">\n\t\t<div class=\"elementor-element elementor-element-ec1e793 e-con-full e-flex e-con e-child\" data-id=\"ec1e793\" data-element_type=\"container\" data-e-type=\"container\">\n\t\t\t\t<div class=\"elementor-element elementor-element-32866ec elementor-widget elementor-widget-text-editor\" data-id=\"32866ec\" data-element_type=\"widget\" data-e-type=\"widget\" data-widget_type=\"text-editor.default\">\n\t\t\t\t<div class=\"elementor-widget-container\">\n\t\t\t\t\t\t\t\t\t<div style=\"text-align: justify;\">1&#8243; objektif format\u0131 ve 5MP \u00e7\u00f6z\u00fcn\u00fcrl\u00fck sunan y\u00fcksek dayan\u0131ml\u0131 HC-V lens serisi lensler, son derece keskin ve ayr\u0131nt\u0131l\u0131 g\u00f6r\u00fcnt\u00fc elde etmeyi sa\u011flarlar. Titre\u015fime ve darbelere kar\u015f\u0131 \u00fcst\u00fcn diren\u00e7 kazand\u0131ran sa\u011flam bir mekanik tasar\u0131mla \u00fcretildikleri i\u00e7in en zorlu ko\u015fullarda bile g\u00fcvenilir performans sa\u011flarlar. Ayr\u0131ca, de\u011fi\u015ftirilebilir diyafram plakalar\u0131 ve hassas odak ayar\u0131 i\u00e7in iki y\u00f6nl\u00fc ters \u00e7evrilebilir somun ile tasarlanm\u0131\u015ft\u0131r. Lens g\u00f6vdesinin yap\u0131\u015ft\u0131r\u0131c\u0131 ile sabitlenmesiyle elde edilen geli\u015fmi\u015f stabilite, \u00e7ok \u00e7e\u015fitli end\u00fcstriyel uygulamalar i\u00e7in uzun \u00f6m\u00fcrl\u00fc dayan\u0131kl\u0131l\u0131k sa\u011flar.<\/div>\t\t\t\t\t\t\t\t<\/div>\n\t\t\t\t<\/div>\n\t\t\t\t<\/div>\n\t\t\t\t\t<\/div>\n\t\t\t\t<\/div>\n\t\t<div class=\"elementor-element elementor-element-72d34c5 e-flex e-con-boxed e-con e-parent\" data-id=\"72d34c5\" data-element_type=\"container\" data-e-type=\"container\">\n\t\t\t\t\t<div class=\"e-con-inner\">\n\t\t\t\t<div class=\"elementor-element elementor-element-bd67103 elementor-widget elementor-widget-text-editor\" data-id=\"bd67103\" data-element_type=\"widget\" data-e-type=\"widget\" data-widget_type=\"text-editor.default\">\n\t\t\t\t<div class=\"elementor-widget-container\">\n\t\t\t\t\t\t\t\t\t<p><strong style=\"font-size: 18px;\">LM8HC-V &#8211; Teknik \u00d6zellikleri<\/strong>\u00a0<\/p><ul><li>1&#8243; C-mount End\u00fcstriyel Lens<\/li><li>5 Megapiksel<\/li><li>8 mm Odak uzakl\u0131\u011f\u0131<\/li><li>5,0 \u03bcm&#8217;den ba\u015flayan piksel boyutuna sahip sens\u00f6rler i\u00e7in<\/li><li>Sony IMX174, CMOSIS CMV4000 ve Sony IMX249 sens\u00f6rleri ve daha bir\u00e7ok sens\u00f6r i\u00e7in uygundur<\/li><li>K\u00f6\u015felerde \u00e7ok iyi parlakl\u0131k<\/li><li>G\u00fc\u00e7l\u00fc titre\u015fim ve darbelere maruz kalan ortamlarda kullan\u0131ma uygun tasar\u0131m<\/li><li>Odak sabitleme i\u00e7in vida yerine kilit somunu kullan\u0131m\u0131<\/li><li>T\u00fcm i\u00e7 cam elemanlar\u0131n yap\u0131\u015ft\u0131r\u0131larak stabilitenin artt\u0131r\u0131lmas\u0131<\/li><\/ul>\t\t\t\t\t\t\t\t<\/div>\n\t\t\t\t<\/div>\n\t\t\t\t\t<\/div>\n\t\t\t\t<\/div>\n\t\t<div class=\"elementor-element elementor-element-da0ec1b e-flex e-con-boxed e-con e-parent\" data-id=\"da0ec1b\" data-element_type=\"container\" data-e-type=\"container\">\n\t\t\t\t\t<div class=\"e-con-inner\">\n\t\t<div class=\"elementor-element elementor-element-ad82585 e-con-full e-flex e-con e-child\" data-id=\"ad82585\" data-element_type=\"container\" data-e-type=\"container\">\n\t\t\t\t<div class=\"elementor-element elementor-element-8ff2199 elementor-widget elementor-widget-text-editor\" data-id=\"8ff2199\" data-element_type=\"widget\" data-e-type=\"widget\" data-widget_type=\"text-editor.default\">\n\t\t\t\t<div class=\"elementor-widget-container\">\n\t\t\t\t\t\t\t\t\t<div style=\"text-align: justify;\"><div style=\"text-align: justify;\"><p>HC-V Serisi lenslerin odak uzakl\u0131\u011f\u0131 8 dahil olmak \u00fczere 12, 16, 25, 35 ve 50mm. olarak alt\u0131 adet modeli bulunmaktad\u0131r:<\/p><h4 style=\"font-size: 15px; line-height: 0.6;\">LM8HC-V<\/h4><h4 style=\"font-size: 15px; line-height: 0.6;\">LM12HC-V<\/h4><h4 style=\"font-size: 15px; line-height: 0.6;\">LM16HC-V<\/h4><h4 style=\"font-size: 15px; line-height: 0.6;\">LM25HC-V<\/h4><h4 style=\"font-size: 15px; line-height: 0.6;\">LM35HC-V<\/h4><h4 style=\"font-size: 15px; line-height: 0.6;\">LM50HC-V<\/h4><\/div><\/div>\t\t\t\t\t\t\t\t<\/div>\n\t\t\t\t<\/div>\n\t\t\t\t<\/div>\n\t\t<div class=\"elementor-element elementor-element-b556f59 e-con-full e-flex e-con e-child\" data-id=\"b556f59\" data-element_type=\"container\" data-e-type=\"container\">\n\t\t\t\t<div class=\"elementor-element elementor-element-d6f0235 elementor-widget elementor-widget-image\" data-id=\"d6f0235\" data-element_type=\"widget\" data-e-type=\"widget\" data-widget_type=\"image.default\">\n\t\t\t\t<div class=\"elementor-widget-container\">\n\t\t\t\t\t\t\t\t\t\t\t\t<figure class=\"wp-caption\">\n\t\t\t\t\t\t\t\t\t\t<img decoding=\"async\" src=\"https:\/\/lima.com.tr\/wp-content\/uploads\/2026\/01\/kow-hc-v-serisi.webp\" title=\"Kowa HC-V Serisi Lensler\" alt=\"Kowa HC-V Serisi Lensler\" loading=\"lazy\" \/>\t\t\t\t\t\t\t\t\t\t\t<figcaption class=\"widget-image-caption wp-caption-text\"><\/figcaption>\n\t\t\t\t\t\t\t\t\t\t<\/figure>\n\t\t\t\t\t\t\t\t\t<\/div>\n\t\t\t\t<\/div>\n\t\t\t\t<\/div>\n\t\t\t\t\t<\/div>\n\t\t\t\t<\/div>\n\t\t\t\t<\/div>","protected":false},"excerpt":{"rendered":"<p>Kowa Y\u00fcksek Dayan\u0131ml\u0131 Lens: Sens\u00f6r 1&#8243;, Odak Uzakl\u0131\u011f\u0131 8 mm, F-Stop 1.4, C-Mount Montaj<\/p>","protected":false},"featured_media":19594,"template":"","meta":[],"product_brand":[],"product_cat":[4056,159,1642,4055,1648,157,1662,1637,1679,1673,42],"product_tag":[45,44,43,47],"class_list":{"0":"post-19586","1":"product","2":"type-product","3":"status-publish","4":"has-post-thumbnail","6":"product_cat-c-mount-lens","7":"product_cat-c-mount-lensler","8":"product_cat-guvenlik","9":"product_cat-kowa","10":"product_cat-lensler-guvenlik","11":"product_cat-lensler","12":"product_cat-lensler-akilli-sehir","13":"product_cat-lensler-ulasim","14":"product_cat-lensler-uretim","15":"product_cat-uretim","16":"product_cat-yapay-gorme","17":"product_tag-akilli-sehir","18":"product_tag-guvenlik","19":"product_tag-ulasim","20":"product_tag-uretim","21":"pa_cozumler-ve-urunler-yapay-gorme","22":"pa_dalga-boyu-araligi-vis","23":"pa_min-f-number-f1-4","24":"pa_montaj-tipi-c-mount","25":"pa_odak-uzunlugu-25-mm","26":"pa_sensor-boyu-347","27":"pa_tip-sabit-odak-uzunlugu","28":"pa_uretici-kowa","29":"pa_urun-gruplari-lensler","31":"first","32":"outofstock","33":"shipping-taxable","34":"product-type-simple"},"_links":{"self":[{"href":"https:\/\/lima.com.tr\/en\/wp-json\/wp\/v2\/product\/19586","targetHints":{"allow":["GET"]}}],"collection":[{"href":"https:\/\/lima.com.tr\/en\/wp-json\/wp\/v2\/product"}],"about":[{"href":"https:\/\/lima.com.tr\/en\/wp-json\/wp\/v2\/types\/product"}],"version-history":[{"count":5,"href":"https:\/\/lima.com.tr\/en\/wp-json\/wp\/v2\/product\/19586\/revisions"}],"predecessor-version":[{"id":19636,"href":"https:\/\/lima.com.tr\/en\/wp-json\/wp\/v2\/product\/19586\/revisions\/19636"}],"wp:featuredmedia":[{"embeddable":true,"href":"https:\/\/lima.com.tr\/en\/wp-json\/wp\/v2\/media\/19594"}],"wp:attachment":[{"href":"https:\/\/lima.com.tr\/en\/wp-json\/wp\/v2\/media?parent=19586"}],"wp:term":[{"taxonomy":"product_brand","embeddable":true,"href":"https:\/\/lima.com.tr\/en\/wp-json\/wp\/v2\/product_brand?post=19586"},{"taxonomy":"product_cat","embeddable":true,"href":"https:\/\/lima.com.tr\/en\/wp-json\/wp\/v2\/product_cat?post=19586"},{"taxonomy":"product_tag","embeddable":true,"href":"https:\/\/lima.com.tr\/en\/wp-json\/wp\/v2\/product_tag?post=19586"}],"curies":[{"name":"wp","href":"https:\/\/api.w.org\/{rel}","templated":true}]}}