{"id":19428,"date":"2026-01-23T10:12:51","date_gmt":"2026-01-23T07:12:51","guid":{"rendered":"https:\/\/lima.com.tr\/?post_type=product&#038;p=19428"},"modified":"2026-01-23T12:20:14","modified_gmt":"2026-01-23T09:20:14","slug":"nuvo-10109gc","status":"publish","type":"product","link":"https:\/\/lima.com.tr\/en\/shop\/endustriyel-bilisim\/box-pc\/core-i-tabanli-box-pc\/nuvo-10109gc\/","title":{"rendered":"Nuvo-10109GC"},"content":{"rendered":"<div data-elementor-type=\"product-post\" data-elementor-id=\"19428\" class=\"elementor elementor-19428\" data-elementor-post-type=\"product\">\n\t\t\t\t<div class=\"elementor-element elementor-element-4a365823 e-flex e-con-boxed e-con e-parent\" data-id=\"4a365823\" data-element_type=\"container\" data-e-type=\"container\">\n\t\t\t\t\t<div class=\"e-con-inner\">\n\t\t\t\t<div class=\"elementor-element elementor-element-6c5d305 elementor-widget elementor-widget-heading\" data-id=\"6c5d305\" data-element_type=\"widget\" data-e-type=\"widget\" data-widget_type=\"heading.default\">\n\t\t\t\t<div class=\"elementor-widget-container\">\n\t\t\t\t\t<h2 class=\"elementor-heading-title elementor-size-default\"><h1 style=\"font-family: Roboto\"><span style=\"font-size: 20pt;font-weight: bolder\">Nuvo-10109GC; Blackwell GPU Platformu<\/span><\/h1><\/h2>\t\t\t\t<\/div>\n\t\t\t\t<\/div>\n\t\t\t\t<div class=\"elementor-element elementor-element-2e5a238 elementor-widget elementor-widget-text-editor\" data-id=\"2e5a238\" data-element_type=\"widget\" data-e-type=\"widget\" data-widget_type=\"text-editor.default\">\n\t\t\t\t<div class=\"elementor-widget-container\">\n\t\t\t\t\t\t\t\t\t<p style=\"text-align: justify;\"><strong>Nuvo-10109GC,<\/strong> NVIDIA&#8217;n\u0131n 600W Blackwell GPU&#8217;sunu desteklemek \u00fczere tasarlanm\u0131\u015f, y\u00fcksek performansl\u0131 bir kenar yapay zeka platformudur. Sistem, FP4 LLM \u00e7\u0131kar\u0131m\u0131 ve \u00fcretken yapay zeka i\u00e7in 4000 AI TOPS&#8217;a kadar veya yapay g\u00f6rme ve otonom i\u015f y\u00fckleri i\u00e7in 125 TFLOPS&#8217;a kadar performans sunar. Kritik ortamlarda kullan\u0131lmak \u00fczere tasarlanm\u0131\u015ft\u0131r; verimli g\u00fc\u00e7 da\u011f\u0131t\u0131m\u0131, farkl\u0131 G\/\u00c7 ve alg\u0131lama gereksinimleri i\u00e7in esnek geni\u015fleme sunar.\u00a0 \u00d6zel kilit mekanizmal\u0131 GPU yuvas\u0131 sayesinde \u015fok ve tire\u015fime i\u00e7in MIL-STD-810H uyumludur.<\/p>\t\t\t\t\t\t\t\t<\/div>\n\t\t\t\t<\/div>\n\t\t<div class=\"elementor-element elementor-element-777e483 e-con-full e-flex e-con e-child\" data-id=\"777e483\" data-element_type=\"container\" data-e-type=\"container\">\n\t\t\t\t<div class=\"elementor-element elementor-element-10aa863 elementor-widget elementor-widget-image\" data-id=\"10aa863\" data-element_type=\"widget\" data-e-type=\"widget\" data-widget_type=\"image.default\">\n\t\t\t\t<div class=\"elementor-widget-container\">\n\t\t\t\t\t\t\t\t\t\t\t\t\t\t\t<img fetchpriority=\"high\" decoding=\"async\" width=\"800\" height=\"400\" src=\"https:\/\/lima.com.tr\/wp-content\/uploads\/2026\/01\/Nuvo-10109GC-Nvidia-Blackwell-1024x512.webp\" class=\"attachment-large size-large wp-image-19450\" alt=\"Nuvo 10109GC Nvidia Blackwell GPU Platformu\" srcset=\"https:\/\/lima.com.tr\/wp-content\/uploads\/2026\/01\/Nuvo-10109GC-Nvidia-Blackwell-1024x512.webp 1024w, https:\/\/lima.com.tr\/wp-content\/uploads\/2026\/01\/Nuvo-10109GC-Nvidia-Blackwell-300x150.webp 300w, https:\/\/lima.com.tr\/wp-content\/uploads\/2026\/01\/Nuvo-10109GC-Nvidia-Blackwell-768x384.webp 768w, https:\/\/lima.com.tr\/wp-content\/uploads\/2026\/01\/Nuvo-10109GC-Nvidia-Blackwell-1536x768.webp 1536w, https:\/\/lima.com.tr\/wp-content\/uploads\/2026\/01\/Nuvo-10109GC-Nvidia-Blackwell-18x9.webp 18w, https:\/\/lima.com.tr\/wp-content\/uploads\/2026\/01\/Nuvo-10109GC-Nvidia-Blackwell-600x300.webp 600w, https:\/\/lima.com.tr\/wp-content\/uploads\/2026\/01\/Nuvo-10109GC-Nvidia-Blackwell.webp 2000w\" sizes=\"(max-width: 800px) 100vw, 800px\" \/>\t\t\t\t\t\t\t\t\t\t\t\t\t\t\t<\/div>\n\t\t\t\t<\/div>\n\t\t\t\t<div class=\"elementor-element elementor-element-77573d82 elementor-widget elementor-widget-text-editor\" data-id=\"77573d82\" data-element_type=\"widget\" data-e-type=\"widget\" data-widget_type=\"text-editor.default\">\n\t\t\t\t<div class=\"elementor-widget-container\">\n\t\t\t\t\t\t\t\t\t<p style=\"text-align: justify;\">Farkl\u0131 ko\u015fullarda 600W&#8217;l\u0131k bir GPU&#8217;yu desteklemek i\u00e7in Nuvo-10109GC, hem sistemin hem de GPU&#8217;nun y\u00fcksek g\u00fc\u00e7 gereksinimlerini kar\u015f\u0131layan, yeterli g\u00fc\u00e7 kapasitesi ve geli\u015fmi\u015f anl\u0131k tepki sa\u011flayan yepyeni bir g\u00fc\u00e7 \u00fcnitesi tasar\u0131m\u0131na sahiptir. 9V ila 32V DC geni\u015f voltaj aral\u0131\u011f\u0131nda tam nominal g\u00fc\u00e7 \u00e7\u0131k\u0131\u015f\u0131n\u0131 koruyarak 12V ve 24V kullanan ara\u00e7lar\u0131n g\u00fc\u00e7 kaynaklar\u0131yla do\u011frudan uyumluluk sa\u011flar. Voltaj dalgalanmalar\u0131 alt\u0131nda kararl\u0131 \u00e7al\u0131\u015fma g\u00fcvencesi sa\u011flar.\u00a0<\/p><p>Zengin y\u00fcksek bant geni\u015fli\u011fine sahip G\/\u00c7 geni\u015fletme aray\u00fczleri sayesinde, modern yapay zeka modelleri ve \u00e7oklu sens\u00f6r f\u00fczyonu taraf\u0131ndan ihtiya\u00e7 duyulan b\u00fcy\u00fck veri ak\u0131\u015flar\u0131n\u0131 i\u015fleyebilir. \u0130leti\u015fim i\u00e7in 10 GbE ve 1 GbE Ethernet portlar\u0131na, \u00f6nden eri\u015filebilir 2,5 in\u00e7 SATA s\u00fcr\u00fcc\u00fc yuvas\u0131na ve ger\u00e7ek zamanl\u0131 veri kayd\u0131 i\u00e7in iste\u011fe ba\u011fl\u0131 M.2 2280 Gen4x4 NVMe yuvas\u0131na sahiptir.\u00a0<\/p><p style=\"text-align: justify;\">\u00a0<\/p><p style=\"text-align: justify;\">\u00a0<\/p>\t\t\t\t\t\t\t\t<\/div>\n\t\t\t\t<\/div>\n\t\t\t\t<\/div>\n\t\t\t\t\t<\/div>\n\t\t\t\t<\/div>\n\t\t<div class=\"elementor-element elementor-element-7000a2a e-flex e-con-boxed e-con e-parent\" data-id=\"7000a2a\" data-element_type=\"container\" data-e-type=\"container\">\n\t\t\t\t\t<div class=\"e-con-inner\">\n\t\t<div class=\"elementor-element elementor-element-a960258 e-con-full e-flex e-con e-child\" data-id=\"a960258\" data-element_type=\"container\" data-e-type=\"container\">\n\t\t\t\t<div class=\"elementor-element elementor-element-0f85f12 elementor-widget elementor-widget-heading\" data-id=\"0f85f12\" data-element_type=\"widget\" data-e-type=\"widget\" data-widget_type=\"heading.default\">\n\t\t\t\t<div class=\"elementor-widget-container\">\n\t\t\t\t\t<h2 class=\"elementor-heading-title elementor-size-default\">\u00d6zellikler ve Konnekt\u00f6rler<\/h2>\t\t\t\t<\/div>\n\t\t\t\t<\/div>\n\t\t\t\t<div class=\"elementor-element elementor-element-11a0f9e elementor-widget elementor-widget-text-editor\" data-id=\"11a0f9e\" data-element_type=\"widget\" data-e-type=\"widget\" data-widget_type=\"text-editor.default\">\n\t\t\t\t<div class=\"elementor-widget-container\">\n\t\t\t\t\t\t\t\t\t<ul><li>Gen4 x16, \u00f6zel GPU kilitli,\u00a0 1 x 600W GPU yuvas\u0131<\/li><li>Intel\u00ae 14.\/ 13.\/ 12. Nesil Core\u2122 35W\/ 65W LGA1700 CPU<\/li><li>128GB&#8217;a kadar DDR5 4800 (2x SODIMM)<\/li><li>Ek kartlar i\u00e7in Gen3 x4 sinyalli \u00fc\u00e7 adet x8 PCIe yuvas\u0131<\/li><li>6x USB 3.2, 2x 2.5GbE, 1x GbE ve 1x iste\u011fe ba\u011fl\u0131 10GbE<\/li><li>1x 2,5&#8243; SATA tepsisi ve 1x iste\u011fe ba\u011fl\u0131 NVMe tepsisi<\/li><li>Mar\u015f kontroll\u00fc, 9V ~ 32V geni\u015f aral\u0131kl\u0131 DC giri\u015fi<\/li><li>-25\u00b0C ila 60\u00b0C \u00e7al\u0131\u015fma s\u0131cakl\u0131\u011f\u0131<\/li><\/ul>\t\t\t\t\t\t\t\t<\/div>\n\t\t\t\t<\/div>\n\t\t\t\t<div class=\"elementor-element elementor-element-3180027 elementor-widget elementor-widget-text-editor\" data-id=\"3180027\" data-element_type=\"widget\" data-e-type=\"widget\" data-widget_type=\"text-editor.default\">\n\t\t\t\t<div class=\"elementor-widget-container\">\n\t\t\t\t\t\t\t\t\t<h3><span style=\"font-size: 14.0pt;\"><strong>Intel\u00ae Core\u2122 \u0130\u015flemci Se\u00e7enekleri<\/strong><\/span><\/h3>\n<table width=\"300\">\n<tbody>\n<tr>\n<td width=\"80\"><strong>14. Nesil<\/strong><\/td>\n<td width=\"80\"><strong>13. Nesil<\/strong><\/td>\n<td width=\"80\"><strong>12. Nesil<\/strong><\/td>\n<\/tr>\n<tr>\n<td>\u00a0i9-14900 \/ T<\/td>\n<td>i9-13900E \/ TE<\/td>\n<td>i9-12900E \/ TE<\/td>\n<\/tr>\n<tr>\n<td>\u00a0i7-14700 \/ T<\/td>\n<td>i9-13700E \/ TE<\/td>\n<td>i9-12700E \/ TE<\/td>\n<\/tr>\n<tr>\n<td>i5-14500 \/ T<\/td>\n<td>i9-13500E \/ TE<\/td>\n<td>i9-12500E \/ TE<\/td>\n<\/tr>\n<tr>\n<td>i3-14100\u00a0 \/ T<\/td>\n<td>i9-13100E \/ TE<\/td>\n<td><\/td>\n<\/tr>\n<\/tbody>\n<\/table>\n\t\t\t\t\t\t\t\t<\/div>\n\t\t\t\t<\/div>\n\t\t\t\t<div class=\"elementor-element elementor-element-8cf2110 elementor-widget elementor-widget-text-editor\" data-id=\"8cf2110\" data-element_type=\"widget\" data-e-type=\"widget\" data-widget_type=\"text-editor.default\">\n\t\t\t\t<div class=\"elementor-widget-container\">\n\t\t\t\t\t\t\t\t\t<h3 style=\"color: #2b2a29; font-family: Roboto;\"><span style=\"font-size: 14pt;\"><span style=\"font-weight: bolder;\">Certifications<\/span><\/span><\/h3><ul style=\"background-color: #ffffff; font-size: 16px;\"><li style=\"font-size: 16px;\"><span style=\"font-weight: bolder;\">Elektromanyetik Uyumluluk:<\/span>\u00a0CE\/FCC Class A,\u00a0 EN 55032 ve EN 55035<\/li><li style=\"font-size: 16px;\"><span style=\"font-weight: bolder;\">Titre\u015fim:<\/span>\u00a0MIL-STD-810H, Metod 514.8, Kategori 4<\/li><li style=\"font-size: 16px;\"><span style=\"font-weight: bolder;\">\u015eok:<\/span>\u00a0MIL-STD-810H, Metod 516.8, Prosed\u00fcr I<\/li><\/ul><p>.<\/p>\t\t\t\t\t\t\t\t<\/div>\n\t\t\t\t<\/div>\n\t\t\t\t<\/div>\n\t\t<div class=\"elementor-element elementor-element-91d5ddb e-con-full e-flex e-con e-child\" data-id=\"91d5ddb\" data-element_type=\"container\" data-e-type=\"container\">\n\t\t\t\t<div class=\"elementor-element elementor-element-56fcaf5 elementor-widget elementor-widget-image\" data-id=\"56fcaf5\" data-element_type=\"widget\" data-e-type=\"widget\" data-widget_type=\"image.default\">\n\t\t\t\t<div class=\"elementor-widget-container\">\n\t\t\t\t\t\t\t\t\t\t\t\t<figure class=\"wp-caption\">\n\t\t\t\t\t\t\t\t\t\t<img decoding=\"async\" src=\"https:\/\/lima.com.tr\/wp-content\/uploads\/2026\/01\/Nuvo-10109GC-Konnektorler-On.webp\" title=\"Nuvo-10109GC-Konnektorler \u00d6n\" alt=\"Nuvo-10109GC-Konnektorler On\" loading=\"lazy\" \/>\t\t\t\t\t\t\t\t\t\t\t<figcaption class=\"widget-image-caption wp-caption-text\">\u00d6n Konnekt\u00f6rler<\/figcaption>\n\t\t\t\t\t\t\t\t\t\t<\/figure>\n\t\t\t\t\t\t\t\t\t<\/div>\n\t\t\t\t<\/div>\n\t\t<div class=\"elementor-element elementor-element-83a8c23 e-con-full e-flex e-con e-child\" data-id=\"83a8c23\" data-element_type=\"container\" data-e-type=\"container\">\n\t\t\t\t<div class=\"elementor-element elementor-element-b21f55c elementor-widget elementor-widget-image\" data-id=\"b21f55c\" data-element_type=\"widget\" data-e-type=\"widget\" data-widget_type=\"image.default\">\n\t\t\t\t<div class=\"elementor-widget-container\">\n\t\t\t\t\t\t\t\t\t\t\t\t<figure class=\"wp-caption\">\n\t\t\t\t\t\t\t\t\t\t<img decoding=\"async\" src=\"https:\/\/lima.com.tr\/wp-content\/uploads\/2026\/01\/Nuvo-10109GC-Konnektorler-Arka.webp\" title=\"Nuvo-10109GC-Konnektorler Arka\" alt=\"Nuvo-10109GC-Konnektorler Arka\" loading=\"lazy\" \/>\t\t\t\t\t\t\t\t\t\t\t<figcaption class=\"widget-image-caption wp-caption-text\">Arka Konnekt\u00f6rler<\/figcaption>\n\t\t\t\t\t\t\t\t\t\t<\/figure>\n\t\t\t\t\t\t\t\t\t<\/div>\n\t\t\t\t<\/div>\n\t\t\t\t<\/div>\n\t\t\t\t<\/div>\n\t\t\t\t\t<\/div>\n\t\t\t\t<\/div>\n\t\t\t\t<\/div>","protected":false},"excerpt":{"rendered":"<p><strong>Neousys Kenar Yapay Zeka Bilgisayar\u0131,<\/strong><br \/>\nIntel\u00ae 14. Nesil \u0130\u015flemci, 600W GPU Blackwell Deste\u011fi, MIL-STD-810H<\/p>","protected":false},"featured_media":19431,"template":"","meta":[],"product_brand":[],"product_cat":[39,80,83,42,167,169,3917,3914,3922,1661,1670,1671,1642,1645,1684,1687,1626,1635,1673,1676,1678],"product_tag":[43,47],"class_list":{"0":"post-19428","1":"product","2":"type-product","3":"status-publish","4":"has-post-thumbnail","6":"product_cat-endustriyel-bilisim","7":"product_cat-box-pc","8":"product_cat-core-i-tabanli-box-pc","9":"product_cat-yapay-gorme","10":"product_cat-yapay-gorme-pc","11":"product_cat-core-i-tabanli-yapay-gorme-pc","12":"product_cat-is-ortak","13":"product_cat-neousys","14":"product_cat-neo-ai-gpu","15":"product_cat-yapay-gorme-pc-akilli-sehir","16":"product_cat-altyapi","17":"product_cat-box-pc-altyapi","18":"product_cat-guvenlik","19":"product_cat-box-pc-guvenlik","20":"product_cat-savunma","21":"product_cat-box-pc-savunma","22":"product_cat-ulasim","23":"product_cat-box-pc-ulasim","24":"product_cat-uretim","25":"product_cat-box-pc-uretim","26":"product_cat-yapay-gorme-pc-uretim","27":"product_tag-ulasim","28":"product_tag-uretim","29":"pa_10gb-lan-secimli","30":"pa_besleme-voltaji-9-32v-dc","31":"pa_calisma-sicakligi-25-60c","32":"pa_depolama-secenekleri-1-x-m-2-2280","33":"pa_depolama-secenekleri-2-x-2-5-ssd-hdd","34":"pa_gb-lan-1-port","35":"pa_genisleme-secenekleri-1x-m-2-2242-3052-b-key","36":"pa_genisleme-secenekleri-1x-pcie-x16-slot-gen4-16-hat","37":"pa_genisleme-secenekleri-2x-full-size-mini-pci-express-socket","38":"pa_ignition-control-var","39":"pa_islemci-sinifi-intel-core-2","40":"pa_rs-232-422-485-2-adet","41":"pa_uretici-neousys","42":"pa_usb-2-0-1x-port","44":"first","45":"instock","46":"shipping-taxable","47":"product-type-simple"},"_links":{"self":[{"href":"https:\/\/lima.com.tr\/en\/wp-json\/wp\/v2\/product\/19428","targetHints":{"allow":["GET"]}}],"collection":[{"href":"https:\/\/lima.com.tr\/en\/wp-json\/wp\/v2\/product"}],"about":[{"href":"https:\/\/lima.com.tr\/en\/wp-json\/wp\/v2\/types\/product"}],"version-history":[{"count":5,"href":"https:\/\/lima.com.tr\/en\/wp-json\/wp\/v2\/product\/19428\/revisions"}],"predecessor-version":[{"id":19506,"href":"https:\/\/lima.com.tr\/en\/wp-json\/wp\/v2\/product\/19428\/revisions\/19506"}],"wp:featuredmedia":[{"embeddable":true,"href":"https:\/\/lima.com.tr\/en\/wp-json\/wp\/v2\/media\/19431"}],"wp:attachment":[{"href":"https:\/\/lima.com.tr\/en\/wp-json\/wp\/v2\/media?parent=19428"}],"wp:term":[{"taxonomy":"product_brand","embeddable":true,"href":"https:\/\/lima.com.tr\/en\/wp-json\/wp\/v2\/product_brand?post=19428"},{"taxonomy":"product_cat","embeddable":true,"href":"https:\/\/lima.com.tr\/en\/wp-json\/wp\/v2\/product_cat?post=19428"},{"taxonomy":"product_tag","embeddable":true,"href":"https:\/\/lima.com.tr\/en\/wp-json\/wp\/v2\/product_tag?post=19428"}],"curies":[{"name":"wp","href":"https:\/\/api.w.org\/{rel}","templated":true}]}}