{"id":19308,"date":"2025-12-29T13:05:56","date_gmt":"2025-12-29T10:05:56","guid":{"rendered":"https:\/\/lima.com.tr\/?post_type=product&#038;p=19308"},"modified":"2025-12-29T16:50:35","modified_gmt":"2025-12-29T13:50:35","slug":"advantech-air-420","status":"publish","type":"product","link":"https:\/\/lima.com.tr\/en\/shop\/endustriyel-bilisim\/box-pc\/amd-tabanli-box-pc\/advantech-air-420\/","title":{"rendered":"Advantech &#8211; AIR-420 Y\u00fcksek Performansl\u0131 Yapay Zeka Bilgisayar\u0131"},"content":{"rendered":"<div data-elementor-type=\"product-post\" data-elementor-id=\"19308\" class=\"elementor elementor-19308\" data-elementor-post-type=\"product\">\n\t\t\t\t\t\t<section class=\"elementor-section elementor-top-section elementor-element elementor-element-27c4a50 elementor-section-boxed elementor-section-height-default elementor-section-height-default\" data-id=\"27c4a50\" data-element_type=\"section\" data-e-type=\"section\">\n\t\t\t\t\t\t<div class=\"elementor-container elementor-column-gap-default\">\n\t\t\t\t\t<div class=\"elementor-column elementor-col-50 elementor-top-column elementor-element elementor-element-ed01440\" data-id=\"ed01440\" data-element_type=\"column\" data-e-type=\"column\">\n\t\t\t<div class=\"elementor-widget-wrap elementor-element-populated\">\n\t\t\t\t\t\t<div class=\"elementor-element elementor-element-daa32b1 elementor-widget elementor-widget-image\" data-id=\"daa32b1\" data-element_type=\"widget\" data-e-type=\"widget\" data-widget_type=\"image.default\">\n\t\t\t\t<div class=\"elementor-widget-container\">\n\t\t\t\t\t\t\t\t\t\t\t\t\t\t\t<img fetchpriority=\"high\" decoding=\"async\" width=\"800\" height=\"711\" src=\"https:\/\/lima.com.tr\/wp-content\/uploads\/2025\/12\/Advantech-AIR-420_2-1024x910.webp\" class=\"attachment-large size-large wp-image-19313\" alt=\"\" srcset=\"https:\/\/lima.com.tr\/wp-content\/uploads\/2025\/12\/Advantech-AIR-420_2-1024x910.webp 1024w, https:\/\/lima.com.tr\/wp-content\/uploads\/2025\/12\/Advantech-AIR-420_2-300x267.webp 300w, https:\/\/lima.com.tr\/wp-content\/uploads\/2025\/12\/Advantech-AIR-420_2-768x683.webp 768w, https:\/\/lima.com.tr\/wp-content\/uploads\/2025\/12\/Advantech-AIR-420_2-1536x1365.webp 1536w, https:\/\/lima.com.tr\/wp-content\/uploads\/2025\/12\/Advantech-AIR-420_2-14x12.webp 14w, https:\/\/lima.com.tr\/wp-content\/uploads\/2025\/12\/Advantech-AIR-420_2-600x533.webp 600w, https:\/\/lima.com.tr\/wp-content\/uploads\/2025\/12\/Advantech-AIR-420_2.webp 1800w\" sizes=\"(max-width: 800px) 100vw, 800px\" \/>\t\t\t\t\t\t\t\t\t\t\t\t\t\t\t<\/div>\n\t\t\t\t<\/div>\n\t\t\t\t\t<\/div>\n\t\t<\/div>\n\t\t\t\t<div class=\"elementor-column elementor-col-50 elementor-top-column elementor-element elementor-element-7278b29\" data-id=\"7278b29\" data-element_type=\"column\" data-e-type=\"column\">\n\t\t\t<div class=\"elementor-widget-wrap elementor-element-populated\">\n\t\t\t\t\t\t<div class=\"elementor-element elementor-element-ce4206d elementor-widget-tablet__width-initial elementor-widget elementor-widget-text-editor\" data-id=\"ce4206d\" data-element_type=\"widget\" data-e-type=\"widget\" data-widget_type=\"text-editor.default\">\n\t\t\t\t<div class=\"elementor-widget-container\">\n\t\t\t\t\t\t\t\t\t<div style=\"text-align: justify;\"><p>AIR-420; AMD Ryzen\u2122 7000\/9000 ve EYPC 4005 Serisi i\u015flemcileri kullanan, iki adet 3.9\u201d boyutunda, toplam 1200W g\u00fc\u00e7 t\u00fcketen GPU\u2019yu kart\u0131 kullan\u0131m\u0131n\u0131 destekleyen ve Advantech&#8217;in Edge AI SDK yaz\u0131l\u0131m\u0131n\u0131 bir araya getiren bir ultra kompakt (228.5 x 278 x 487cm) sistemdir.<\/p><p>Veri yo\u011fun yapay zek\u00e2 i\u015f y\u00fckleri i\u00e7in \u00f6zel olarak tasarlanm\u0131\u015ft\u0131r. B\u00fcy\u00fck dil modelleri (LLM&#8217;ler) ve t\u0131bbi g\u00f6r\u00fcnt\u00fcleme ve otomatik kalite kontrol gibi geli\u015fmi\u015f yapay zek\u00e2 tabanl\u0131 yapay g\u00f6rme uygulamalar\u0131 da dahil olmak \u00fczere karma\u015f\u0131k uygulamalar\u0131n saha kenar\u0131nda kurularak kullan\u0131m\u0131na olanak sa\u011flar.<\/p><p><span style=\"font-size: 12.0pt; line-height: 115%; font-family: 'Aptos',sans-serif; mso-ascii-theme-font: minor-latin; mso-fareast-font-family: Aptos; mso-fareast-theme-font: minor-latin; mso-hansi-theme-font: minor-latin; mso-bidi-font-family: 'Times New Roman'; mso-bidi-theme-font: minor-bidi; mso-ansi-language: TR; mso-fareast-language: EN-US; mso-bidi-language: AR-SA;\">AMD Ryzen\u2122 7000\/9000 Serisi i\u015flemcilerini kullanan AIR-420 k\u00fc\u00e7\u00fck bir alanda \u00e7ok g\u00fc\u00e7l\u00fc yapay zek\u00e2 i\u015flemci kartlar\u0131n\u0131n kullan\u0131m\u0131na olanak sa\u011flar. \u00a0Optimize edilmi\u015f CPU\/PCIe d\u00fczeni, yedekli g\u00fc\u00e7 tasar\u0131m\u0131 ve b\u00fct\u00fcnle\u015fik Advantech yaz\u0131l\u0131m ara\u00e7lar\u0131, aiSSD, aiDAPTIV+ ve kod yazmaya gerek b\u0131rakmayan GenAI Studio ile birlikte gelir.\u00a0<\/span><\/p><\/div>\t\t\t\t\t\t\t\t<\/div>\n\t\t\t\t<\/div>\n\t\t\t\t\t<\/div>\n\t\t<\/div>\n\t\t\t\t\t<\/div>\n\t\t<\/section>\n\t\t\t\t<section class=\"elementor-section elementor-top-section elementor-element elementor-element-7187b68 elementor-section-boxed elementor-section-height-default elementor-section-height-default\" data-id=\"7187b68\" data-element_type=\"section\" data-e-type=\"section\">\n\t\t\t\t\t\t<div class=\"elementor-container elementor-column-gap-default\">\n\t\t\t\t\t<div class=\"elementor-column elementor-col-50 elementor-top-column elementor-element elementor-element-86ceca5\" data-id=\"86ceca5\" data-element_type=\"column\" data-e-type=\"column\">\n\t\t\t<div class=\"elementor-widget-wrap elementor-element-populated\">\n\t\t\t\t\t\t<div class=\"elementor-element elementor-element-85a388e elementor-widget__width-initial elementor-widget-tablet__width-initial elementor-widget elementor-widget-image\" data-id=\"85a388e\" data-element_type=\"widget\" data-e-type=\"widget\" data-widget_type=\"image.default\">\n\t\t\t\t<div class=\"elementor-widget-container\">\n\t\t\t\t\t\t\t\t\t\t\t\t\t\t\t<img decoding=\"async\" width=\"624\" height=\"413\" src=\"https:\/\/lima.com.tr\/wp-content\/uploads\/2025\/12\/GENAI-1.webp\" class=\"attachment-medium_large size-medium_large wp-image-19318\" alt=\"\" srcset=\"https:\/\/lima.com.tr\/wp-content\/uploads\/2025\/12\/GENAI-1.webp 624w, https:\/\/lima.com.tr\/wp-content\/uploads\/2025\/12\/GENAI-1-300x199.webp 300w, https:\/\/lima.com.tr\/wp-content\/uploads\/2025\/12\/GENAI-1-18x12.webp 18w, https:\/\/lima.com.tr\/wp-content\/uploads\/2025\/12\/GENAI-1-600x397.webp 600w\" sizes=\"(max-width: 624px) 100vw, 624px\" \/>\t\t\t\t\t\t\t\t\t\t\t\t\t\t\t<\/div>\n\t\t\t\t<\/div>\n\t\t\t\t\t<\/div>\n\t\t<\/div>\n\t\t\t\t<div class=\"elementor-column elementor-col-50 elementor-top-column elementor-element elementor-element-2277f04\" data-id=\"2277f04\" data-element_type=\"column\" data-e-type=\"column\">\n\t\t\t<div class=\"elementor-widget-wrap elementor-element-populated\">\n\t\t\t\t\t\t<div class=\"elementor-element elementor-element-c036f8c elementor-widget-tablet__width-initial elementor-widget__width-initial elementor-widget elementor-widget-text-editor\" data-id=\"c036f8c\" data-element_type=\"widget\" data-e-type=\"widget\" data-widget_type=\"text-editor.default\">\n\t\t\t\t<div class=\"elementor-widget-container\">\n\t\t\t\t\t\t\t\t\t<div style=\"text-align: justify;\"><p>GenAI Studio, en yeni LLM&#8217;leri desteklemek \u00fczere s\u00fcrekli olarak g\u00fcncellenmekte olup hem tam parametreli hem de parametrelere en verimli ince ayar (\u00f6rne\u011fin, PEFT, LoRA gibi) olanaklar\u0131 sa\u011flayarak i\u015fletmelerin yapay zek\u00e2 modellerinin \u00f6zel kenar uygulamalar\u0131na h\u0131zl\u0131 bir \u015fekilde uyarlamalar\u0131na yard\u0131mc\u0131 olur.\u00a0<\/p><p>Ayr\u0131ca, Advantech&#8217;in Edge AI SDK&#8217;s\u0131, \u00f6nceden do\u011frulanm\u0131\u015f yapay zek\u00e2 modelleri ve kodsuz bir GUI ile donat\u0131lm\u0131\u015f olup g\u00fcvenli ve verimli bir yapay zek\u00e2 platformu kurulumunu h\u0131zland\u0131r\u0131r.<\/p><\/div>\t\t\t\t\t\t\t\t<\/div>\n\t\t\t\t<\/div>\n\t\t\t\t\t<\/div>\n\t\t<\/div>\n\t\t\t\t\t<\/div>\n\t\t<\/section>\n\t\t<div class=\"elementor-element elementor-element-ab23ec8 e-flex e-con-boxed e-con e-parent\" data-id=\"ab23ec8\" data-element_type=\"container\" data-e-type=\"container\">\n\t\t\t\t\t<div class=\"e-con-inner\">\n\t\t<div class=\"elementor-element elementor-element-9bb17b9 e-con-full e-flex e-con e-child\" data-id=\"9bb17b9\" data-element_type=\"container\" data-e-type=\"container\">\n\t\t\t\t<div class=\"elementor-element elementor-element-fdcc7e0 elementor-widget elementor-widget-text-editor\" data-id=\"fdcc7e0\" data-element_type=\"widget\" data-e-type=\"widget\" data-widget_type=\"text-editor.default\">\n\t\t\t\t<div class=\"elementor-widget-container\">\n\t\t\t\t\t\t\t\t\t<p style=\"font-weight: 400;\">Advantech AIR-420; NVIDIA RTX PRO\u2122 6000 Blackwell Max-Q Workstation s\u00fcr\u00fcm\u00fc, AMD Radeon\u2122 PRO W7900 ve Qualcomm Cloud AI 100 Ultra dahil olmak \u00fczere \u00fcst d\u00fczey GPU&#8217;lar\u0131 destekler. Ba\u015fl\u0131ca \u00f6zellikleri aras\u0131nda geli\u015fmi\u015f termal y\u00f6netim ve y\u00fcksek g\u00fcvenilirlikli 2000W (CRPS) g\u00fc\u00e7 kayna\u011f\u0131, 192 GB&#8217;a kadar DDR5 RAM ve 14 TB depolama deste\u011fi ve zengin G\/\u00c7 aray\u00fczleri bulunur.<\/p><p style=\"font-weight: 400;\">AIR-420, donan\u0131m ve yaz\u0131l\u0131m\u0131 tek bir platformda optimize ederek birle\u015ftirerek, geleneksel raf tipi sunuculara k\u0131yasla donan\u0131m, yaz\u0131l\u0131m, enerji ve bak\u0131m ile ilgili giderleri azalt\u0131rken veri g\u00fcvenli\u011fini de art\u0131r\u0131r. Bu b\u00fct\u00fcnle\u015fik \u00e7\u00f6z\u00fcm, raf tipi sunuculara k\u0131yasla %96&#8217;ya varan maliyet tasarrufu sa\u011flayarak AIR-420&#8217;yi G\u00f6rsel Yapay Zek\u00e2, GenAI geli\u015ftirme ve ger\u00e7ek zamanl\u0131 yapay zek\u00e2 \u00e7\u0131kar\u0131m\u0131 i\u00e7in ideal bir se\u00e7im haline getirir.<\/p>\t\t\t\t\t\t\t\t<\/div>\n\t\t\t\t<\/div>\n\t\t\t\t<\/div>\n\t\t\t\t\t<\/div>\n\t\t\t\t<\/div>\n\t\t\t\t<\/div>","protected":false},"excerpt":{"rendered":"<p>Advantech &#8211; Y\u00fcksek performansl\u0131 Kenar Yapay Zeka Bilgisayar<\/p>\n<p>AMD Ryzen\u2122 7000\/9000 ve EYPC 4005 Serisi i\u015flemcileri kullanan, iki adet 3.9\u201d boyutunda, toplam 1200W g\u00fc\u00e7 t\u00fcketen GPU\u2019yu kart\u0131 kullanabilen Ultra Kompakt Bilgisayar<\/p>","protected":false},"featured_media":19309,"template":"","meta":[],"product_brand":[],"product_cat":[1580,80,39],"product_tag":[],"class_list":{"0":"post-19308","1":"product","2":"type-product","3":"status-publish","4":"has-post-thumbnail","6":"product_cat-amd-tabanli-box-pc","7":"product_cat-box-pc","8":"product_cat-endustriyel-bilisim","9":"pa_10gb-lan-1-adet","10":"pa_depolama-secenekleri-1-x-m-2-2280-ssd-sata-nvme","11":"pa_depolama-secenekleri-2-x-sata-iii-en","12":"pa_digital-i-o-8-channel","13":"pa_genisleme-secenekleri-1-x-m-2-e-key-2230","14":"pa_genisleme-secenekleri-2-x-pcie-x16","15":"pa_genisleme-secenekleri-2-x-pcie-x8","16":"pa_grafik-cikisi-4-x-hdmi","17":"pa_guc-girisi-110-v-240-v","18":"pa_islemci-modeli-amd-ryzen-7000","19":"pa_islemci-modeli-amd-ryzen-9000","20":"pa_islemci-modeli-eypc-4005","21":"pa_islemci-sinifi-amd-ryzen","22":"pa_ram-maks-192-gb","23":"pa_rs-232-2-adet","24":"pa_rs-232-422-485-2-adet","25":"pa_uretici-advantech","26":"pa_urun-gruplari-box-pc","27":"pa_usb-2-0-2-adet","29":"first","30":"outofstock","31":"shipping-taxable","32":"product-type-simple"},"_links":{"self":[{"href":"https:\/\/lima.com.tr\/en\/wp-json\/wp\/v2\/product\/19308","targetHints":{"allow":["GET"]}}],"collection":[{"href":"https:\/\/lima.com.tr\/en\/wp-json\/wp\/v2\/product"}],"about":[{"href":"https:\/\/lima.com.tr\/en\/wp-json\/wp\/v2\/types\/product"}],"version-history":[{"count":5,"href":"https:\/\/lima.com.tr\/en\/wp-json\/wp\/v2\/product\/19308\/revisions"}],"predecessor-version":[{"id":19325,"href":"https:\/\/lima.com.tr\/en\/wp-json\/wp\/v2\/product\/19308\/revisions\/19325"}],"wp:featuredmedia":[{"embeddable":true,"href":"https:\/\/lima.com.tr\/en\/wp-json\/wp\/v2\/media\/19309"}],"wp:attachment":[{"href":"https:\/\/lima.com.tr\/en\/wp-json\/wp\/v2\/media?parent=19308"}],"wp:term":[{"taxonomy":"product_brand","embeddable":true,"href":"https:\/\/lima.com.tr\/en\/wp-json\/wp\/v2\/product_brand?post=19308"},{"taxonomy":"product_cat","embeddable":true,"href":"https:\/\/lima.com.tr\/en\/wp-json\/wp\/v2\/product_cat?post=19308"},{"taxonomy":"product_tag","embeddable":true,"href":"https:\/\/lima.com.tr\/en\/wp-json\/wp\/v2\/product_tag?post=19308"}],"curies":[{"name":"wp","href":"https:\/\/api.w.org\/{rel}","templated":true}]}}