{"id":19258,"date":"2025-12-22T16:54:30","date_gmt":"2025-12-22T13:54:30","guid":{"rendered":"https:\/\/lima.com.tr\/?post_type=product&#038;p=19258"},"modified":"2025-12-22T16:54:31","modified_gmt":"2025-12-22T13:54:31","slug":"nru-161v-ft","status":"publish","type":"product","link":"https:\/\/lima.com.tr\/en\/shop\/is-ortak\/neousys\/neo-ai-gpu\/nru-161v-ft\/","title":{"rendered":"Neousys NRU-161V-FT"},"content":{"rendered":"<div data-elementor-type=\"product-post\" data-elementor-id=\"19258\" class=\"elementor elementor-19258\" data-elementor-post-type=\"product\">\n\t\t\t\t<div class=\"elementor-element elementor-element-ae23686 e-flex e-con-boxed e-con e-parent\" data-id=\"ae23686\" data-element_type=\"container\" data-e-type=\"container\">\n\t\t\t\t\t<div class=\"e-con-inner\">\n\t\t<div class=\"elementor-element elementor-element-954af3f e-con-full e-flex e-con e-child\" data-id=\"954af3f\" data-element_type=\"container\" data-e-type=\"container\">\n\t\t\t\t<div class=\"elementor-element elementor-element-eb18c05 elementor-widget elementor-widget-image\" data-id=\"eb18c05\" data-element_type=\"widget\" data-e-type=\"widget\" data-widget_type=\"image.default\">\n\t\t\t\t<div class=\"elementor-widget-container\">\n\t\t\t\t\t\t\t\t\t\t\t\t\t\t\t<img fetchpriority=\"high\" decoding=\"async\" width=\"600\" height=\"300\" src=\"https:\/\/lima.com.tr\/wp-content\/uploads\/2025\/11\/NRU-161V-FT-Boyutlar.webp\" class=\"attachment-full size-full wp-image-19266\" alt=\"\" srcset=\"https:\/\/lima.com.tr\/wp-content\/uploads\/2025\/11\/NRU-161V-FT-Boyutlar.webp 600w, https:\/\/lima.com.tr\/wp-content\/uploads\/2025\/11\/NRU-161V-FT-Boyutlar-300x150.webp 300w, https:\/\/lima.com.tr\/wp-content\/uploads\/2025\/11\/NRU-161V-FT-Boyutlar-18x9.webp 18w\" sizes=\"(max-width: 600px) 100vw, 600px\" \/>\t\t\t\t\t\t\t\t\t\t\t\t\t\t\t<\/div>\n\t\t\t\t<\/div>\n\t\t\t\t<\/div>\n\t\t<div class=\"elementor-element elementor-element-df3be9c e-con-full e-flex e-con e-child\" data-id=\"df3be9c\" data-element_type=\"container\" data-e-type=\"container\">\n\t\t\t\t<div class=\"elementor-element elementor-element-9c11634 elementor-widget elementor-widget-text-editor\" data-id=\"9c11634\" data-element_type=\"widget\" data-e-type=\"widget\" data-widget_type=\"text-editor.default\">\n\t\t\t\t<div class=\"elementor-widget-container\">\n\t\t\t\t\t\t\t\t\t<div style=\"text-align: justify;\">Neousys<strong> NRU-161V-FT<\/strong>; kapal\u0131 veya su ge\u00e7irmez kaslar\u0131n i\u00e7ine monte edildi\u011finde optimize edilmi\u015f \u0131s\u0131 da\u011f\u0131l\u0131m\u0131 sa\u011flayan \u00fcst\u00fc d\u00fcz bir so\u011futucu y\u00fczeyle tasarlanm\u0131\u015ft\u0131r. Bu \u00f6zelligiyle ak\u0131ll\u0131 tar\u0131m ara\u00e7lar\u0131, arazi tipi otonom mobil robotlar (AMR&#8217;ler) ve end\u00fcstriyel \u00fcr\u00fcn muayene sistemleri gibi uygulamalar i\u00e7in uygundur. Montaj alan\u0131n\u0131n s\u0131n\u0131rl\u0131 oldu\u011fu ve aktif so\u011futman\u0131n m\u00fcmk\u00fcn olmad\u0131\u011f\u0131 kabin i\u00e7i kurulumlar i\u00e7in idealdir. Al\u00e7ak profilli kasas\u0131 199 x 136 x 49 mm \u00f6l\u00e7\u00fclerindedir.<\/div>\n<div><\/div>\t\t\t\t\t\t\t\t<\/div>\n\t\t\t\t<\/div>\n\t\t\t\t<\/div>\n\t\t\t\t\t<\/div>\n\t\t\t\t<\/div>\n\t\t<div class=\"elementor-element elementor-element-136aa8a e-con-full e-flex e-con e-parent\" data-id=\"136aa8a\" data-element_type=\"container\" data-e-type=\"container\">\n\t\t\t\t<div class=\"elementor-element elementor-element-f10e3f4 elementor-widget elementor-widget-image\" data-id=\"f10e3f4\" data-element_type=\"widget\" data-e-type=\"widget\" data-widget_type=\"image.default\">\n\t\t\t\t<div class=\"elementor-widget-container\">\n\t\t\t\t\t\t\t\t\t\t\t\t\t\t\t<img decoding=\"async\" width=\"1841\" height=\"660\" src=\"https:\/\/lima.com.tr\/wp-content\/uploads\/2025\/11\/NRU-161V-FT-Konnektorler.webp\" class=\"attachment-full size-full wp-image-19274\" alt=\"\" srcset=\"https:\/\/lima.com.tr\/wp-content\/uploads\/2025\/11\/NRU-161V-FT-Konnektorler.webp 1841w, https:\/\/lima.com.tr\/wp-content\/uploads\/2025\/11\/NRU-161V-FT-Konnektorler-300x108.webp 300w, https:\/\/lima.com.tr\/wp-content\/uploads\/2025\/11\/NRU-161V-FT-Konnektorler-1024x367.webp 1024w, https:\/\/lima.com.tr\/wp-content\/uploads\/2025\/11\/NRU-161V-FT-Konnektorler-768x275.webp 768w, https:\/\/lima.com.tr\/wp-content\/uploads\/2025\/11\/NRU-161V-FT-Konnektorler-1536x551.webp 1536w, https:\/\/lima.com.tr\/wp-content\/uploads\/2025\/11\/NRU-161V-FT-Konnektorler-18x6.webp 18w, https:\/\/lima.com.tr\/wp-content\/uploads\/2025\/11\/NRU-161V-FT-Konnektorler-600x215.webp 600w\" sizes=\"(max-width: 1841px) 100vw, 1841px\" \/>\t\t\t\t\t\t\t\t\t\t\t\t\t\t\t<\/div>\n\t\t\t\t<\/div>\n\t\t\t\t<\/div>\n\t\t<div class=\"elementor-element elementor-element-6604c368 e-flex e-con-boxed e-con e-parent\" data-id=\"6604c368\" data-element_type=\"container\" data-e-type=\"container\">\n\t\t\t\t\t<div class=\"e-con-inner\">\n\t\t<div class=\"elementor-element elementor-element-c268044 e-con-full e-flex e-con e-child\" data-id=\"c268044\" data-element_type=\"container\" data-e-type=\"container\">\n\t\t\t\t<div class=\"elementor-element elementor-element-5dcfabf7 elementor-widget elementor-widget-text-editor\" data-id=\"5dcfabf7\" data-element_type=\"widget\" data-e-type=\"widget\" data-widget_type=\"text-editor.default\">\n\t\t\t\t<div class=\"elementor-widget-container\">\n\t\t\t\t\t\t\t\t\t<div style=\"text-align: justify;\"><p>NRU-161V-FT, 25W TDP modunda hem CPU hem de GPU i\u00e7in tam y\u00fck alt\u0131nda performans d\u00fc\u015f\u00fc\u015f\u00fc olmadan \u00e7al\u0131\u015facak \u015fekilde tasarlanm\u0131\u015ft\u0131r ve al\u00fcminyum bir kasa veya plaka \u00fczerine monte edildi\u011finde 70\u00b0C&#8217;ye varan s\u0131cakl\u0131klarda \u00e7al\u0131\u015f\u0131r. -25\u00b0C ile 70\u00b0C aras\u0131nda geni\u015f bir fans\u0131z \u00e7al\u0131\u015fma s\u0131cakl\u0131\u011f\u0131 aral\u0131\u011f\u0131n\u0131 destekler ve \u00f6zellikle ara\u00e7 i\u00e7i ve robot uygulamalar\u0131nda kullan\u0131ma uygun \u00f6zellikler i\u00e7erir.<\/p><p>NVIDIA\u00ae Jetson Orin\u2122 NX\/ Orin\u2122 Nano GPU tabanl\u0131 RU-161-FT serisi, 100&#8217;e kadar TOPS (INT8) yapay zeka \u00e7\u0131kar\u0131m\u0131 sunarken sadece 25W g\u00fc\u00e7 t\u00fcketimiyle ayn\u0131 anda on sekiz adede kadar 1080p video ak\u0131\u015f\u0131n\u0131 d\u00f6n\u00fc\u015ft\u00fcrebilir.\u00a0<span style=\"font-size: 1rem;\">NRU-161-FT bilgisayar ailesinde di\u011fer bilgisayarlara ba\u011flant\u0131 veya LiDAR&#8217;a veri iletiminde kullan\u0131labilecek bir M12 GbE ba\u011flant\u0131bulunmaktad\u0131r.\u00a0<\/span><span style=\"font-size: 1rem;\">Otonom s\u00fcr\u00fc\u015f, ADAS veya yapay zeka denetimi i\u00e7in \u00e7e\u015fitli kameralar ve sens\u00f6rlerle ba\u011flant\u0131 kurmak \u00fczere tasarlanan\u00a0<\/span>NRU-161V-FT<span style=\"font-size: 1rem;\">\u00a0se\u00e7imli olarak IMX390, ISX031 ve IMX490 CMOS sens\u00f6rleri i\u00e7in \u00f6nceden olu\u015fturulmu\u015f s\u00fcr\u00fcc\u00fclerle alt\u0131 GMSL2 otomotiv kameras\u0131n\u0131 destekler. NRU-161S-FT modeli ise ise GSML2 yerine 4 adet PoE+ GbE portuna sahiptir.\u00a0<\/span><\/p><p>M12 ve FAKRA yap\u0131daki konekt\u00f6rleri darbe ve titre\u015fimlere kar\u015f\u0131 g\u00fcvenilir bir diren\u00e7 sa\u011flar. Sistem, 8\u201335V DC geni\u015f voltaj aral\u0131\u011f\u0131n\u0131, mar\u015f kontrol meknizmas\u0131n\u0131, bir CAN FD veri yolu portunu ve bir RS-232 portunu destekler. \u00dcr\u00fcnlerde CAN\/COM\/Wi-Fi mod\u00fclleri i\u00e7in bir mini-PCIe soketi ve 4G LTE\/5G NR mobil ileti\u015fim mod\u00fclleri i\u00e7in bir M.2 B-key soketi de bulunur.<\/p><p>Neousys NRU-161-FT serisi, kabin i\u00e7ine yerle\u015ftirilerek ak\u0131ll\u0131 tar\u0131m, madencilik, in\u015faat, yol kenar\u0131 ve ara\u00e7 \u00fcst\u00fc uygulamalar\u0131 ve kenarda yapay g\u00f6rme destekli denetimi gibi zorlu ortamlarda kullan\u0131lacak yapay zeka uygulamalar\u0131 i\u00e7in \u00fcretilmi\u015f, y\u00fcksek dayan\u0131ml\u0131 bir NVIDIA\u00ae Jetson Orin bilgisayar\u0131d\u0131r. Sa\u011flam mekanik tasar\u0131m\u0131, haz\u0131r kablo kiti ve \u00f6zenle se\u00e7ilmi\u015f su ge\u00e7irmez konekt\u00f6rler arac\u0131l\u0131\u011f\u0131yla uygun bir maliyetli,\u00a0 \u00fcst\u00fcn \u00f6zellikli bir <b>Dayan\u0131ml\u0131 Edge AI<\/b>\u00a0platformu olu\u015fturur.<\/p><\/div>\t\t\t\t\t\t\t\t<\/div>\n\t\t\t\t<\/div>\n\t\t\t\t<\/div>\n\t\t\t\t\t<\/div>\n\t\t\t\t<\/div>\n\t\t<div class=\"elementor-element elementor-element-9e63116 e-flex e-con-boxed e-con e-parent\" data-id=\"9e63116\" data-element_type=\"container\" data-e-type=\"container\">\n\t\t\t\t\t<div class=\"e-con-inner\">\n\t\t<div class=\"elementor-element elementor-element-d229d68 e-con-full e-flex e-con e-child\" data-id=\"d229d68\" data-element_type=\"container\" data-e-type=\"container\">\n\t\t\t\t<div class=\"elementor-element elementor-element-9a18434 elementor-widget elementor-widget-image\" data-id=\"9a18434\" data-element_type=\"widget\" data-e-type=\"widget\" data-widget_type=\"image.default\">\n\t\t\t\t<div class=\"elementor-widget-container\">\n\t\t\t\t\t\t\t\t\t\t\t\t\t\t\t<img decoding=\"async\" width=\"800\" height=\"425\" src=\"https:\/\/lima.com.tr\/wp-content\/uploads\/2025\/12\/Lima_NRU-16x_S-1024x544.webp\" class=\"attachment-large size-large wp-image-19290\" alt=\"\" srcset=\"https:\/\/lima.com.tr\/wp-content\/uploads\/2025\/12\/Lima_NRU-16x_S-1024x544.webp 1024w, https:\/\/lima.com.tr\/wp-content\/uploads\/2025\/12\/Lima_NRU-16x_S-300x159.webp 300w, https:\/\/lima.com.tr\/wp-content\/uploads\/2025\/12\/Lima_NRU-16x_S-768x408.webp 768w, https:\/\/lima.com.tr\/wp-content\/uploads\/2025\/12\/Lima_NRU-16x_S-1536x816.webp 1536w, https:\/\/lima.com.tr\/wp-content\/uploads\/2025\/12\/Lima_NRU-16x_S-18x10.webp 18w, https:\/\/lima.com.tr\/wp-content\/uploads\/2025\/12\/Lima_NRU-16x_S-600x319.webp 600w, https:\/\/lima.com.tr\/wp-content\/uploads\/2025\/12\/Lima_NRU-16x_S.webp 1920w\" sizes=\"(max-width: 800px) 100vw, 800px\" \/>\t\t\t\t\t\t\t\t\t\t\t\t\t\t\t<\/div>\n\t\t\t\t<\/div>\n\t\t\t\t<\/div>\n\t\t<div class=\"elementor-element elementor-element-7108607 e-con-full e-flex e-con e-child\" data-id=\"7108607\" data-element_type=\"container\" data-e-type=\"container\">\n\t\t\t\t<div class=\"elementor-element elementor-element-f54fd45 elementor-widget elementor-widget-text-editor\" data-id=\"f54fd45\" data-element_type=\"widget\" data-e-type=\"widget\" data-widget_type=\"text-editor.default\">\n\t\t\t\t<div class=\"elementor-widget-container\">\n\t\t\t\t\t\t\t\t\t<strong>NRU-161V-FT : \u00d6zellikler<\/strong>\n<ul>\n \t<li style=\"list-style-type: none;\">\n<ul>\n \t<li>NVIDIA\u00ae Jetson Orin\u2122 NX veya Orin\u2122 Nano SoM i\u015flemci<\/li>\n \t<li>D\u00fcz so\u011futma \u00fcst y\u00fczeyi ve 199\u00d7136\u00d749 mm boyutlar\u0131<\/li>\n \t<li><span style=\"background-color: transparent;\">MIL-STD-810H standartlar\u0131nda titre\u015fim ve \u015foka dayan\u0131m<\/span><\/li>\n \t<li>Fans\u0131z olarak -25\u00b0C ~ 70\u00b0C s\u0131cakl\u0131k aral\u0131\u011f\u0131nda \u00e7al\u0131\u015fabilme<\/li>\n \t<li>6x GMSL2 FAKRA Z konnekt\u00f6rl\u00fc GMSL2 portu<\/li>\n \t<li>M12 X-kodlu konnekt\u00f6rl\u00fc\u00a0 1x 10GBASE-T ba\u011flant\u0131s\u0131<\/li>\n \t<li>M12 A konnekt\u00f6rle; 1x CAN FD ve 1x RS232 portu<\/li>\n \t<li style=\"font-size: 16px;\">M12 A konnekt\u00f6rl\u00fc 2 x USB 2.0<\/li>\n \t<li style=\"font-size: 16px;\">1 x USB C<\/li>\n \t<li><span style=\"background-color: transparent;\">8V ~ 35V DC aral\u0131\u011f\u0131nda, mar\u015f kontroll\u00fc enerji giri\u015fi<\/span><\/li>\n<\/ul>\n<\/li>\n<\/ul>\t\t\t\t\t\t\t\t<\/div>\n\t\t\t\t<\/div>\n\t\t\t\t<\/div>\n\t\t\t\t\t<\/div>\n\t\t\t\t<\/div>\n\t\t<div class=\"elementor-element elementor-element-830330c e-flex e-con-boxed e-con e-parent\" data-id=\"830330c\" data-element_type=\"container\" data-e-type=\"container\">\n\t\t\t\t\t<div class=\"e-con-inner\">\n\t\t\t\t<div class=\"elementor-element elementor-element-e27ff46 elementor-widget elementor-widget-text-editor\" data-id=\"e27ff46\" data-element_type=\"widget\" data-e-type=\"widget\" data-widget_type=\"text-editor.default\">\n\t\t\t\t<div class=\"elementor-widget-container\">\n\t\t\t\t\t\t\t\t\t<div><strong style=\"font-size: 1rem;\">Certifications<\/strong><\/div><ul><li style=\"list-style-type: none;\"><ul><li><strong>Elektromanyetik Uyumlulu:<\/strong> CE\/FCC Class A,\u00a0 EN 55032 ve EN 55035<\/li><li><strong>Titre\u015fim:<\/strong> MIL-STD-810H, Metod 514.8, Kategori 4<\/li><li><strong>\u015eok:<\/strong> MIL-STD-810H, Metod 516.8, Prosed\u00fcr I<\/li><\/ul><\/li><\/ul>\t\t\t\t\t\t\t\t<\/div>\n\t\t\t\t<\/div>\n\t\t\t\t\t<\/div>\n\t\t\t\t<\/div>\n\t\t\t\t<\/div>","protected":false},"excerpt":{"rendered":"<p>Y\u00fcksek Dayan\u0131ml\u0131, Kompakt, Fans\u0131z, Kenar Yapay Zeka Bilgisayar\u0131 &#8211; NVIDIA Jetson Orin NX\/Nano \u0130\u015flemcili<\/p>","protected":false},"featured_media":19260,"template":"","meta":[],"product_brand":[],"product_cat":[3922,1656,4054,1670,1645,1671,1687,1659,1676,1635,80,39,1480,1642,3917,3914,4071,4070,1684,1626,1673,42,167,1661,1678,3918],"product_tag":[1724,46,43,47],"class_list":{"0":"post-19258","1":"product","2":"type-product","3":"status-publish","4":"has-post-thumbnail","6":"product_cat-neo-ai-gpu","7":"product_cat-akilli-sehir-altyapi","8":"product_cat-video-analiz","9":"product_cat-altyapi","10":"product_cat-box-pc-guvenlik","11":"product_cat-box-pc-altyapi","12":"product_cat-box-pc-savunma","13":"product_cat-box-pc-akilli-sehir","14":"product_cat-box-pc-uretim","15":"product_cat-box-pc-ulasim","16":"product_cat-box-pc","17":"product_cat-endustriyel-bilisim","18":"product_cat-endustriyel-bilisim-aksesuarlari","19":"product_cat-guvenlik","20":"product_cat-is-ortak","21":"product_cat-neousys","22":"product_cat-nvidia-jetson-yapay-gorme-pc","23":"product_cat-nvidia-jetson","24":"product_cat-savunma","25":"product_cat-ulasim","26":"product_cat-uretim","27":"product_cat-yapay-gorme","28":"product_cat-yapay-gorme-pc","29":"product_cat-yapay-gorme-pc-akilli-sehir","30":"product_cat-yapay-gorme-pc-uretim","31":"product_cat-neo-yuksek-dayanimli","32":"product_tag-endustriyel","33":"product_tag-savunma","34":"product_tag-ulasim","35":"product_tag-uretim","36":"pa_besleme-voltaji-8-35v-dc","37":"pa_calisma-sicakligi-25-70c","38":"pa_depolama-secenekleri-1x-m-2-2242-m-key-nvme-ssd","39":"pa_digital-i-o-1-x-do","40":"pa_digital-i-o-1-x-di","41":"pa_gb-lan-1-port","42":"pa_genisleme-secenekleri-1x-full-size-mini-pci-express-socket","43":"pa_genisleme-secenekleri-1x-m-2-3042-3052-b-key","44":"pa_grafik-cikisi-1-x-vga","45":"pa_ignition-control-var","46":"pa_islemci-modeli-nvidia-jetson-orin","47":"pa_islemci-sinifi-nvidia-jetson","48":"pa_on-board-ram-16-gb","49":"pa_on-board-ram-8-gb","50":"pa_rs-232-1-adet","51":"pa_uretici-neousys","52":"pa_usb-2-0-2-adet","54":"first","55":"instock","56":"shipping-taxable","57":"product-type-simple"},"_links":{"self":[{"href":"https:\/\/lima.com.tr\/en\/wp-json\/wp\/v2\/product\/19258","targetHints":{"allow":["GET"]}}],"collection":[{"href":"https:\/\/lima.com.tr\/en\/wp-json\/wp\/v2\/product"}],"about":[{"href":"https:\/\/lima.com.tr\/en\/wp-json\/wp\/v2\/types\/product"}],"version-history":[{"count":5,"href":"https:\/\/lima.com.tr\/en\/wp-json\/wp\/v2\/product\/19258\/revisions"}],"predecessor-version":[{"id":19307,"href":"https:\/\/lima.com.tr\/en\/wp-json\/wp\/v2\/product\/19258\/revisions\/19307"}],"wp:featuredmedia":[{"embeddable":true,"href":"https:\/\/lima.com.tr\/en\/wp-json\/wp\/v2\/media\/19260"}],"wp:attachment":[{"href":"https:\/\/lima.com.tr\/en\/wp-json\/wp\/v2\/media?parent=19258"}],"wp:term":[{"taxonomy":"product_brand","embeddable":true,"href":"https:\/\/lima.com.tr\/en\/wp-json\/wp\/v2\/product_brand?post=19258"},{"taxonomy":"product_cat","embeddable":true,"href":"https:\/\/lima.com.tr\/en\/wp-json\/wp\/v2\/product_cat?post=19258"},{"taxonomy":"product_tag","embeddable":true,"href":"https:\/\/lima.com.tr\/en\/wp-json\/wp\/v2\/product_tag?post=19258"}],"curies":[{"name":"wp","href":"https:\/\/api.w.org\/{rel}","templated":true}]}}