{"id":19054,"date":"2025-10-30T17:07:44","date_gmt":"2025-10-30T14:07:44","guid":{"rendered":"https:\/\/lima.com.tr\/?post_type=product&#038;p=19054"},"modified":"2025-11-03T16:54:41","modified_gmt":"2025-11-03T13:54:41","slug":"boa13440-17cm","status":"publish","type":"product","link":"https:\/\/lima.com.tr\/en\/shop\/yapay-gorme\/endustriyel-kameralar\/alan-tarama-kameralari\/boa13440-17cm\/","title":{"rendered":"boA13440-17cm"},"content":{"rendered":"<div data-elementor-type=\"product-post\" data-elementor-id=\"19054\" class=\"elementor elementor-19054\" data-elementor-post-type=\"product\">\n\t\t\t\t<div class=\"elementor-element elementor-element-68d4057f e-flex e-con-boxed e-con e-parent\" data-id=\"68d4057f\" data-element_type=\"container\" data-e-type=\"container\">\n\t\t\t\t\t<div class=\"e-con-inner\">\n\t\t\t\t<div class=\"elementor-element elementor-element-dcaae14 elementor-widget elementor-widget-text-editor\" data-id=\"dcaae14\" data-element_type=\"widget\" data-e-type=\"widget\" data-widget_type=\"text-editor.default\">\n\t\t\t\t<div class=\"elementor-widget-container\">\n\t\t\t\t\t\t\t\t\t<div align=\"justify\">Basler&#8217;in <strong>boost R<\/strong>\u00a0serisi alan tarama kameralar\u0131ndan olan <strong>boA13440-17cm<\/strong>\u00a0 3.6&#8243; (46.14 \u00d7 32.87 mm) boyutlar\u0131ndaki <strong>Sony IMX661<\/strong> sens\u00f6r\u00fcn\u00fc kullan\u0131r. Kamera 127MP ( 13376 px \u00d7 9528 px) \u00e7\u00f6z\u00fcn\u00fcrl\u00fckte, saniyede 17 kare (17 fps) h\u0131zla monokrom g\u00f6r\u00fcnt\u00fc yakalayabilmektedir.<\/div><p>\u00a0<\/p><div align=\"justify\">Kameran\u0131n\u00c7ok (Ultra) Y\u00fcksek \u00e7\u00f6z\u00fcn\u00fcrl\u00fck \u00f6zelli\u011fi \u00f6ncelikle g\u00f6rsel muayene s\u00fcre\u00e7lerinde hassasiyeti artt\u0131rarak \u00f6nceden yakalanmayan hatalar\u0131n tespitine olanak sa\u011flar.<\/div>\t\t\t\t\t\t\t\t<\/div>\n\t\t\t\t<\/div>\n\t\t\t\t\t<\/div>\n\t\t\t\t<\/div>\n\t\t<div class=\"elementor-element elementor-element-3540fb1 e-flex e-con-boxed e-con e-parent\" data-id=\"3540fb1\" data-element_type=\"container\" data-e-type=\"container\">\n\t\t\t\t\t<div class=\"e-con-inner\">\n\t\t<div class=\"elementor-element elementor-element-cbe1cb9 e-con-full e-flex e-con e-child\" data-id=\"cbe1cb9\" data-element_type=\"container\" data-e-type=\"container\">\n\t\t\t\t<div class=\"elementor-element elementor-element-5a61538 elementor-widget__width-inherit elementor-widget elementor-widget-image\" data-id=\"5a61538\" data-element_type=\"widget\" data-e-type=\"widget\" data-widget_type=\"image.default\">\n\t\t\t\t<div class=\"elementor-widget-container\">\n\t\t\t\t\t\t\t\t\t\t\t\t\t\t\t<img fetchpriority=\"high\" decoding=\"async\" width=\"800\" height=\"450\" src=\"https:\/\/lima.com.tr\/wp-content\/uploads\/2025\/10\/Boost_boA13440_On-Arka.webp\" class=\"attachment-large size-large wp-image-19071\" alt=\"\" srcset=\"https:\/\/lima.com.tr\/wp-content\/uploads\/2025\/10\/Boost_boA13440_On-Arka.webp 800w, https:\/\/lima.com.tr\/wp-content\/uploads\/2025\/10\/Boost_boA13440_On-Arka-300x169.webp 300w, https:\/\/lima.com.tr\/wp-content\/uploads\/2025\/10\/Boost_boA13440_On-Arka-768x432.webp 768w, https:\/\/lima.com.tr\/wp-content\/uploads\/2025\/10\/Boost_boA13440_On-Arka-18x10.webp 18w, https:\/\/lima.com.tr\/wp-content\/uploads\/2025\/10\/Boost_boA13440_On-Arka-600x338.webp 600w\" sizes=\"(max-width: 800px) 100vw, 800px\" \/>\t\t\t\t\t\t\t\t\t\t\t\t\t\t\t<\/div>\n\t\t\t\t<\/div>\n\t\t\t\t<\/div>\n\t\t<div class=\"elementor-element elementor-element-9ec136c e-con-full e-flex e-con e-child\" data-id=\"9ec136c\" data-element_type=\"container\" data-e-type=\"container\">\n\t\t\t\t<div class=\"elementor-element elementor-element-086b87a elementor-widget__width-initial elementor-widget elementor-widget-text-editor\" data-id=\"086b87a\" data-element_type=\"widget\" data-e-type=\"widget\" data-widget_type=\"text-editor.default\">\n\t\t\t\t<div class=\"elementor-widget-container\">\n\t\t\t\t\t\t\t\t\t<div align=\"justify\"><strong>boA13440-17cm\u00a0<\/strong> kameras\u0131 M72x0.75-Mount lens i\u00e7in uygun bir g\u00f6vdeyle sunulmaktad\u0131r. \u00d6n boyutlar\u0131 90 mm x 90 mm, derinli\u011fi 54 mm olup a\u011f\u0131rl\u0131\u011f\u0131 700 gramd\u0131r.<\/div><div align=\"justify\">\u00a0<\/div><div align=\"justify\">\u0130leti\u015fim aray\u00fcz\u00fc olarak CoaXPress 2.0 (12.5 gbit) kullanan kameralar, kablolama kolayl\u0131\u011f\u0131 ve geni\u015f bant deste\u011fi sa\u011flarlar.<\/div><div align=\"justify\"><p>FPGA ile yap\u0131lan \u00f6n i\u015fleme s\u00fcreci kameralar\u0131n performas\u0131n\u0131n artt\u0131rman\u0131n yan\u0131 s\u0131ra g\u00f6r\u00fcnt\u00fc verileri \u00fczerinde uyarlanabilir bir \u00e7ok hata d\u00fczeltme se\u00e7ene\u011fi sunar:<\/p><ul><li>D\u00fcz Saha D\u00fczeltimi<\/li><li>Renk D\u00fczeltimi<\/li><li>Kusurl\u0131 Piksel D\u00fczeltimi<\/li><li>Piksel Binning \u0130\u015flevi<\/li><li>De-Bayer Fonksiyonu, gibi<\/li><\/ul><\/div>\t\t\t\t\t\t\t\t<\/div>\n\t\t\t\t<\/div>\n\t\t\t\t<\/div>\n\t\t\t\t\t<\/div>\n\t\t\t\t<\/div>\n\t\t<div class=\"elementor-element elementor-element-63ca820 e-flex e-con-boxed e-con e-parent\" data-id=\"63ca820\" data-element_type=\"container\" data-e-type=\"container\">\n\t\t\t\t\t<div class=\"e-con-inner\">\n\t\t<div class=\"elementor-element elementor-element-cf1fb84 e-con-full e-flex e-con e-child\" data-id=\"cf1fb84\" data-element_type=\"container\" data-e-type=\"container\">\n\t\t\t\t<div class=\"elementor-element elementor-element-6b728db elementor-widget__width-initial elementor-widget elementor-widget-image\" data-id=\"6b728db\" data-element_type=\"widget\" data-e-type=\"widget\" data-widget_type=\"image.default\">\n\t\t\t\t<div class=\"elementor-widget-container\">\n\t\t\t\t\t\t\t\t\t\t\t\t\t\t\t<img decoding=\"async\" width=\"768\" height=\"768\" src=\"https:\/\/lima.com.tr\/wp-content\/uploads\/2025\/10\/Ozellikler-768x768.webp\" class=\"attachment-medium_large size-medium_large wp-image-19072\" alt=\"\" srcset=\"https:\/\/lima.com.tr\/wp-content\/uploads\/2025\/10\/Ozellikler-768x768.webp 768w, https:\/\/lima.com.tr\/wp-content\/uploads\/2025\/10\/Ozellikler-300x300.webp 300w, https:\/\/lima.com.tr\/wp-content\/uploads\/2025\/10\/Ozellikler-1024x1024.webp 1024w, https:\/\/lima.com.tr\/wp-content\/uploads\/2025\/10\/Ozellikler-150x150.webp 150w, https:\/\/lima.com.tr\/wp-content\/uploads\/2025\/10\/Ozellikler-12x12.webp 12w, https:\/\/lima.com.tr\/wp-content\/uploads\/2025\/10\/Ozellikler-600x600.webp 600w, https:\/\/lima.com.tr\/wp-content\/uploads\/2025\/10\/Ozellikler-100x100.webp 100w, https:\/\/lima.com.tr\/wp-content\/uploads\/2025\/10\/Ozellikler.webp 1080w\" sizes=\"(max-width: 768px) 100vw, 768px\" \/>\t\t\t\t\t\t\t\t\t\t\t\t\t\t\t<\/div>\n\t\t\t\t<\/div>\n\t\t\t\t<\/div>\n\t\t<div class=\"elementor-element elementor-element-6c5ce98 e-con-full e-flex e-con e-child\" data-id=\"6c5ce98\" data-element_type=\"container\" data-e-type=\"container\">\n\t\t\t\t<div class=\"elementor-element elementor-element-77a3bd5 elementor-widget elementor-widget-text-editor\" data-id=\"77a3bd5\" data-element_type=\"widget\" data-e-type=\"widget\" data-widget_type=\"text-editor.default\">\n\t\t\t\t<div class=\"elementor-widget-container\">\n\t\t\t\t\t\t\t\t\t<p><span style=\"font-size: 26px;\"><strong>Teknik \u00d6zellikler (boA13440-17cm)<\/strong><\/span><\/p><p><strong>Spektrum :<\/strong> VIS<\/p><p><strong>Renkli \/ Mono :<\/strong>\u00a0Mono<\/p><p><strong>\u00c7\u00f6z\u00fcn\u00fcrl\u00fck :<\/strong>\u00a0127MP<\/p><p><strong>Sens\u00f6r :<\/strong> Sony IMX661<\/p><p><strong>\u0130leti\u015fim Aray\u00fcz\u00fc :<\/strong> CoaXPress,\u00a02x CXP-12<\/p><p><strong>Pozlama Kontrol : <\/strong>Donan\u0131msal, Yaz\u0131l\u0131mla, Serbest<\/p><p><strong>Dijital Giri\u015f :<\/strong> 1<\/p><p><strong>Genel Ama\u00e7l\u0131 G\/\u00c7 :<\/strong>\u00a02<\/p><p><strong>G\u00fc\u00e7 Gereksinimi : <\/strong>10.6 W (24VDC)<\/p>\t\t\t\t\t\t\t\t<\/div>\n\t\t\t\t<\/div>\n\t\t\t\t<\/div>\n\t\t\t\t\t<\/div>\n\t\t\t\t<\/div>\n\t\t\t\t<\/div>","protected":false},"excerpt":{"rendered":"<h2>Basler Boost 127MP, Mono, 17 fps, 2x CXP-12, \u00c7ok Y\u00fcksek \u00c7\u00f6z\u00fcn\u00fcrl\u00fckl\u00fc Kamera<\/h2>","protected":false},"featured_media":19057,"template":"","meta":[],"product_brand":[],"product_cat":[1656,50,3957,3926,1665,1640,1682,49,1651,1642,1626,1673],"product_tag":[45,44,43,47],"class_list":{"0":"post-19054","1":"product","2":"type-product","3":"status-publish","4":"has-post-thumbnail","6":"product_cat-akilli-sehir-altyapi","7":"product_cat-alan-tarama-kameralari","8":"product_cat-alan-tarama-basler","9":"product_cat-basler-is-ortagi","10":"product_cat-endustriyel-kameralar-akilli-sehir","11":"product_cat-endustriyel-kameralar-ulasim","12":"product_cat-endustriyel-kameralar-uretim","13":"product_cat-endustriyel-kameralar","14":"product_cat-endustriyel-kameralar-guvenlik","15":"product_cat-guvenlik","16":"product_cat-ulasim","17":"product_cat-uretim","18":"product_tag-akilli-sehir","19":"product_tag-guvenlik","20":"product_tag-ulasim","21":"product_tag-uretim","22":"pa_arayuz-2x-cxp-12","23":"pa_arayuz-coaxpress","24":"pa_cekim-hizi-659","25":"pa_cozumler-ve-urunler-yapay-gorme","26":"pa_cozunurluk-127-mp","27":"pa_cozunurluk-yatay-x-dikey-13376-x-9528","28":"pa_lens-tipi-m72x0-75","29":"pa_mono-renkli-mono","30":"pa_piksel-boyutu-3-45-m","31":"pa_sensor-boyu-3-2","32":"pa_sensor-modeli-imx661","33":"pa_shutter-tipi-global","34":"pa_tip-alan-tarama-kamerasi","35":"pa_uretici-basler","36":"pa_urun-gruplari-endustriyel-kameralar","37":"pa_urun-serisi-boost-r","39":"first","40":"outofstock","41":"shipping-taxable","42":"product-type-simple"},"_links":{"self":[{"href":"https:\/\/lima.com.tr\/en\/wp-json\/wp\/v2\/product\/19054","targetHints":{"allow":["GET"]}}],"collection":[{"href":"https:\/\/lima.com.tr\/en\/wp-json\/wp\/v2\/product"}],"about":[{"href":"https:\/\/lima.com.tr\/en\/wp-json\/wp\/v2\/types\/product"}],"version-history":[{"count":5,"href":"https:\/\/lima.com.tr\/en\/wp-json\/wp\/v2\/product\/19054\/revisions"}],"predecessor-version":[{"id":19094,"href":"https:\/\/lima.com.tr\/en\/wp-json\/wp\/v2\/product\/19054\/revisions\/19094"}],"wp:featuredmedia":[{"embeddable":true,"href":"https:\/\/lima.com.tr\/en\/wp-json\/wp\/v2\/media\/19057"}],"wp:attachment":[{"href":"https:\/\/lima.com.tr\/en\/wp-json\/wp\/v2\/media?parent=19054"}],"wp:term":[{"taxonomy":"product_brand","embeddable":true,"href":"https:\/\/lima.com.tr\/en\/wp-json\/wp\/v2\/product_brand?post=19054"},{"taxonomy":"product_cat","embeddable":true,"href":"https:\/\/lima.com.tr\/en\/wp-json\/wp\/v2\/product_cat?post=19054"},{"taxonomy":"product_tag","embeddable":true,"href":"https:\/\/lima.com.tr\/en\/wp-json\/wp\/v2\/product_tag?post=19054"}],"curies":[{"name":"wp","href":"https:\/\/api.w.org\/{rel}","templated":true}]}}