{"id":18795,"date":"2025-04-15T12:49:45","date_gmt":"2025-04-15T09:49:45","guid":{"rendered":"https:\/\/lima.com.tr\/?post_type=product&#038;p=18795"},"modified":"2025-04-15T13:04:59","modified_gmt":"2025-04-15T10:04:59","slug":"a2a5060-35cc","status":"publish","type":"product","link":"https:\/\/lima.com.tr\/en\/shop\/yapay-gorme\/endustriyel-kameralar\/alan-tarama-kameralari\/a2a5060-35cc\/","title":{"rendered":"a2A5060-35cc"},"content":{"rendered":"<div data-elementor-type=\"product-post\" data-elementor-id=\"18795\" class=\"elementor elementor-18795\" data-elementor-post-type=\"product\">\n\t\t\t\t<div class=\"elementor-element elementor-element-87e018d e-flex e-con-boxed e-con e-parent\" data-id=\"87e018d\" data-element_type=\"container\" data-e-type=\"container\">\n\t\t\t\t\t<div class=\"e-con-inner\">\n\t\t\t\t<div class=\"elementor-element elementor-element-65fa8c5 elementor-widget elementor-widget-text-editor\" data-id=\"65fa8c5\" data-element_type=\"widget\" data-e-type=\"widget\" data-widget_type=\"text-editor.default\">\n\t\t\t\t<div class=\"elementor-widget-container\">\n\t\t\t\t\t\t\t\t\t<div align=\"justify\">Basler&#8217;in <strong>ace 2 V<\/strong> serisi alan tarama kameralar\u0131ndan olan <strong>a2A5060-35cc<\/strong>&nbsp;sens\u00f6r olarak tam kare (12.65mmx 12.65mm) alanl\u0131 <strong>E2525A<\/strong> sens\u00f6r\u00fcn\u00fc kullan\u0131r. Kamera 25MP (5064 px \u00d7 5064 px) \u00e7\u00f6z\u00fcn\u00fcrl\u00fckte, 35<span style=\"color: var( --e-global-color-text ); font-family: var( --e-global-typography-text-font-family ); font-weight: var( --e-global-typography-text-font-weight ); font-size: 1rem;\">&nbsp;fps h\u0131z\u0131nda<\/span><span style=\"color: var( --e-global-color-text ); font-family: var( --e-global-typography-text-font-family ); font-weight: var( --e-global-typography-text-font-weight ); text-align: var(--text-align); font-size: 1rem;\">, renkli g\u00f6r\u00fcnt\u00fc yakalayabilmektedir.<\/span><\/div>\n<div align=\"justify\"><span style=\"color: var( --e-global-color-text ); font-family: var( --e-global-typography-text-font-family ); font-weight: var( --e-global-typography-text-font-weight ); text-align: var(--text-align); font-size: 1rem;\">&nbsp;<\/span><\/div>\n<div align=\"justify\">Bu \u00fcr\u00fcn\u00fcn monokrom modeli de bulunmaktad\u0131r.<\/div>\t\t\t\t\t\t\t\t<\/div>\n\t\t\t\t<\/div>\n\t\t\t\t<div class=\"elementor-element elementor-element-9c021ba elementor-widget elementor-widget-image\" data-id=\"9c021ba\" data-element_type=\"widget\" data-e-type=\"widget\" data-widget_type=\"image.default\">\n\t\t\t\t<div class=\"elementor-widget-container\">\n\t\t\t\t\t\t\t\t\t\t\t\t\t\t\t<img decoding=\"async\" src=\"https:\/\/lima.com.tr\/wp-content\/uploads\/2025\/04\/ace2_square.gif\" title=\"ace2_square\" alt=\"ace2_square\" loading=\"lazy\" \/>\t\t\t\t\t\t\t\t\t\t\t\t\t\t\t<\/div>\n\t\t\t\t<\/div>\n\t\t\t\t\t<\/div>\n\t\t\t\t<\/div>\n\t\t<div class=\"elementor-element elementor-element-890e6c6 e-grid e-con-boxed e-con e-parent\" data-id=\"890e6c6\" data-element_type=\"container\" data-e-type=\"container\">\n\t\t\t\t\t<div class=\"e-con-inner\">\n\t\t\t\t<div class=\"elementor-element elementor-element-6e78ba1 elementor-widget elementor-widget-text-editor\" data-id=\"6e78ba1\" data-element_type=\"widget\" data-e-type=\"widget\" data-widget_type=\"text-editor.default\">\n\t\t\t\t<div class=\"elementor-widget-container\">\n\t\t\t\t\t\t\t\t\t<div align=\"justify\"><strong>a2A5060-35cc<\/strong> kemeras\u0131 C-mount lens i\u00e7in uygun bir g\u00f6vdeyle sunulmaktad\u0131r. \u00d6n boyutlar\u0131 29 mm x 29 mm, derinli\u011fi 42.8 mm olup a\u011f\u0131rl\u0131\u011f\u0131 76 gramd\u0131r.<\/div>\n<div align=\"justify\">&nbsp;<\/div>\n<div align=\"justify\">\u0130leti\u015fim aray\u00fcz\u00fc olarak CoaXPress 2.0 (12.5 gbit) kullanan kameralar, kablolama kolayl\u0131\u011f\u0131 ve geni\u015f bant deste\u011fi sa\u011flarlar.<\/div>\t\t\t\t\t\t\t\t<\/div>\n\t\t\t\t<\/div>\n\t\t\t\t<div class=\"elementor-element elementor-element-6c61ec7 elementor-widget elementor-widget-image\" data-id=\"6c61ec7\" data-element_type=\"widget\" data-e-type=\"widget\" data-widget_type=\"image.default\">\n\t\t\t\t<div class=\"elementor-widget-container\">\n\t\t\t\t\t\t\t\t\t\t\t\t\t\t\t<img fetchpriority=\"high\" decoding=\"async\" width=\"300\" height=\"225\" src=\"https:\/\/lima.com.tr\/wp-content\/uploads\/2025\/04\/a2A5060-35cc_02-300x225.webp\" class=\"attachment-medium size-medium wp-image-18800\" alt=\"\" srcset=\"https:\/\/lima.com.tr\/wp-content\/uploads\/2025\/04\/a2A5060-35cc_02-300x225.webp 300w, https:\/\/lima.com.tr\/wp-content\/uploads\/2025\/04\/a2A5060-35cc_02-768x576.webp 768w, https:\/\/lima.com.tr\/wp-content\/uploads\/2025\/04\/a2A5060-35cc_02-16x12.webp 16w, https:\/\/lima.com.tr\/wp-content\/uploads\/2025\/04\/a2A5060-35cc_02-600x450.webp 600w, https:\/\/lima.com.tr\/wp-content\/uploads\/2025\/04\/a2A5060-35cc_02.webp 800w\" sizes=\"(max-width: 300px) 100vw, 300px\" \/>\t\t\t\t\t\t\t\t\t\t\t\t\t\t\t<\/div>\n\t\t\t\t<\/div>\n\t\t\t\t<div class=\"elementor-element elementor-element-c573826 elementor-widget elementor-widget-text-editor\" data-id=\"c573826\" data-element_type=\"widget\" data-e-type=\"widget\" data-widget_type=\"text-editor.default\">\n\t\t\t\t<div class=\"elementor-widget-container\">\n\t\t\t\t\t\t\t\t\t&nbsp;\t\t\t\t\t\t\t\t<\/div>\n\t\t\t\t<\/div>\n\t\t\t\t<div class=\"elementor-element elementor-element-d288c5d elementor-align-right elementor-widget elementor-widget-button\" data-id=\"d288c5d\" data-element_type=\"widget\" data-e-type=\"widget\" data-widget_type=\"button.default\">\n\t\t\t\t<div class=\"elementor-widget-container\">\n\t\t\t\t\t\t\t\t\t<div class=\"elementor-button-wrapper\">\n\t\t\t\t\t<a class=\"elementor-button elementor-button-link elementor-size-sm\" href=\"https:\/\/lima.com.tr\/en\/News\/Basler\/Basler_Brosuru.pdf\/\" target=\"_blank\">\n\t\t\t\t\t\t<span class=\"elementor-button-content-wrapper\">\n\t\t\t\t\t\t<span class=\"elementor-button-icon\">\n\t\t\t\t<svg aria-hidden=\"true\" class=\"e-font-icon-svg e-far-file-pdf\" viewbox=\"0 0 384 512\" xmlns=\"http:\/\/www.w3.org\/2000\/svg\"><path d=\"M369.9 97.9L286 14C277 5 264.8-.1 252.1-.1H48C21.5 0 0 21.5 0 48v416c0 26.5 21.5 48 48 48h288c26.5 0 48-21.5 48-48V131.9c0-12.7-5.1-25-14.1-34zM332.1 128H256V51.9l76.1 76.1zM48 464V48h160v104c0 13.3 10.7 24 24 24h104v288H48zm250.2-143.7c-12.2-12-47-8.7-64.4-6.5-17.2-10.5-28.7-25-36.8-46.3 3.9-16.1 10.1-40.6 5.4-56-4.2-26.2-37.8-23.6-42.6-5.9-4.4 16.1-.4 38.5 7 67.1-10 23.9-24.9 56-35.4 74.4-20 10.3-47 26.2-51 46.2-3.3 15.8 26 55.2 76.1-31.2 22.4-7.4 46.8-16.5 68.4-20.1 18.9 10.2 41 17 55.8 17 25.5 0 28-28.2 17.5-38.7zm-198.1 77.8c5.1-13.7 24.5-29.5 30.4-35-19 30.3-30.4 35.7-30.4 35zm81.6-190.6c7.4 0 6.7 32.1 1.8 40.8-4.4-13.9-4.3-40.8-1.8-40.8zm-24.4 136.6c9.7-16.9 18-37 24.7-54.7 8.3 15.1 18.9 27.2 30.1 35.5-20.8 4.3-38.9 13.1-54.8 19.2zm131.6-5s-5 6-37.3-7.8c35.1-2.6 40.9 5.4 37.3 7.8z\"><\/path><\/svg>\t\t\t<\/span>\n\t\t\t\t\t\t\t\t\t<span class=\"elementor-button-text\">Basler \u00dcr\u00fcn Katalo\u011fu<\/span>\n\t\t\t\t\t<\/span>\n\t\t\t\t\t<\/a>\n\t\t\t\t<\/div>\n\t\t\t\t\t\t\t\t<\/div>\n\t\t\t\t<\/div>\n\t\t\t\t\t<\/div>\n\t\t\t\t<\/div>\n\t\t<div class=\"elementor-element elementor-element-601a9a3 e-flex e-con-boxed e-con e-parent\" data-id=\"601a9a3\" data-element_type=\"container\" data-e-type=\"container\">\n\t\t\t\t\t<div class=\"e-con-inner\">\n\t\t\t\t<div class=\"elementor-element elementor-element-1f0eef9 elementor-widget elementor-widget-text-editor\" data-id=\"1f0eef9\" data-element_type=\"widget\" data-e-type=\"widget\" data-widget_type=\"text-editor.default\">\n\t\t\t\t<div class=\"elementor-widget-container\">\n\t\t\t\t\t\t\t\t\t<p><span style=\"font-size: 26px;\"><strong>Teknik \u00d6zellikler (a2A5060-35cc)<\/strong><\/span><\/p><p><strong>Spektrum :<\/strong> VIS<\/p><p><strong>Renkli \/ Mono :<\/strong> Renkli<\/p><p><strong>\u00c7\u00f6z\u00fcn\u00fcrl\u00fck :<\/strong>\u00a025MP<\/p><p><strong>Renk Derinli\u011fi :<\/strong> 8\/10\/12-bit<\/p><p><strong>Sens\u00f6r :<\/strong> E2525A<\/p><p><strong>\u0130leti\u015fim Aray\u00fcz\u00fc :<\/strong> CXP-12 (2.5\u201312.5 Gbps)<\/p><p><strong>Pozlama Kontrol : <\/strong>Tetikleme veya zamanlama<\/p><p><strong>Dijital Giri\u015f :<\/strong> 1<\/p><p><strong>Genel Ama\u00e7l\u0131 G\/\u00c7 :<\/strong>\u00a02<\/p><p><strong>G\u00fc\u00e7 Gereksinimi : <\/strong>4.1W<\/p>\t\t\t\t\t\t\t\t<\/div>\n\t\t\t\t<\/div>\n\t\t\t\t\t<\/div>\n\t\t\t\t<\/div>\n\t\t\t\t<\/div>","protected":false},"excerpt":{"rendered":"<h2>Basler 25MP, Renkli, 35fps, CXP-12, Alan Tarama Kameras\u0131<\/h2>","protected":false},"featured_media":18798,"template":"","meta":[],"product_brand":[],"product_cat":[1656,50,3957,3926,1682,1651,1665,1640,49,1642,1626,1673,42],"product_tag":[45,44,43,47],"class_list":{"0":"post-18795","1":"product","2":"type-product","3":"status-publish","4":"has-post-thumbnail","6":"product_cat-akilli-sehir-altyapi","7":"product_cat-alan-tarama-kameralari","8":"product_cat-alan-tarama-basler","9":"product_cat-basler-is-ortagi","10":"product_cat-endustriyel-kameralar-uretim","11":"product_cat-endustriyel-kameralar-guvenlik","12":"product_cat-endustriyel-kameralar-akilli-sehir","13":"product_cat-endustriyel-kameralar-ulasim","14":"product_cat-endustriyel-kameralar","15":"product_cat-guvenlik","16":"product_cat-ulasim","17":"product_cat-uretim","18":"product_cat-yapay-gorme","19":"product_tag-akilli-sehir","20":"product_tag-guvenlik","21":"product_tag-ulasim","22":"product_tag-uretim","23":"pa_arayuz-coaxpress","24":"pa_cekim-hizi-35-en","25":"pa_cozumler-ve-urunler-yapay-gorme","26":"pa_cozunurluk-25-mp","27":"pa_cozunurluk-yatay-x-dikey-5064-x-5064","28":"pa_endustriyel-kameralar-alan-tarama-kameralari","29":"pa_lens-tipi-c-mount","30":"pa_mono-renkli-renkli","31":"pa_piksel-boyutu-2-5-m","32":"pa_sensor-boyu-1-1","33":"pa_sensor-modeli-e2525a","34":"pa_shutter-tipi-global-en","35":"pa_tip-alan-tarama-kamerasi","36":"pa_uretici-basler","37":"pa_urun-gruplari-endustriyel-kameralar","38":"pa_urun-no-4147","39":"pa_urun-serisi-ace-2-v","41":"first","42":"outofstock","43":"shipping-taxable","44":"product-type-variable"},"_links":{"self":[{"href":"https:\/\/lima.com.tr\/en\/wp-json\/wp\/v2\/product\/18795","targetHints":{"allow":["GET"]}}],"collection":[{"href":"https:\/\/lima.com.tr\/en\/wp-json\/wp\/v2\/product"}],"about":[{"href":"https:\/\/lima.com.tr\/en\/wp-json\/wp\/v2\/types\/product"}],"version-history":[{"count":5,"href":"https:\/\/lima.com.tr\/en\/wp-json\/wp\/v2\/product\/18795\/revisions"}],"predecessor-version":[{"id":19059,"href":"https:\/\/lima.com.tr\/en\/wp-json\/wp\/v2\/product\/18795\/revisions\/19059"}],"wp:featuredmedia":[{"embeddable":true,"href":"https:\/\/lima.com.tr\/en\/wp-json\/wp\/v2\/media\/18798"}],"wp:attachment":[{"href":"https:\/\/lima.com.tr\/en\/wp-json\/wp\/v2\/media?parent=18795"}],"wp:term":[{"taxonomy":"product_brand","embeddable":true,"href":"https:\/\/lima.com.tr\/en\/wp-json\/wp\/v2\/product_brand?post=18795"},{"taxonomy":"product_cat","embeddable":true,"href":"https:\/\/lima.com.tr\/en\/wp-json\/wp\/v2\/product_cat?post=18795"},{"taxonomy":"product_tag","embeddable":true,"href":"https:\/\/lima.com.tr\/en\/wp-json\/wp\/v2\/product_tag?post=18795"}],"curies":[{"name":"wp","href":"https:\/\/api.w.org\/{rel}","templated":true}]}}