{"id":18686,"date":"2025-04-10T14:52:48","date_gmt":"2025-04-10T11:52:48","guid":{"rendered":"https:\/\/lima.com.tr\/?post_type=product&#038;p=18686"},"modified":"2025-04-10T15:09:19","modified_gmt":"2025-04-10T12:09:19","slug":"som-5885","status":"publish","type":"product","link":"https:\/\/lima.com.tr\/en\/shop\/endustriyel-bilisim\/islemci-modulleri\/comexpress\/basic\/som-5885\/","title":{"rendered":"SOM-5885"},"content":{"rendered":"<p style=\"text-align: justify;\">Advantech&#8217;in SOM-5885 i\u015flemci mod\u00fclleri Intel\u00ae Core\u2122 Ultra 100 serisi i\u015flemcileri ve b\u00fct\u00fcnle\u015fik Xe-LPG grafik i\u015flemcisiyle toplam 32 TOPS NPU g\u00fcc\u00fc sa\u011flayabilmektedir. Yayg\u0131n kullan\u0131lan COM Express\u00ae Basic R3.1 &#8211; Tip 6 mimarisiyle geli\u015fkin \u00f6zellikler sunarlar. Dual BIOS deste\u011fi mod\u00fcllere ek g\u00fcveenlik sa\u011flarken \u00fczerlerindeki iki DDR5-5600 SODIMM yuvas\u0131 sayesinde 96GB belle\u011fi desteklerler. Geli\u015ftirlecek bir ta\u015f\u0131y\u0131c\u0131 kart \u00fczerinden a\u015fa\u011f\u0131daki aray\u00fczlerin kullan\u0131m\u0131na olanak sa\u011flar:<\/p>\n<p style=\"padding-left: 40px;\">4 x 4K Video \u00c7\u0131k\u0131\u015f\u0131<br \/>\n2 x USB 4<br \/>\n2 x USB 3.2 Gen2<br \/>\n2 x SATA 3.0<br \/>\n2.5GbE<br \/>\nPCIe x8 Gen4<\/p>\n<div align=\"center\"><img decoding=\"async\" src=\"https:\/\/lima.com.tr\/wp-content\/uploads\/2025\/04\/SOM-5885-AI.webp\" width=\"80%\" \/><\/div>\n<p><\/br><\/p>\n<p style=\"text-align: justify;\">SOM-5885 standart olarak farkl\u0131 sekiz i\u015flemci modeliyle sunulmaktad\u0131r:<\/p>\n<h3><strong>\u0130\u015flemciler ve Modeller<\/strong><\/h3>\n<table width=\"800\">\n<tbody>\n<tr>\n<td width=\"150\"><strong>Advantech Model No<\/strong><\/td>\n<td width=\"120\"><strong>Processor Model<\/strong><\/td>\n<td width=\"50\"><strong>\u00c7ekirdek Say\u0131s\u0131<\/strong><\/td>\n<td width=\"100\"><strong>Turbo\/Baz Frekans<\/strong><\/td>\n<td width=\"60\"><strong>vPro<\/strong><\/td>\n<td width=\"50\"><strong>TDP<\/strong><\/td>\n<td width=\"60\"><strong>Operating Temperature<\/strong><\/td>\n<\/tr>\n<tr>\n<td>SOM-5885C7HV-S4A1<\/td>\n<td>Core Ultra 7 165H<\/td>\n<td>16<\/td>\n<td>5 GHz \/ 1.4 GHz<\/td>\n<td>Var<\/td>\n<td>45 W<\/td>\n<td>0~60\u00b0C<\/td>\n<\/tr>\n<tr>\n<td>SOM-5885C7H-S4A1<\/td>\n<td>Core Ultra 7 155H<\/td>\n<td>16<\/td>\n<td>4.8 GHz \/ 1.4 GHz<\/td>\n<td>Not Available<\/td>\n<td>45 W<\/td>\n<td>0~60\u00b0C<\/td>\n<\/tr>\n<tr>\n<td>SOM-5885C5H-S2A1<\/td>\n<td>Core Ultra 5 125H<\/td>\n<td>14<\/td>\n<td>4.5 GHz \/ 1.2 GHz<\/td>\n<td>Not Available<\/td>\n<td>45 W<\/td>\n<td>0~60\u00b0C<\/td>\n<\/tr>\n<tr>\n<td>SOM-5885C7UV-S7A1<\/td>\n<td>Core Ultra 7 165U<\/td>\n<td>12<\/td>\n<td>4.9 GHz \/ 1.7 GHz<\/td>\n<td>Var<\/td>\n<td>28 W<\/td>\n<td>0~60\u00b0C<\/td>\n<\/tr>\n<tr>\n<td>SOM-5885R7HVX-S2A1<\/td>\n<td>Core Ultra 7 265H<\/td>\n<td>16<\/td>\n<td>5.3 GHz \/ 1.2 GHz<\/td>\n<td>Var<\/td>\n<td>45 W<\/td>\n<td>-40~85\u00b0C<\/td>\n<\/tr>\n<tr>\n<td>SOM-5885RC7HX-S2A1<\/td>\n<td>Core Ultra 7 255H<\/td>\n<td>16<\/td>\n<td>5.1 GHz \/ 1.2 GHz<\/td>\n<td>Not Available<\/td>\n<td>45 W<\/td>\n<td>-40~85\u00b0C<\/td>\n<\/tr>\n<tr>\n<td>SOM-5885RC5HX-S2A1<\/td>\n<td>Core Ultra 5 225H<\/td>\n<td>14<\/td>\n<td>4.9 GHz \/ 1.2 GHz<\/td>\n<td>Not Available<\/td>\n<td>45 W<\/td>\n<td>-40~85\u00b0C<\/td>\n<\/tr>\n<tr>\n<td>SOM-5885RC7UX-S8A1<\/td>\n<td>Core Ultra 7 255U<\/td>\n<td>12<\/td>\n<td>5.2 GHz \/ 1.5 GHz<\/td>\n<td>Not Available<\/td>\n<td>28 W<\/td>\n<td>-40~85\u00b0C<\/td>\n<\/tr>\n<\/tbody>\n<\/table>\n<table width=\"800\" align=\"center\">\n<tbody>\n<tr>\n<td style=\"background-color: #ffffff; border-style: none; vertical-align: middle;\" width=\"20%\"><img decoding=\"async\" src=\"https:\/\/lima.com.tr\/wp-content\/uploads\/2025\/04\/Advantech-QFCS.webp\" width=\"100%\" \/><\/td>\n<td style=\"background-color: #ffffff; border-style: none; vertical-align: middle;\" width=\"80%\">\n<p style=\"text-align: justify;\">Toplu proje al\u0131mlar\u0131nda gelebilecek talepler \u00e7er\u00e7evesinde farkl\u0131 i\u015flemci se\u00e7enekleri sunulmaktad\u0131r.<\/br><br \/>\n\u0130\u015flemcilerin \u0131s\u0131narak i\u015flemci performans\u0131n\u0131 k\u0131smas\u0131n\u0131 (&#8220;throttling&#8221;) \u00f6nlemek \u00fczere Advantech Quadro Flow Cooling System (QFCS) kapsam\u0131nda \u00fcretilen kompakt, aktif so\u011futucular kullan\u0131labilir.<\/p>\n<\/td>\n<\/tr>\n<\/tbody>\n<\/table>\n<table width=\"800\" align=\"center\">\n<tbody>\n<tr>\n<td style=\"background-color: #ffffff; border-style: none; vertical-align: middle;\" width=\"70%\">\n<p style=\"text-align: justify;\">Advantech ta\u015f\u0131y\u0131c\u0131 kart geli\u015ftirme s\u00fcre\u00e7lerindeki proje \u00e7al\u0131\u015fmalar\u0131n\u0131 h\u0131zland\u0131rmak \u00fczere<a href=\"https:\/\/lima.com.tr\/wp-content\/uploads\/2025\/04\/SOM-DB5830.pdf\" target=\"_blank\" rel=\"noopener\"> SOM-DB5830<\/a> gibi \u00f6rnek ta\u015f\u0131y\u0131c\u0131 kartlar sunmaktad\u0131r.<\/br><br \/>\nMod\u00fcller, Advantech iManager, WISE-PaaS\/DeviceOn ve API k\u00fct\u00fcphaneleri gibi uygulama geli\u015ftirmeyi h\u0131zland\u0131racak yaz\u0131l\u0131mlarla birlikte gelmektedir.\n<\/p>\n<\/td>\n<td style=\"background-color: #ffffff; border-style: none; vertical-align: middle;\" width=\"30%\"><a href=\"https:\/\/lima.com.tr\/wp-content\/uploads\/2025\/04\/SOM-DB5830.pdf\" target=\"_blank\" rel=\"noopener\"><img decoding=\"async\" src=\"https:\/\/lima.com.tr\/wp-content\/uploads\/2025\/04\/SOM-DB5830.webp\" width=\"100%\" \/><\/a><\/td>\n<\/tr>\n<\/tbody>\n<\/table>\n<p style=\"text-align: justify;\">SOM-5885; savunma sekt\u00f6r\u00fc ara\u00e7lar\u0131, makine otomasyonu, otonom ayg\u0131tlar ve g\u00fcvenlik sistemleri gibi kritik g\u00f6m\u00fcl\u00fc sistem uygulamalar\u0131n\u0131za yapay zeka g\u00fcc\u00fc katacakt\u0131r.<\/br><\/p>","protected":false},"excerpt":{"rendered":"<p>COM Express\u00ae \u0130\u015flemci Mod\u00fcl\u00fc<br \/>\n R3.1 Basic &#8211; Tip 6, Intel\u00ae Core\u2122 Ultra \u0130\u015flemci, 4 x 4K Video, USB 4 ve USB 3.2 Gen2, SATA 3.0, 2.5GbE, PCIe x8 Gen4<\/p>","protected":false},"featured_media":18688,"template":"","meta":[],"product_brand":[],"product_cat":[3925,120,117,39,1642,1686,1655,116,1684],"product_tag":[45,44,46],"class_list":{"0":"post-18686","1":"product","2":"type-product","3":"status-publish","4":"has-post-thumbnail","6":"product_cat-advantech","7":"product_cat-basic","8":"product_cat-comexpress","9":"product_cat-endustriyel-bilisim","10":"product_cat-guvenlik","11":"product_cat-islemci-modulleri-savunma","12":"product_cat-islemci-modulleri-guvenlik","13":"product_cat-islemci-modulleri","14":"product_cat-savunma","15":"product_tag-akilli-sehir","16":"product_tag-guvenlik","17":"product_tag-savunma","18":"pa_cozumler-ve-urunler-endustriyel-bilisim","19":"pa_depolama-secenekleri-2-x-sata","20":"pa_digital-i-o-8-bit-en","21":"pa_grafik-cikisi-1-x-lvds","22":"pa_grafik-cikisi-3-x-ddi","23":"pa_islemci-modeli-ultra-100","24":"pa_islemci-sinifi-intel-core-2","25":"pa_line-ses-cikis-1-adet","26":"pa_ram-maks-96-gb","27":"pa_rs-232-2-adet","28":"pa_uretici-advantech","29":"pa_urun-gruplari-processor-modules","30":"pa_usb-2-0-8-adet","32":"first","33":"outofstock","34":"shipping-taxable","35":"product-type-simple"},"_links":{"self":[{"href":"https:\/\/lima.com.tr\/en\/wp-json\/wp\/v2\/product\/18686","targetHints":{"allow":["GET"]}}],"collection":[{"href":"https:\/\/lima.com.tr\/en\/wp-json\/wp\/v2\/product"}],"about":[{"href":"https:\/\/lima.com.tr\/en\/wp-json\/wp\/v2\/types\/product"}],"version-history":[{"count":5,"href":"https:\/\/lima.com.tr\/en\/wp-json\/wp\/v2\/product\/18686\/revisions"}],"predecessor-version":[{"id":18752,"href":"https:\/\/lima.com.tr\/en\/wp-json\/wp\/v2\/product\/18686\/revisions\/18752"}],"wp:featuredmedia":[{"embeddable":true,"href":"https:\/\/lima.com.tr\/en\/wp-json\/wp\/v2\/media\/18688"}],"wp:attachment":[{"href":"https:\/\/lima.com.tr\/en\/wp-json\/wp\/v2\/media?parent=18686"}],"wp:term":[{"taxonomy":"product_brand","embeddable":true,"href":"https:\/\/lima.com.tr\/en\/wp-json\/wp\/v2\/product_brand?post=18686"},{"taxonomy":"product_cat","embeddable":true,"href":"https:\/\/lima.com.tr\/en\/wp-json\/wp\/v2\/product_cat?post=18686"},{"taxonomy":"product_tag","embeddable":true,"href":"https:\/\/lima.com.tr\/en\/wp-json\/wp\/v2\/product_tag?post=18686"}],"curies":[{"name":"wp","href":"https:\/\/api.w.org\/{rel}","templated":true}]}}