{"id":18681,"date":"2025-04-11T15:04:09","date_gmt":"2025-04-11T12:04:09","guid":{"rendered":"https:\/\/lima.com.tr\/?post_type=product&#038;p=18681"},"modified":"2025-04-11T16:09:07","modified_gmt":"2025-04-11T13:09:07","slug":"nuvo-11000","status":"publish","type":"product","link":"https:\/\/lima.com.tr\/en\/shop\/yapay-gorme\/yapay-gorme-pc\/core-i-tabanli-yapay-gorme-pc\/nuvo-11000\/","title":{"rendered":"Nuvo-11000"},"content":{"rendered":"<h1><span style=\"font-size: 20.0pt;\"><strong>Nuvo-11000; Yapay Zeka Becerili, Y\u00fcksek Dayan\u0131ml\u0131 Bilgisayar Serisi<\/strong><\/span><\/h1>\n<p style=\"text-align: justify;\">Nuvo-11000 serisi y\u00fcksek dayan\u0131ml\u0131 bilgisayarlar; Intel\u00ae Core\u2122 Ultra 200S i\u015flemciler (kod ad\u0131 Arrow Lake) ve b\u00fct\u00fcnle\u015fik AI NPU i\u015flemcileriyle; Ultra 100 serisine g\u00f6re CPU performans\u0131nda yakla\u015f\u0131k 1,2 kat art\u0131\u015f sa\u011flamaktad\u0131r. Ultra 200S i\u015flemci ve b\u00fct\u00fcnle\u015fik Intel\u00ae \u00a0Xe-LPG grafik i\u015flemci yard\u0131m\u0131yla yapay zeka NPU performans\u0131 36TOPS&#8217;a eri\u015fmektedir. DDR5-6400 bellek ve PCIe Gen5 deste\u011fiyle, \u00e7e\u015fitli end\u00fcstriyel uygulamalarda performans\u0131 optimize ederek i\u015flem g\u00fcc\u00fcn\u00fc \u00f6nemli \u00f6l\u00e7\u00fcde art\u0131r\u0131rlar.<\/p>\n<p>&nbsp;<\/p>\n<div align=\"middle\"><img decoding=\"async\" src=\"https:\/\/lima.com.tr\/wp-content\/uploads\/2025\/04\/Nuvo-11000-Ad.webp\" width=\"95%;\" \/><\/div>\n<p style=\"text-align: justify;\">Bilgisayarlar Intel\u00ae Core\u2122 Ultra 200 serisinin, LGA 1851 soketli, 35W ve 65W TDP \u00f6zellikli farkl\u0131 i\u015flemcilerini desteklemektedir:<\/p>\n<ul>\n<li style=\"list-style-type: none;\"><\/li>\n<li>Intel\u00ae Core\u2122 Ultra 9 285\/285T<\/li>\n<li>Intel\u00ae Core\u2122 Ultra 7 265\/265T<\/li>\n<li>Intel\u00ae Core\u2122 Ultra 5 245\/245T\/225\/225T<\/li>\n<\/ul>\n<p>&nbsp;<\/p>\n<p style=\"text-align: justify;\">Nuvo-11000 serisi, end\u00fcstriyel uygulamalar i\u00e7in kapsaml\u0131 G\/\u00c7 yetenekleri sunar. Se\u00e7imli olarak PoE+ \u00f6zelli\u011fine sahip be\u015f 2,5 Gb ve bir 1 Gb Ethernet portu, y\u00fcksek h\u0131zl\u0131 veri aktar\u0131m\u0131, 10 Gb end\u00fcstriyel kamera i\u00e7in yine se\u00e7imli bir 10 GbE portu ve yapay g\u00f6rme kameralar\u0131 i\u00e7in sekiz USB 3.2 Gen2 portu i\u00e7erir. Ek olarak, geli\u015fkin M.2 Gen5x4 yuvas\u0131, 11.000 MB\/sn&#8217;nin \u00fczerinde okuma\/yazma h\u0131zlar\u0131na ula\u015fan en son NVMe SSD&#8217;leri destekler. Bilgisayarlar ayr\u0131ca otomasyon ve yapay g\u00f6rme uygulamalar\u0131nda kullan\u0131labilecek 4x izoleli dijital giri\u015f ve ve 4x izoleli dijital \u00e7\u0131k\u0131\u015f portuna sahiptir.<\/p>\n<p><strong>\u00d6zellikler ve Portlar<\/strong><\/p>\n<ul>\n<li style=\"list-style-type: none;\">\n<ul>\n<li>Intel\u00ae Core\u2122 Ultra 200 Serisi 24C\/ 24T 35W\/ 65W LGA1851 \u0130\u015flemciler<\/li>\n<li>-25\u00b0C ~ 70\u00b0C S\u0131cakl\u0131klarda Fans\u0131z \u00c7al\u0131\u015fabilme<\/li>\n<li>5x 2.5GbE, 1x GigE Ethernet portu (se\u00e7imli PoE+)<\/li>\n<li>8x USB 3.2 Gen2 portu<\/li>\n<li>4x izoleli DG ve 4x ioleli D\u00c7<\/li>\n<li>1x Se\u00e7imli 10GBASE-T Ethernet<\/li>\n<li>Ek PCIe ileti\u015fim kart\u0131 i\u00e7in geni\u015fleme kaseti<\/li>\n<li>MezIO\u00ae Aray\u00fcz\u00fc \u00fczerinden geni\u015fleyebilme<\/li>\n<\/ul>\n<\/li>\n<\/ul>\n<div align=\"middle\"><img decoding=\"async\" src=\"https:\/\/lima.com.tr\/wp-content\/uploads\/2025\/04\/Nuvo-11000-Konnektor.webp\" width=\"95%;\" \/><\/div>\n<div align=\"middle\"><\/div>\n<p><strong>Certifications<\/strong><\/p>\n<ul>\n<li style=\"list-style-type: none;\">\n<ul>\n<li><strong>Elektromanyetik Uyumluluk:<\/strong> CE\/FCC Class A,\u00a0 EN 55032 ve EN 55035<\/li>\n<li><strong>Titre\u015fim:<\/strong> MIL-STD-810H, Metod 514.8, Kategori 4<\/li>\n<li><strong>\u015eok:<\/strong> MIL-STD-810H, Metod 516.8, Prosed\u00fcr I<\/li>\n<\/ul>\n<\/li>\n<\/ul>\n<h3><span style=\"font-size: 20.0pt;\"><strong>Modeller<\/strong><\/span><\/h3>\n<table width=\"650\">\n<tbody>\n<tr>\n<td width=\"150\"><strong>Model No<\/strong><\/td>\n<td width=\"100\"><strong>Ethernet Portlar\u0131<\/strong><\/td>\n<td width=\"100\"><strong>PCIe Kaset Yuvas\u0131<\/strong><\/td>\n<td width=\"100\"><strong>MezIO\u00ae Geni\u015fleme<\/strong><\/td>\n<td width=\"100\"><strong>2.5&#8243; SATA Yuva<\/strong><\/td>\n<\/tr>\n<tr>\n<td>Nuvo-11002E<\/td>\n<td>2x 2.5GbE\/GbE<\/td>\n<td>1x Yuva<\/td>\n<td>Var<\/td>\n<td>&#8211;<\/td>\n<\/tr>\n<tr>\n<td>Nuvo-11006E<\/td>\n<td>6x 2.5GbE\/GbE<\/td>\n<td>1x Yuva<\/td>\n<td>Var<\/td>\n<td>&#8211;<\/td>\n<\/tr>\n<tr>\n<td>Nuvo-11006DE<\/td>\n<td>6x 2.5GbE\/GbE<\/td>\n<td>2x Yuva<\/td>\n<td>Var<\/td>\n<td>&#8211;<\/td>\n<\/tr>\n<tr>\n<td>Nuvo-11002LP<\/td>\n<td>2x 2.5GbE\/GbE<\/td>\n<td>&#8211;<\/td>\n<td>Var<\/td>\n<td>Var<\/td>\n<\/tr>\n<tr>\n<td>Nuvo-11006LP<\/td>\n<td>6x 2.5GbE\/GbE<\/td>\n<td>&#8211;<\/td>\n<td>Var<\/td>\n<td>Var<\/td>\n<\/tr>\n<\/tbody>\n<\/table>\n<p>&nbsp;<\/p>\n<p style=\"text-align: justify;\">Nuvo-11000 serisi, selefleriyle ayn\u0131 boyutlar\u0131 ve \u00e7ok yak\u0131n G\/\u00c7 d\u00fczenini koruyarak mevcut kullan\u0131c\u0131lar\u0131n sistemlerini en az \u00e7abayla kolayca g\u00fcncellenmesine yard\u0131mc\u0131 olur. Seride, boyut, GPU yetenekleri ve i\u015flemci g\u00fcc\u00fc a\u00e7\u0131s\u0131ndan farkl\u0131 sekt\u00f6rel gereksinimleri kar\u015f\u0131lamak amac\u0131yla <strong>Nuvo-11501, Nuvo-11531<\/strong> ve <strong>Nuvo-11160GC<\/strong> gibi \u00e7e\u015fitli modeller yer almaktad\u0131r.<\/p>","protected":false},"excerpt":{"rendered":"<p>Intel\u00ae Core\u2122 Ultra 200S \u0130\u015flemcili, Y\u00fcksek Dayan\u0131ml\u0131 PC &#8211; 6 x 2.5GbE\u00a0\/\u00a0GbE, 8 x USB 3.2 Gen2<\/p>","protected":false},"featured_media":18683,"template":"","meta":[],"product_brand":[],"product_cat":[1656,1670,1645,1671,1687,80,1659,1676,1635,169,83,39,1480,1642,3917,3914,1684,1626,1673,42,1661,1678,167,3918],"product_tag":[45,48,1724,44,46,43,47],"class_list":{"0":"post-18681","1":"product","2":"type-product","3":"status-publish","4":"has-post-thumbnail","6":"product_cat-akilli-sehir-altyapi","7":"product_cat-altyapi","8":"product_cat-box-pc-guvenlik","9":"product_cat-box-pc-altyapi","10":"product_cat-box-pc-savunma","11":"product_cat-box-pc","12":"product_cat-box-pc-akilli-sehir","13":"product_cat-box-pc-uretim","14":"product_cat-box-pc-ulasim","15":"product_cat-core-i-tabanli-yapay-gorme-pc","16":"product_cat-core-i-tabanli-box-pc","17":"product_cat-endustriyel-bilisim","18":"product_cat-endustriyel-bilisim-aksesuarlari","19":"product_cat-guvenlik","20":"product_cat-is-ortak","21":"product_cat-neousys","22":"product_cat-savunma","23":"product_cat-ulasim","24":"product_cat-uretim","25":"product_cat-yapay-gorme","26":"product_cat-yapay-gorme-pc-akilli-sehir","27":"product_cat-yapay-gorme-pc-uretim","28":"product_cat-yapay-gorme-pc","29":"product_cat-neo-yuksek-dayanimli","30":"product_tag-akilli-sehir","31":"product_tag-altyapi","32":"product_tag-endustriyel","33":"product_tag-guvenlik","34":"product_tag-savunma","35":"product_tag-ulasim","36":"product_tag-uretim","37":"pa_besleme-voltaji-8-48v-dc","38":"pa_calisma-sicakligi-25-70c","39":"pa_depolama-secenekleri-1-x-m-2-2280","40":"pa_depolama-secenekleri-2-x-2-5-ssd-hdd","41":"pa_digital-i-o-4-x-dc","42":"pa_digital-i-o-4-x-dg","43":"pa_genisleme-secenekleri-1x-m-2-2280-m-key","44":"pa_genisleme-secenekleri-1x-mezio-expansion-port-for-neousys-mezio-modules","45":"pa_genisleme-secenekleri-1x-pcie-x16-slotgen4-16-lanes-pcie-signals-in-cassette","46":"pa_genisleme-secenekleri-1x-pcie-x16-slotgen4-8-lanes-pcie-signals-in-cassette","47":"pa_genisleme-secenekleri-2x-full-size-mini-pci-express-socket","48":"pa_grafik-cikisi-1-x-hdmi","49":"pa_grafik-cikisi-2-x-dp","50":"pa_ignition-control-var","51":"pa_islemci-modeli-ultra-200","52":"pa_islemci-sinifi-intel-core-2","53":"pa_on-board-ram-32gb","54":"pa_on-board-ram-64gb","55":"pa_rs-232-2-adet","56":"pa_rs-485-2-adet","57":"pa_uretici-neousys","58":"pa_usb-2-0-2-adet","60":"first","61":"instock","62":"shipping-taxable","63":"product-type-simple"},"_links":{"self":[{"href":"https:\/\/lima.com.tr\/en\/wp-json\/wp\/v2\/product\/18681","targetHints":{"allow":["GET"]}}],"collection":[{"href":"https:\/\/lima.com.tr\/en\/wp-json\/wp\/v2\/product"}],"about":[{"href":"https:\/\/lima.com.tr\/en\/wp-json\/wp\/v2\/types\/product"}],"version-history":[{"count":5,"href":"https:\/\/lima.com.tr\/en\/wp-json\/wp\/v2\/product\/18681\/revisions"}],"predecessor-version":[{"id":18793,"href":"https:\/\/lima.com.tr\/en\/wp-json\/wp\/v2\/product\/18681\/revisions\/18793"}],"wp:featuredmedia":[{"embeddable":true,"href":"https:\/\/lima.com.tr\/en\/wp-json\/wp\/v2\/media\/18683"}],"wp:attachment":[{"href":"https:\/\/lima.com.tr\/en\/wp-json\/wp\/v2\/media?parent=18681"}],"wp:term":[{"taxonomy":"product_brand","embeddable":true,"href":"https:\/\/lima.com.tr\/en\/wp-json\/wp\/v2\/product_brand?post=18681"},{"taxonomy":"product_cat","embeddable":true,"href":"https:\/\/lima.com.tr\/en\/wp-json\/wp\/v2\/product_cat?post=18681"},{"taxonomy":"product_tag","embeddable":true,"href":"https:\/\/lima.com.tr\/en\/wp-json\/wp\/v2\/product_tag?post=18681"}],"curies":[{"name":"wp","href":"https:\/\/api.w.org\/{rel}","templated":true}]}}