{"id":18518,"date":"2025-03-03T18:44:21","date_gmt":"2025-03-03T15:44:21","guid":{"rendered":"https:\/\/lima.com.tr\/?post_type=product&#038;p=18518"},"modified":"2025-03-04T11:42:51","modified_gmt":"2025-03-04T08:42:51","slug":"ita-8100","status":"publish","type":"product","link":"https:\/\/lima.com.tr\/en\/shop\/endustriyel-bilisim\/panel-pc\/atom-celeron-tabanli\/ita-8100\/","title":{"rendered":"ITA-8100"},"content":{"rendered":"<div data-elementor-type=\"product-post\" data-elementor-id=\"18518\" class=\"elementor elementor-18518\" data-elementor-post-type=\"product\">\n\t\t\t\t<div class=\"elementor-element elementor-element-45272cc e-flex e-con-boxed e-con e-parent\" data-id=\"45272cc\" data-element_type=\"container\" data-e-type=\"container\">\n\t\t\t\t\t<div class=\"e-con-inner\">\n\t\t\t\t<div class=\"elementor-element elementor-element-382c236 elementor-widget elementor-widget-text-editor\" data-id=\"382c236\" data-element_type=\"widget\" data-e-type=\"widget\" data-widget_type=\"text-editor.default\">\n\t\t\t\t<div class=\"elementor-widget-container\">\n\t\t\t\t\t\t\t\t\t<p>Advantech&#8217;in <strong>ITA-8100<\/strong> dokunmatik panel bilgisayarlar\u0131; demiryolu uygulamalar\u0131nda s\u00fcr\u00fcc\u00fcn\u00fcn (vatman\u0131n) konsol g\u00f6stergesi olarak tasarlanm\u0131\u015f bir insan makine aray\u00fcz\u00fcd\u00fcr (HMI). ITA-8100, projektif kapasitif \u00f6zellikli 10.4&#8243; dokunmatik ekran\u0131, k\u00fc\u00e7\u00fck ve d\u00fcz tasar\u0131m\u0131 ile s\u00fcr\u00fcc\u00fc kabinlerine kolayca kuruluma olanak sa\u011flar. \u00c7oklu ve esnek ba\u011flant\u0131 \u00f6zellikleri rayl\u0131 ula\u015f\u0131m\u0131n farkl\u0131 ihtiya\u00e7lar\u0131na g\u00f6re ayarlanmas\u0131na olanak tan\u0131r.<\/p>\t\t\t\t\t\t\t\t<\/div>\n\t\t\t\t<\/div>\n\t\t\t\t\t<\/div>\n\t\t\t\t<\/div>\n\t\t<div class=\"elementor-element elementor-element-d92683f e-flex e-con-boxed e-con e-parent\" data-id=\"d92683f\" data-element_type=\"container\" data-e-type=\"container\">\n\t\t\t\t\t<div class=\"e-con-inner\">\n\t\t<div class=\"elementor-element elementor-element-ece127b e-con-full e-flex e-con e-child\" data-id=\"ece127b\" data-element_type=\"container\" data-e-type=\"container\">\n\t\t\t\t<div class=\"elementor-element elementor-element-0922b8e elementor-widget elementor-widget-image\" data-id=\"0922b8e\" data-element_type=\"widget\" data-e-type=\"widget\" data-widget_type=\"image.default\">\n\t\t\t\t<div class=\"elementor-widget-container\">\n\t\t\t\t\t\t\t\t\t\t\t\t\t\t\t<img fetchpriority=\"high\" decoding=\"async\" width=\"800\" height=\"501\" src=\"https:\/\/lima.com.tr\/wp-content\/uploads\/2025\/03\/TPC-8100-ad2.webp\" class=\"attachment-large size-large wp-image-18557\" alt=\"\" srcset=\"https:\/\/lima.com.tr\/wp-content\/uploads\/2025\/03\/TPC-8100-ad2.webp 836w, https:\/\/lima.com.tr\/wp-content\/uploads\/2025\/03\/TPC-8100-ad2-300x188.webp 300w, https:\/\/lima.com.tr\/wp-content\/uploads\/2025\/03\/TPC-8100-ad2-768x481.webp 768w, https:\/\/lima.com.tr\/wp-content\/uploads\/2025\/03\/TPC-8100-ad2-18x12.webp 18w, https:\/\/lima.com.tr\/wp-content\/uploads\/2025\/03\/TPC-8100-ad2-600x376.webp 600w\" sizes=\"(max-width: 800px) 100vw, 800px\" \/>\t\t\t\t\t\t\t\t\t\t\t\t\t\t\t<\/div>\n\t\t\t\t<\/div>\n\t\t\t\t<\/div>\n\t\t<div class=\"elementor-element elementor-element-fbf4819 e-con-full e-flex e-con e-child\" data-id=\"fbf4819\" data-element_type=\"container\" data-e-type=\"container\">\n\t\t\t\t<div class=\"elementor-element elementor-element-8dcdeec elementor-widget elementor-widget-text-editor\" data-id=\"8dcdeec\" data-element_type=\"widget\" data-e-type=\"widget\" data-widget_type=\"text-editor.default\">\n\t\t\t\t<div class=\"elementor-widget-container\">\n\t\t\t\t\t\t\t\t\t<p style=\"text-align: justify;\">ITA-8100; zorlu \u00e7evre ortamlar\u0131nda (-40 ~ 70 \u00b0C), titre\u015fim ve \u015fok alt\u0131nda, rayl\u0131 ta\u015f\u0131mac\u0131l\u0131\u011f\u0131n getirdi\u011fi t\u00fcm elektrik ve elektromanyetik zorluklar\u0131 kar\u015f\u0131layacak \u015fekilde \u00fcretilmi\u015f ve <strong>sertifikaland\u0131r\u0131lm\u0131\u015ft\u0131r<\/strong>:<\/p><ul><li style=\"list-style-type: none;\">\u00a0<\/li><li>EN\u00a050155<\/li><li>EN 45545 (JIS E5006 uyumlu)<\/li><li>EN 50121<\/li><li>IEC 60571<\/li><li>IEC 61373<\/li><\/ul>\t\t\t\t\t\t\t\t<\/div>\n\t\t\t\t<\/div>\n\t\t\t\t<\/div>\n\t\t\t\t\t<\/div>\n\t\t\t\t<\/div>\n\t\t<div class=\"elementor-element elementor-element-6bc4d06 e-flex e-con-boxed e-con e-parent\" data-id=\"6bc4d06\" data-element_type=\"container\" data-e-type=\"container\">\n\t\t\t\t\t<div class=\"e-con-inner\">\n\t\t\t\t<div class=\"elementor-element elementor-element-21ff7da elementor-widget elementor-widget-heading\" data-id=\"21ff7da\" data-element_type=\"widget\" data-e-type=\"widget\" data-widget_type=\"heading.default\">\n\t\t\t\t<div class=\"elementor-widget-container\">\n\t\t\t\t\t<h3 class=\"elementor-heading-title elementor-size-default\">Temel \u00d6zellikler<\/h3>\t\t\t\t<\/div>\n\t\t\t\t<\/div>\n\t\t\t\t<div class=\"elementor-element elementor-element-c2fe32c elementor-widget elementor-widget-text-editor\" data-id=\"c2fe32c\" data-element_type=\"widget\" data-e-type=\"widget\" data-widget_type=\"text-editor.default\">\n\t\t\t\t<div class=\"elementor-widget-container\">\n\t\t\t\t\t\t\t\t\t<p style=\"text-align: left;\"><strong>Ekran Parlakl\u0131\u011f\u0131 : <\/strong>500 nit \/ 1300 nit<br \/><strong>Kontrast Oran\u0131 :<\/strong> 1000:1<br \/><strong>\u0130\u015flemci :<\/strong> Intel\u00ae Atom\u2122 x7-E3950<br \/><strong>Tu\u015f Tak\u0131m\u0131 :<\/strong> \u00d6n panelde 1 veya UIC612-01 uyumlu 32 fonksiyon tu\u015fu<br \/><strong>B\u00fct\u00fcnle\u015fik Bellek \/ SSD : <\/strong> 4GB RAM \/ 64GB SSD<br \/><strong>Dijital G\/\u00c7 :<\/strong> 5 x DG, 1 x D\u00c7<br \/><strong>\u0130\u015fletim Sistemi :<\/strong> Windows \/ Linux<br \/><strong>\u00c7al\u0131\u015fma S\u0131cakl\u0131\u011f\u0131 :<\/strong> -40 ~ 70 \u00b0C (SSD ile)<br \/><strong>Depolama S\u0131cakl\u0131\u011f\u0131 :<\/strong> -40 ~ 85 \u00b0C<br \/><strong>Nem :<\/strong> 10 ~ 85% @ 40 \u00b0C<br \/><strong>Di\u011fer Sertifikalar :<\/strong> CE, FCC Class B, BSMI, UL<\/p>\t\t\t\t\t\t\t\t<\/div>\n\t\t\t\t<\/div>\n\t\t\t\t\t<\/div>\n\t\t\t\t<\/div>\n\t\t<div class=\"elementor-element elementor-element-2a5563d e-flex e-con-boxed e-con e-parent\" data-id=\"2a5563d\" data-element_type=\"container\" data-e-type=\"container\">\n\t\t\t\t\t<div class=\"e-con-inner\">\n\t\t\t\t<div class=\"elementor-element elementor-element-d40cb6a elementor-widget elementor-widget-heading\" data-id=\"d40cb6a\" data-element_type=\"widget\" data-e-type=\"widget\" data-widget_type=\"heading.default\">\n\t\t\t\t<div class=\"elementor-widget-container\">\n\t\t\t\t\t<h3 class=\"elementor-heading-title elementor-size-default\">Modeller ve Farklar\u0131<\/h3>\t\t\t\t<\/div>\n\t\t\t\t<\/div>\n\t\t\t\t<div class=\"elementor-element elementor-element-973ede9 elementor-widget elementor-widget-text-editor\" data-id=\"973ede9\" data-element_type=\"widget\" data-e-type=\"widget\" data-widget_type=\"text-editor.default\">\n\t\t\t\t<div class=\"elementor-widget-container\">\n\t\t\t\t\t\t\t\t\t<table width=\"550\">\n<tbody style=\"text-align: center;\">\n<tr>\n<td width=\"200\"><strong>Model<\/strong><\/td>\n<td width=\"100\"><strong>Supply Voltage<\/strong><\/td>\n<td width=\"100\"><strong>Brightness<\/strong><\/td>\n<td width=\"100\"><strong>Tu\u015f Say\u0131s\u0131<\/strong><\/td>\n<\/tr>\n<tr>\n<td width=\"200\"><strong>ITA-8100-L00A1<\/strong><\/td>\n<td width=\"100\">24~48Vdc<\/td>\n<td width=\"100\">500 nit<\/td>\n<td width=\"100\">32<\/td>\n<\/tr>\n<tr>\n<td width=\"200\"><strong>ITA-8100-L01A1<\/strong><\/td>\n<td width=\"100\">24~48Vdc<\/td>\n<td width=\"100\">500 nit<\/td>\n<td width=\"100\">1<\/td>\n<\/tr>\n<tr>\n<td width=\"200\"><strong>ITA-8100-S00A1<\/strong><\/td>\n<td width=\"100\">72~110Vdc<\/td>\n<td width=\"100\">500 nit<\/td>\n<td width=\"100\">32<\/td>\n<\/tr>\n<tr>\n<td width=\"200\"><strong>ITA-8100-S01A1<\/strong><\/td>\n<td width=\"100\">72~110Vdc<\/td>\n<td width=\"100\">500 nit<\/td>\n<td width=\"100\">1<\/td>\n<\/tr>\n<tr>\n<td width=\"200\"><strong>ITA-8100B-L00A1<\/strong><\/td>\n<td width=\"100\">24~48Vdc<\/td>\n<td width=\"100\">1300 nit<\/td>\n<td width=\"100\">32<\/td>\n<\/tr>\n<tr>\n<td width=\"200\"><strong>ITA-8100B-L01A1<\/strong><\/td>\n<td width=\"100\">24~48Vdc<\/td>\n<td width=\"100\">1300 nit<\/td>\n<td width=\"100\">1<\/td>\n<\/tr>\n<tr>\n<td width=\"200\"><strong>ITA-8100B-S00A1<\/strong><\/td>\n<td width=\"100\">72~110Vdc<\/td>\n<td width=\"100\">1300 nit<\/td>\n<td width=\"100\">32<\/td>\n<\/tr>\n<tr>\n<td width=\"150\"><strong>ITA-8100B-S01A1<\/strong><\/td>\n<td width=\"100\">72~110Vdc<\/td>\n<td width=\"100\">1300 nit<\/td>\n<td width=\"100\">1<\/td>\n<\/tr>\n<\/tbody>\n<\/table>\n\t\t\t\t\t\t\t\t<\/div>\n\t\t\t\t<\/div>\n\t\t\t\t\t<\/div>\n\t\t\t\t<\/div>\n\t\t<div class=\"elementor-element elementor-element-494c01a2 e-flex e-con-boxed e-con e-parent\" data-id=\"494c01a2\" data-element_type=\"container\" data-e-type=\"container\">\n\t\t\t\t\t<div class=\"e-con-inner\">\n\t\t\t\t<div class=\"elementor-element elementor-element-93fbcf6 elementor-widget elementor-widget-heading\" data-id=\"93fbcf6\" data-element_type=\"widget\" data-e-type=\"widget\" data-widget_type=\"heading.default\">\n\t\t\t\t<div class=\"elementor-widget-container\">\n\t\t\t\t\t<h3 class=\"elementor-heading-title elementor-size-default\">Konnekt\u00f6rler<\/h3>\t\t\t\t<\/div>\n\t\t\t\t<\/div>\n\t\t\t\t<div class=\"elementor-element elementor-element-b617854 elementor-widget elementor-widget-image\" data-id=\"b617854\" data-element_type=\"widget\" data-e-type=\"widget\" data-widget_type=\"image.default\">\n\t\t\t\t<div class=\"elementor-widget-container\">\n\t\t\t\t\t\t\t\t\t\t\t\t\t\t\t<img decoding=\"async\" width=\"768\" height=\"399\" src=\"https:\/\/lima.com.tr\/wp-content\/uploads\/2025\/03\/ITA-8100-Back-768x399.webp\" class=\"attachment-medium_large size-medium_large wp-image-18526\" alt=\"\" srcset=\"https:\/\/lima.com.tr\/wp-content\/uploads\/2025\/03\/ITA-8100-Back-768x399.webp 768w, https:\/\/lima.com.tr\/wp-content\/uploads\/2025\/03\/ITA-8100-Back-300x156.webp 300w, https:\/\/lima.com.tr\/wp-content\/uploads\/2025\/03\/ITA-8100-Back-1024x532.webp 1024w, https:\/\/lima.com.tr\/wp-content\/uploads\/2025\/03\/ITA-8100-Back-18x9.webp 18w, https:\/\/lima.com.tr\/wp-content\/uploads\/2025\/03\/ITA-8100-Back-600x312.webp 600w, https:\/\/lima.com.tr\/wp-content\/uploads\/2025\/03\/ITA-8100-Back.webp 1185w\" sizes=\"(max-width: 768px) 100vw, 768px\" \/>\t\t\t\t\t\t\t\t\t\t\t\t\t\t\t<\/div>\n\t\t\t\t<\/div>\n\t\t\t\t\t<\/div>\n\t\t\t\t<\/div>\n\t\t\t\t<\/div>","protected":false},"excerpt":{"rendered":"<p>10.4&#8243; EN50155 Rayl\u0131 Sistem S\u00fcr\u00fcc\u00fc Konsolu,<br \/>\nIntel\u00ae Atom\u2122 x7-E3950 CPU, 24-48\/72-110VDC,1\/32 fonksiyon tu\u015fu<\/p>","protected":false},"featured_media":18508,"template":"","meta":[],"product_brand":[],"product_cat":[78,39,1633,704,1626],"product_tag":[45,44,43],"class_list":{"0":"post-18518","1":"product","2":"type-product","3":"status-publish","4":"has-post-thumbnail","6":"product_cat-atom-celeron-tabanli","7":"product_cat-endustriyel-bilisim","8":"product_cat-panel-pc-ulasim","9":"product_cat-panel-pc","10":"product_cat-ulasim","11":"product_tag-akilli-sehir","12":"product_tag-guvenlik","13":"product_tag-ulasim","14":"pa_cozumler-ve-urunler-endustriyel-bilisim","15":"pa_cozunurluk-yatay-x-dikey-1024-x-768","16":"pa_depolama-secenekleri-1-x-m-2","17":"pa_ekran-boyutu-10-4","18":"pa_gb-lan-2-adet","19":"pa_guc-girisi-24-48-vdc-en","20":"pa_guc-girisi-72-110-vdc","21":"pa_islemci-frekansi-2-0-ghz","22":"pa_islemci-modeli-intel-atom-x7-e3950","23":"pa_islemci-sinifi-intel-atom-celeron","24":"pa_line-ses-cikis-1-adet","25":"pa_mikrofon-giris-1-adet","26":"pa_on-panel-korumasi-ip65","27":"pa_parlaklik-1696","28":"pa_parlaklik-882","29":"pa_ram-maks-8-gb","30":"pa_ramtakili-4-gb","31":"pa_rs-422-485-2-x-adet","32":"pa_uretici-advantech","33":"pa_urun-gruplari-panel-pc","34":"pa_usb-2-0-1-adet","36":"first","37":"outofstock","38":"shipping-taxable","39":"product-type-variable"},"_links":{"self":[{"href":"https:\/\/lima.com.tr\/en\/wp-json\/wp\/v2\/product\/18518","targetHints":{"allow":["GET"]}}],"collection":[{"href":"https:\/\/lima.com.tr\/en\/wp-json\/wp\/v2\/product"}],"about":[{"href":"https:\/\/lima.com.tr\/en\/wp-json\/wp\/v2\/types\/product"}],"version-history":[{"count":5,"href":"https:\/\/lima.com.tr\/en\/wp-json\/wp\/v2\/product\/18518\/revisions"}],"predecessor-version":[{"id":18564,"href":"https:\/\/lima.com.tr\/en\/wp-json\/wp\/v2\/product\/18518\/revisions\/18564"}],"wp:featuredmedia":[{"embeddable":true,"href":"https:\/\/lima.com.tr\/en\/wp-json\/wp\/v2\/media\/18508"}],"wp:attachment":[{"href":"https:\/\/lima.com.tr\/en\/wp-json\/wp\/v2\/media?parent=18518"}],"wp:term":[{"taxonomy":"product_brand","embeddable":true,"href":"https:\/\/lima.com.tr\/en\/wp-json\/wp\/v2\/product_brand?post=18518"},{"taxonomy":"product_cat","embeddable":true,"href":"https:\/\/lima.com.tr\/en\/wp-json\/wp\/v2\/product_cat?post=18518"},{"taxonomy":"product_tag","embeddable":true,"href":"https:\/\/lima.com.tr\/en\/wp-json\/wp\/v2\/product_tag?post=18518"}],"curies":[{"name":"wp","href":"https:\/\/api.w.org\/{rel}","templated":true}]}}