{"id":18353,"date":"2025-02-17T15:57:09","date_gmt":"2025-02-17T12:57:09","guid":{"rendered":"https:\/\/lima.com.tr\/?post_type=product&#038;p=18353"},"modified":"2025-02-17T16:15:41","modified_gmt":"2025-02-17T13:15:41","slug":"spc-618we-rpl","status":"publish","type":"product","link":"https:\/\/lima.com.tr\/en\/shop\/endustriyel-bilisim\/panel-pc\/core-i-tabanli\/spc-618we-rpl\/","title":{"rendered":"SPC-618WE RPL"},"content":{"rendered":"<p><strong>Class I Division II ve IECEx\/ATEX Ex-Proof Sertifikal\u0131 18.5&#8243; Ekranl\u0131, Panel Bilgisayar<\/strong><\/p>\n<p style=\"text-align: justify;\">Advantech&#8217;in SPC-618WE RPL Panel PC \u00fcr\u00fcn\u00fc; rafineri, kimya sanayi, boya fabrika ve at\u00f6lyeleri, do\u011falgaz ve yak\u0131t istasyonlar\u0131, rafineriler, petrol-do\u011fal gaz boru hatlar\u0131 gibi patlama riski olan ortamlarda g\u00fcvenle kullan\u0131lmak \u00fczere \u00fcretilmi\u015ftir. Tasar\u0131m\u0131nda tehlikeli alan sertifikasyonlar\u0131n\u0131 temel alan Advantech; IECEx\/ATEX Zone 2\/22 ve C1D2 (Class I Division II) sertifikasyonlar\u0131na uygun olarak SPC-618WE RPL panel bilgisayar\u0131n\u0131 \u00fcretmektedir. \u00dcr\u00fcn\u00fcn patlama riski olu\u015fturmayan donan\u0131m gerektiren uygulamalardaki kullan\u0131m\u0131 yayg\u0131nla\u015fmaktad\u0131r. Kullan\u0131lan y\u00fcksek darbelere dayan\u0131ml\u0131, IP66 koruma s\u0131n\u0131f\u0131ndaki PCAP dokunmatik teknolojisi ve patlama dayan\u0131ml\u0131 temperli cam dokunmatik paneliyle y\u00fcksek g\u00fcvenlik \u00f6zelliklerine sahiptir. -20 ila 60\u00b0C aras\u0131ndaki s\u0131cakl\u0131klarda g\u00fcvenilir bir \u015fekilde \u00e7al\u0131\u015farak farkl\u0131 patlama riskli ortamlar\u0131n gereksinimlerine uygunluk sa\u011flar.<\/p>\n<div align=\"middle\"><img decoding=\"async\" src=\"https:\/\/lima.com.tr\/wp-content\/uploads\/2025\/02\/SPC-618WE_Ad.webp\" width=\"60%;\" \/><\/div>\n<p style=\"text-align: justify;\">SPC-618WE RPL, 32 GB DDR5 bellek ve y\u00fcksek dayan\u0131ml\u0131 sTLC SSD ile b\u00fct\u00fcnle\u015fik olarak teslim edilir. \u00dczerinde 13. Nesil Intel\u00ae Core\u2122 i7-1365URE on \u00e7ekirdekli i\u015flemci yer al\u0131r. Bu y\u00fcksek performansl\u0131 konfig\u00fcrasyon, tehlikeli alanlarda dijital d\u00f6n\u00fc\u015f\u00fcm \u00e7al\u0131\u015fmalar\u0131na g\u00fc\u00e7 katarak; kimya tesislerinde ger\u00e7ek zamanl\u0131 s\u00fcre\u00e7 izleme ve \u00e7ok parametreli analiz, farmas\u00f6tik \u00fcretim hatlar\u0131nda yapay zeka destekli g\u00f6rsel denetim ve petrol rafinerilerinde b\u00fcy\u00fck veri analiti\u011fi gibi zorlu uygulamalar\u0131 destekler. En g\u00fcncel i\u015flemci platformunun kullan\u0131lmas\u0131 sayesinde uzun vadeli \u00fcr\u00fcn kullan\u0131labilirli\u011fi sa\u011flan\u0131r, gelecekteki y\u00fckseltme gereksinimleri ve bak\u0131m maliyetlerinin azalt\u0131lmas\u0131na yard\u0131mc\u0131 olur.<\/p>\n<p><\/p>\n<p><span style=\"font-size: 26px;\"><strong>\u00d6zellikler<\/strong><\/span><\/p>\n<ul tex-align=\"left\">\n<li>18.5&#8243; tam d\u00fcz, Full HD LCD paneli<\/li>\n<li>PCAP (\u00e7ok noktal\u0131, projektif kapasitif) dokunmatik<\/li>\n<li>\u00d6n cepheded IP66 koruma<\/li>\n<li>Fans\u0131z, 13. Nesil, Intel\u00ae Core\u2122 i7-1365URE \u0130\u015flemci<\/li>\n<li>1 x 32GB DDR5 4800 Bellek<\/li>\n<li>1 x sTLC 256 GB SSD (y\u00fcksek dayan\u0131ml\u0131)<\/li>\n<li>iDoor geni\u015fleme yuvas\u0131<\/li>\n<li>2 RS-232\/422\/485 portu<\/li>\n<li>Besleme Voltaj\u0131 (19 ~ 24 VDC)<\/li>\n<li>2x 2500BASE-T Ethernet<\/li>\n<li>1x Displayport 1.4a ekran \u00e7\u0131k\u0131\u015f\u0131<\/li>\n<li>1 x M.2 yuvas\u0131 (2280)<\/li>\n<li>TPM2.0 donan\u0131msal g\u00fcvenlik \u00f6zelli\u011fi<\/li>\n<\/ul>\n<p>&nbsp;<\/p>\n<div align=\"center\">\n<strong>Arka G\u00f6r\u00fcn\u00fcm<\/strong><br \/>\n<img decoding=\"async\" src=\"https:\/\/lima.com.tr\/wp-content\/uploads\/2025\/02\/SPC-618WE-Back.webp\" width=\"60%;\" \/>\n<\/div>\n<table width=\"700\">\n<tbody>\n<tr>\n<td style=\"background-color: #ffffff; border-style: none; vertical-align: middle;\" width=\"30%\">\n<p style=\"line-height: 1.5;\"><span style=\"font-size: 26px;\"><strong>Ba\u011flant\u0131lar<\/strong><\/span><br \/>\n<strong>A<\/strong>: Kasa<br \/>\n<strong>B<\/strong>: iDoor Geni\u015fleme Yuvas\u0131<br \/>\n<strong>C<\/strong>: RS-232\/422\/485 Portlar\u0131<br \/>\n<strong>D<\/strong>: Displayport<br \/>\n<strong>E<\/strong>: USB Typ-C<br \/>\n<strong>F<\/strong>: 2.5GbE LAN<br \/>\n<strong>G<\/strong>: USB 3.2<br \/>\n<strong>H<\/strong>: USB 2.0<br \/>\n<strong>I<\/strong>: Uzaktan A\u00e7\/Kapa Butonu<br \/>\n<strong>J<\/strong>: Besleme Giri\u015fi<\/p>\n<\/td>\n<td style=\"background-color: #ffffff; border-style: none; vertical-align: middle;\" width=\"70%\"><img decoding=\"async\" src=\"https:\/\/lima.com.tr\/wp-content\/uploads\/2025\/02\/SPC-618WE-Konnektor.webp\" \/><\/td>\n<\/tr>\n<\/tbody>\n<\/table>\n<p style=\"line-height: 1.5;\"><span style=\"font-size: 26px;\"><strong>Di\u011fer Teknik \u00d6zellikler<\/strong><\/span><br \/>\n<strong>Ekran Boyutu :<\/strong> 18.5&#8243;<br \/>\n<strong>\u00c7\u00f6z\u00fcn\u00fcrl\u00fck :<\/strong> 1920 x 1080<br \/>\n<strong>Parlakl\u0131k :<\/strong> 350 cd\/m2<br \/>\n<strong>G\u00f6r\u00fc\u015f A\u00e7\u0131s\u0131 :<\/strong> 178\u00b0 (yukar\u0131dan), 178\u00b0 (a\u015fa\u011f\u0131dan)<br \/>\n<strong>Kontrast Oran\u0131 :<\/strong> 1000<br \/>\n<strong>Ayd\u0131nlatma \u00d6mr\u00fc :<\/strong> 50.000 saat<br \/>\n<strong>Dokunmatik Tipi :<\/strong> \u00c7ok noktal\u0131, projektif kapasitif<br \/>\n<strong>\u00c7al\u0131\u015fma S\u0131cakl\u0131\u011f\u0131 : <\/strong>-20 ~60 \u00b0C<br \/>\n<strong>Depolama S\u0131cakl\u0131\u011f\u0131 :<\/strong> -30 ~ 70 \u00b0C<br \/>\n<strong>Nem :<\/strong> 10 ~ 95% @ 40 \u00b0C<br \/>\n<strong>Sertifikalar :<\/strong> IECEx\/ATEX, C1D2<\/p>","protected":false},"excerpt":{"rendered":"<p>18.5&#8243; Fans\u0131z Panel PC, Class I Division II ve IECEx\/ATEX Ex-Proof Sertifikal\u0131, Intel\u00ae 13. Nesil Core\u2122 i7-1365URE \u0130\u015flemcili<\/p>","protected":false},"featured_media":18355,"template":"","meta":[],"product_brand":[],"product_cat":[39,704,79,3925,1674],"product_tag":[],"class_list":{"0":"post-18353","1":"product","2":"type-product","3":"status-publish","4":"has-post-thumbnail","6":"product_cat-endustriyel-bilisim","7":"product_cat-panel-pc","8":"product_cat-core-i-tabanli","9":"product_cat-advantech","10":"product_cat-panel-pc-uretim","11":"pa_cozumler-ve-urunler-endustriyel-bilisim","12":"pa_cozunurluk-yatay-x-dikey-1920-x-1080-en","13":"pa_depolama-secenekleri-1-x-2-5-ssd","14":"pa_depolama-secenekleri-1-x-m-2","15":"pa_dokunmatik-tipi-pcap","16":"pa_ekran-boyutu-18-5","17":"pa_guc-girisi-19-24-vdc","18":"pa_islemci-frekansi-1-7-ghz","19":"pa_islemci-modeli-intel-core-i7-1365ure","20":"pa_islemci-sinifi-intel-core-i","21":"pa_on-panel-korumasi-ip66","22":"pa_ram-maks-32-gb","23":"pa_rs-232-422-485-2-adet","24":"pa_uretici-advantech","25":"pa_urun-gruplari-panel-pc","27":"first","28":"outofstock","29":"shipping-taxable","30":"product-type-simple"},"_links":{"self":[{"href":"https:\/\/lima.com.tr\/en\/wp-json\/wp\/v2\/product\/18353","targetHints":{"allow":["GET"]}}],"collection":[{"href":"https:\/\/lima.com.tr\/en\/wp-json\/wp\/v2\/product"}],"about":[{"href":"https:\/\/lima.com.tr\/en\/wp-json\/wp\/v2\/types\/product"}],"version-history":[{"count":5,"href":"https:\/\/lima.com.tr\/en\/wp-json\/wp\/v2\/product\/18353\/revisions"}],"predecessor-version":[{"id":18389,"href":"https:\/\/lima.com.tr\/en\/wp-json\/wp\/v2\/product\/18353\/revisions\/18389"}],"wp:featuredmedia":[{"embeddable":true,"href":"https:\/\/lima.com.tr\/en\/wp-json\/wp\/v2\/media\/18355"}],"wp:attachment":[{"href":"https:\/\/lima.com.tr\/en\/wp-json\/wp\/v2\/media?parent=18353"}],"wp:term":[{"taxonomy":"product_brand","embeddable":true,"href":"https:\/\/lima.com.tr\/en\/wp-json\/wp\/v2\/product_brand?post=18353"},{"taxonomy":"product_cat","embeddable":true,"href":"https:\/\/lima.com.tr\/en\/wp-json\/wp\/v2\/product_cat?post=18353"},{"taxonomy":"product_tag","embeddable":true,"href":"https:\/\/lima.com.tr\/en\/wp-json\/wp\/v2\/product_tag?post=18353"}],"curies":[{"name":"wp","href":"https:\/\/api.w.org\/{rel}","templated":true}]}}