{"id":17738,"date":"2024-08-26T15:39:07","date_gmt":"2024-08-26T12:39:07","guid":{"rendered":"https:\/\/lima.com.tr\/?post_type=product&#038;p=17738"},"modified":"2024-08-29T15:00:09","modified_gmt":"2024-08-29T12:00:09","slug":"nru-230v-awp","status":"publish","type":"product","link":"https:\/\/lima.com.tr\/en\/shop\/is-ortak\/neousys\/neo-ai-gpu\/nru-230v-awp\/","title":{"rendered":"NRU-230V-AWP"},"content":{"rendered":"<p><strong>IP66 S\u0131zd\u0131rmazl\u0131k Korumal\u0131, NVIDIA\u00ae GX Orin \u0130\u015flemcili Bilgisayar &#8211; 8x GMSL2, 4x PoE+ GbE ve 1x 10GbE<\/strong><\/p>\n<p style=\"text-align: justify;\">NRU-230V-AWP, ara\u00e7lar, g\u0131da ve kimya fabrikalar\u0131, madencilik, in\u015faat, tar\u0131msal alanlar ve liman gibi zorlu ortamlarda kullan\u0131lacak u\u00e7 yapay zeka uygulamalar\u0131n\u0131 hedefleyen sa\u011flam, IP66 su ve toz ge\u00e7irmez yap\u0131da \u00fcretilmi\u015f bir NVIDIA\u00ae Jetson AGX Orin bilgisayar\u0131d\u0131r. Y\u00fcksek dayan\u0131ml\u0131 mekanik tasar\u0131m\u0131, haz\u0131r kablo kiti ve \u00f6zenle se\u00e7ilmi\u015f su ge\u00e7irmez konekt\u00f6rler arac\u0131l\u0131\u011f\u0131yla uygun bir maliyet, ve \u00fcst\u00fcn \u00f6zellikleriyle \u201cDayan\u0131ml\u0131 Edge AI\u201d ayg\u0131tlar\u0131 yeniden tan\u0131ml\u0131yor.<\/p>\n<p style=\"text-align: justify;\">NVIDIA\u00ae Jetson AGX Orin taraf\u0131ndan desteklenen NRU-230V-AWP, 275&#8217;e kadar TOPS (INT8) yapay zeka \u00e7\u0131kar\u0131m\u0131 sunar. E\u015f zamanl\u0131 olarak yirmi iki adede kadar 1080P video ak\u0131\u015f\u0131n\u0131n kodlayabilir. NRU-230V-AWP, yapay g\u00f6rme tabanl\u0131 yapay zeka uygulamalar\u0131na y\u00f6nelik farkl\u0131 kamera gereksinimlerini kar\u015f\u0131lamak amac\u0131yla yaln\u0131zca end\u00fcstriyel GigE kamera ve IP kameralar i\u00e7in 4 adet su ge\u00e7irmez M12 PoE+ GbE ba\u011flant\u0131 noktalar\u0131 sunmakla kalmaz, ayn\u0131 zamanda otomotiv kameralar\u0131 veya end\u00fcstriyel stereo kameralarla kullanmak \u00fczere iyine su ge\u00e7irmez 8 adet GMSL2 FAKRA portu da sa\u011flar. GMSL2 portlar\u0131na gerek duymayan uygulamala i\u00e7in <a href=\"https:\/\/lima.com.tr\/en\/urun\/nru-240s-awp\/\">NRU-240S-AWP<\/a> modeli kullan\u0131lmal\u0131d\u0131r.<\/p>\n<p>Su ge\u00e7irmez Type-C konnekt\u00f6rl\u00fc USB 3.2 portunun, 4K Displayport \u00f6zelli\u011fi sayesinde ger\u00e7ek zamanl\u0131 \u00e7evre g\u00f6r\u00fcn\u00fcm\u00fc gerektiren Geli\u015fkin S\u00fcr\u00fcc\u00fc Destek Sistem (ADAS &#8211; Advanced Driver Assistance Systems) uygulamalar\u0131 geli\u015ftirilmesine olanak sa\u011flar. Y\u00fcksek h\u0131zl\u0131 veri ileti\u015fimi i\u00e7in su ge\u00e7irmez bir 10GbE ba\u011flant\u0131 noktas\u0131 bulunmaktad\u0131r.<\/p>\n<div align=\"middle\"><img decoding=\"async\" src=\"https:\/\/lima.com.tr\/wp-content\/uploads\/2024\/08\/NRU-230V-AWP_Konnektorler.png\" width=\"80%;\" \/><\/div>\n<p style=\"text-align: justify;\">Ara\u00e7 \u00fcst\u00fcnde kullan\u0131m i\u00e7in NRU-230V-AWP; 8V ila 48V DC besleme, mar\u015f kontrol\u00fc, 2x izoleli CANBus ba\u011flant\u0131 noktas\u0131, 1x RS232 ba\u011flant\u0131 noktas\u0131 ve 1x izoleli RS485 ba\u011flant\u0131 noktas\u0131yla donat\u0131lm\u0131\u015ft\u0131r. Ayr\u0131ca CAN\/COM\/ WiFi mod\u00fclleri i\u00e7in iki adet mini PCIe soketi ve 4G LTE\/ 5G NR mobil ileti\u015fim mod\u00fcl\u00fc i\u00e7in bir adet M.2 B-key soketi i\u00e7erir. Depolama a\u00e7\u0131s\u0131ndan NRU-230V-AWP, Orin mod\u00fcl\u00fcnde 64 GB eMMC ve SSD i\u00e7in bir M.2 2280 NVMe soketinin yan\u0131 s\u0131ra daha y\u00fcksek depolama gerekler i\u00e7in SATA portu ve iki adet dahili 2,5&#8243; SSD yuvas\u0131yla birlikte gelir. Son olarak NRU- 230V-AWP, \u00fcst\u00fcn bir g\u00fcvenlik sistemi tasar\u0131m\u0131 i\u00e7in otomotiv s\u0131n\u0131f\u0131 bir mikrodenetleyici (MCU) sayesinde g\u00fcncel g\u00fc\u00e7, termal ve Jetson durumunu raporlayan bir sistem izleme portu da sa\u011flar.<\/p>\n<p><strong>\u00d6zellikler<\/strong><\/p>\n<ul>\n<li style=\"list-style-type: none;\">\n<ul>\n<li>NVIDIA\u00ae Jetson AGX Orin\u2122 SoM (System-On-Mod\u00fcl) mimarisi<\/li>\n<li>Suya ve toza kar\u015f\u0131 IP66 koruma<\/li>\n<li>MIL-STD-810H standartlar\u0131nda titre\u015fim ve \u015foka dayan\u0131m<\/li>\n<li>Fans\u0131z olarak -25\u00b0C ~ 70\u00b0C s\u0131cakl\u0131k aral\u0131\u011f\u0131nda \u00e7al\u0131\u015fabilme<\/li>\n<li>8x GMSL2 otomotiv kameras\u0131 ba\u011flanabilen FAKRA Z konnekt\u00f6rleri<\/li>\n<li>M12 X-kodlu konnekt\u00f6rlerle; 4x PoE+ GbE ve 1x 10GBASE-T ba\u011flant\u0131ss\u0131<\/li>\n<li>M12 A konnekt\u00f6rlerle; 2x izoleli CAN 2.0, 1x RS232 ve 1x izoleli RS485 portu<\/li>\n<li>Otomotiv s\u0131n\u0131f\u0131 mikrodenetleyicili (MCU) \u00a01x sistem g\u00f6zetim portu<\/li>\n<li>8V ~ 48V DC aral\u0131\u011f\u0131nda, mar\u015f kontroll\u00fc enerji giri\u015fi<\/li>\n<\/ul>\n<\/li>\n<\/ul>\n<div align=\"middle\"><img decoding=\"async\" src=\"https:\/\/lima.com.tr\/wp-content\/uploads\/2024\/08\/nru-230-arka.png\" width=\"80%;\" \/><\/div>\n<div align=\"middle\"><\/div>\n<p><strong>Certifications<\/strong><\/p>\n<ul>\n<li style=\"list-style-type: none;\">\n<ul>\n<li><strong>Elektromanyetik Uyumlulu:<\/strong> CE\/FCC Class A,\u00a0 EN 55032,\u00a0 EN 55035 ve EN 50121-3<\/li>\n<li><strong>Titre\u015fim:<\/strong> MIL-STD-810H, Metod 514.8, Kategori 4<\/li>\n<li><strong>\u015eok:<\/strong> MIL-STD-810H, Metod 516.8, Prosed\u00fcr I<\/li>\n<\/ul>\n<\/li>\n<\/ul>","protected":false},"excerpt":{"rendered":"<p>IP66 S\u0131zd\u0131rmazl\u0131k Korumal\u0131, NVIDIA\u00ae GX Orin \u0130\u015flemcili Bilgisayar &#8211; 8x GMSL2, 4x PoE+ GbE ve 1x 10GbE<\/p>","protected":false},"featured_media":17725,"template":"","meta":[],"product_brand":[],"product_cat":[3922,1656,4054,1670,1645,1671,1687,80,1659,1676,1635,39,1480,1642,3917,3914,4070,4071,1684,1626,1673,42,167,1661,1678,3915],"product_tag":[45,48,1724,44,46,43,47],"class_list":{"0":"post-17738","1":"product","2":"type-product","3":"status-publish","4":"has-post-thumbnail","6":"product_cat-neo-ai-gpu","7":"product_cat-akilli-sehir-altyapi","8":"product_cat-video-analiz","9":"product_cat-altyapi","10":"product_cat-box-pc-guvenlik","11":"product_cat-box-pc-altyapi","12":"product_cat-box-pc-savunma","13":"product_cat-box-pc","14":"product_cat-box-pc-akilli-sehir","15":"product_cat-box-pc-uretim","16":"product_cat-box-pc-ulasim","17":"product_cat-endustriyel-bilisim","18":"product_cat-endustriyel-bilisim-aksesuarlari","19":"product_cat-guvenlik","20":"product_cat-is-ortak","21":"product_cat-neousys","22":"product_cat-nvidia-jetson","23":"product_cat-nvidia-jetson-yapay-gorme-pc","24":"product_cat-savunma","25":"product_cat-ulasim","26":"product_cat-uretim","27":"product_cat-yapay-gorme","28":"product_cat-yapay-gorme-pc","29":"product_cat-yapay-gorme-pc-akilli-sehir","30":"product_cat-yapay-gorme-pc-uretim","31":"product_cat-neo-yapay-gorme","32":"product_tag-akilli-sehir","33":"product_tag-altyapi","34":"product_tag-endustriyel","35":"product_tag-guvenlik","36":"product_tag-savunma","37":"product_tag-ulasim","38":"product_tag-uretim","39":"pa_10gb-lan-1-adet","40":"pa_besleme-voltaji-8-48v-dc","41":"pa_calisma-sicakligi-25-70c","42":"pa_depolama-secenekleri-1-x-m-2-2280-nvme-pciex4","43":"pa_depolama-secenekleri-1-x-msata-en","44":"pa_depolama-secenekleri-2-x-2-5-ssd-hdd","45":"pa_digital-i-o-1-x-do","46":"pa_digital-i-o-1-x-di","47":"pa_genisleme-secenekleri-1x-m-2-3042-3052-b-key","48":"pa_genisleme-secenekleri-2x-full-size-mini-pci-express-socket","49":"pa_grafik-cikisi-1-x-dp","50":"pa_ignition-control-var","51":"pa_islemci-modeli-nvidia-jetson-agx-orin","52":"pa_islemci-sinifi-nvidia-jetson","53":"pa_koruma-derecesi-ip66","54":"pa_on-board-ram-32gb","55":"pa_on-board-ram-64gb","56":"pa_rs-232-1-adet","57":"pa_rs-485-1-adet","58":"pa_uretici-neousys","59":"pa_usb-2-0-2-adet","61":"first","62":"instock","63":"shipping-taxable","64":"product-type-simple"},"_links":{"self":[{"href":"https:\/\/lima.com.tr\/en\/wp-json\/wp\/v2\/product\/17738","targetHints":{"allow":["GET"]}}],"collection":[{"href":"https:\/\/lima.com.tr\/en\/wp-json\/wp\/v2\/product"}],"about":[{"href":"https:\/\/lima.com.tr\/en\/wp-json\/wp\/v2\/types\/product"}],"version-history":[{"count":5,"href":"https:\/\/lima.com.tr\/en\/wp-json\/wp\/v2\/product\/17738\/revisions"}],"predecessor-version":[{"id":17842,"href":"https:\/\/lima.com.tr\/en\/wp-json\/wp\/v2\/product\/17738\/revisions\/17842"}],"wp:featuredmedia":[{"embeddable":true,"href":"https:\/\/lima.com.tr\/en\/wp-json\/wp\/v2\/media\/17725"}],"wp:attachment":[{"href":"https:\/\/lima.com.tr\/en\/wp-json\/wp\/v2\/media?parent=17738"}],"wp:term":[{"taxonomy":"product_brand","embeddable":true,"href":"https:\/\/lima.com.tr\/en\/wp-json\/wp\/v2\/product_brand?post=17738"},{"taxonomy":"product_cat","embeddable":true,"href":"https:\/\/lima.com.tr\/en\/wp-json\/wp\/v2\/product_cat?post=17738"},{"taxonomy":"product_tag","embeddable":true,"href":"https:\/\/lima.com.tr\/en\/wp-json\/wp\/v2\/product_tag?post=17738"}],"curies":[{"name":"wp","href":"https:\/\/api.w.org\/{rel}","templated":true}]}}