{"id":17486,"date":"2024-08-09T13:04:12","date_gmt":"2024-08-09T10:04:12","guid":{"rendered":"https:\/\/lima.com.tr\/?post_type=product&#038;p=17486"},"modified":"2024-08-09T20:08:00","modified_gmt":"2024-08-09T17:08:00","slug":"aimb-723","status":"publish","type":"product","link":"https:\/\/lima.com.tr\/en\/shop\/endustriyel-bilisim\/atx-anakart\/aimb-723\/","title":{"rendered":"AIMB-723"},"content":{"rendered":"<p>AIMB-723, 7. Nesil AMD Ryzen\u2122 7000 serisi i\u015flemcilerin y\u00fcksek i\u015flemci g\u00fcc\u00fcn\u00fc \u00f6zellikle otomatik optik muayene uygulamalar\u0131na en uygun \u015fekilde sunmak \u00fczere tasarlanm\u0131\u015ft\u0131r.<\/p>\n<p style=\"text-align: justify;\">AMD Ryzen\u2122 7000 serisi i\u015flemcilerin y\u00fcksek performans\u0131na ek olarak PCIe yuvalar\u0131 yapay g\u00f6rme uygulamalar\u0131 i\u00e7in optimize edilmi\u015ftir: \u00dc\u00e7 yuva geni\u015fli\u011finde bir GPU kart\u0131 yuvas\u0131na ek olarak \u00fc\u00e7 adet g\u00f6r\u00fcnt\u00fc yakalama kart\u0131n\u0131n kurulumuna olanak sa\u011flar. Ayr\u0131ca sistemin \u0131s\u0131 yay\u0131l\u0131m\u0131 tasar\u0131m\u0131 y\u00fcksek i\u015flemci y\u00fckleri alt\u0131nda \u00e7al\u0131\u015fmaya yard\u0131mc\u0131 olur.<br \/>\n<img decoding=\"async\" src=\"https:\/\/lima.com.tr\/wp-content\/uploads\/2024\/08\/AIMB-723-3.png\" \/><br \/>\nRyzen Embedded 7000\u2122 Serisi, yedi y\u0131ll\u0131k \u00fcretimde bulunma taahh\u00fcd\u00fc veren ve 5nm teknolojisini kullanan ilk g\u00f6m\u00fcl\u00fc i\u015flemcidir. &#8220;Zen 4&#8221; mimarisini ve Radeon grafik kart\u0131 teknolojilerini birle\u015ftiren Ryzen Embedded 7000 Serisi i\u015flemciler, performans ve i\u015flevsellik sunar.\n<\/p>\n<p><strong>Geni\u015fleme Yuvalar\u0131<\/strong><br \/>\n1 x PCI<br \/>\n1 x PCIe x1 (Gen 3)<br \/>\n1 x PCIe x4 (Gen 4) (x2 link)<br \/>\n2 x PCIe x4 (Gen 4)<br \/>\n1 x PCIe x16 (Gen 4)<\/p>\n<p><strong>Kullan\u0131labilecek \u0130\u015flemciler<\/strong><\/p>\n<table width=\"558\">\n<tbody>\n<tr>\n<td width=\"238\"><strong>Processor Model<\/strong><\/td>\n<td width=\"64\"><strong>\u00c7ekirdek Say\u0131s\u0131<\/strong><\/td>\n<td width=\"64\"><strong>\u0130\u015f Par\u00e7ac\u0131\u011f\u0131<\/strong><\/td>\n<td width=\"64\"><strong>Turbo Frekans\u0131<\/strong><\/td>\n<td width=\"64\"><strong>Temel Frekans<\/strong><\/td>\n<td width=\"64\"><strong>TDP<\/strong><\/td>\n<\/tr>\n<tr>\n<td>AMD Ryzen\u2122 Embedded 7945<\/td>\n<td>12<\/td>\n<td>24<\/td>\n<td>Maks. 5.4 GHz<\/td>\n<td>3.7 GHz<\/td>\n<td>65 W<\/td>\n<\/tr>\n<tr>\n<td>AMD Ryzen\u2122 Embedded 7745<\/td>\n<td>8<\/td>\n<td>16<\/td>\n<td>Maks. 5.3 GHz<\/td>\n<td>3.8 GHz<\/td>\n<td>65 W<\/td>\n<\/tr>\n<tr>\n<td>AMD Ryzen\u2122 Embedded 7700X<\/td>\n<td>8<\/td>\n<td>16<\/td>\n<td>Maks. 5.4 GHz<\/td>\n<td>4.5 GHz<\/td>\n<td>105 W<\/td>\n<\/tr>\n<tr>\n<td>AMD Ryzen\u2122 Embedded 7645<\/td>\n<td>6<\/td>\n<td>12<\/td>\n<td>Maks. 5.1 GHz<\/td>\n<td>3.8 GHz<\/td>\n<td>65 W<\/td>\n<\/tr>\n<tr>\n<td>AMD Ryzen\u2122 Embedded 7600X<\/td>\n<td>6<\/td>\n<td>12<\/td>\n<td>Maks. 5.3 GHz<\/td>\n<td>4.7 GHz<\/td>\n<td>105 W<\/td>\n<\/tr>\n<\/tbody>\n<\/table>\n<p><strong>Portlar (arka cephe)<\/strong><\/p>\n<p style=\"padding-left: 40px;\">VGA (1920 x 1200 @ 60Hz), HDMI (3840 x 2160 @ 60Hz) DisplayPort 1 (3840 x 2160 @ 60Hz)<br \/>\n2 x Ethernet<br \/>\n6 x USB 6 (4 x USB 3.2 Gen 2, 2 x USB 3.2 Gen1)<br \/>\n2 x Ses (Line-out, Mic-in)<br \/>\n2 x Seri (RS-232)<\/p>\n<p><strong>Portlar (dahili)<\/strong><\/p>\n<p style=\"padding-left: 40px;\">6 x USB 6 (2 x USB 3.2 Gen 1, 2 x USB 2.0, 2 x USB 2.0)<br \/>\n4 x Seri (3 x RS-232, 1 x RS-232\/422\/485)<br \/>\n4 x SATA M.2 1 (PCIe x2 Gen 4 M-key 2280)<br \/>\n1 x SPI 1<br \/>\n1x GPIO 8-bit<\/p>\n<p><strong>\u00c7al\u0131\u015fma S\u0131cakl\u0131\u011f\u0131 :<\/strong>\u00a0 0 ~ 60\u00b0C\u00a0 (SSD ile)<\/p>\n<p><strong>Depolama S\u0131cakl\u0131\u011f\u0131 :<\/strong> -40 ~ 85 \u00b0C<\/p>\n<p><strong>Nem :<\/strong> 10 ~ 95% @ 60 \u00b0C<\/p>\n<p><strong>Sertifikalar : <\/strong>CE, FCC Class B, UL<\/p>","protected":false},"excerpt":{"rendered":"<p>AIMB-723 ATX Anakart<br \/>\nLGA1718 AMD Ryzen\u2122 7000 \u0130\u015flemci, DP\/HDMI\/VGA, DDR5, USB 3.2, M.2,\u00a0 0~60C<\/p>","protected":false},"featured_media":17485,"template":"","meta":[],"product_brand":[],"product_cat":[4033,39,1642,1684,96,1654,1685],"product_tag":[45,44,46],"class_list":{"0":"post-17486","1":"product","2":"type-product","3":"status-publish","4":"has-post-thumbnail","6":"product_cat-atx-anakart","7":"product_cat-endustriyel-bilisim","8":"product_cat-guvenlik","9":"product_cat-savunma","10":"product_cat-tek-kartli-bilgisayarlar","11":"product_cat-tek-kartli-bilgisayarlar-guvenlik","12":"product_cat-tek-kartli-bilgisayarlar-savunma","13":"product_tag-akilli-sehir","14":"product_tag-guvenlik","15":"product_tag-savunma","16":"pa_boyut-5-25-etx","17":"pa_cozumler-ve-urunler-endustriyel-bilisim","18":"pa_depolama-secenekleri-1-x-m-2-2280-sata","19":"pa_depolama-secenekleri-4-x-2-5-sas-sata-hdd-ssd","20":"pa_digital-i-o-8-bit-en","21":"pa_gb-lan-2-adet","22":"pa_grafik-cikisi-1-x-dp","23":"pa_grafik-cikisi-1-x-hdmi","24":"pa_grafik-cikisi-1-x-vga-en","25":"pa_guc-girisi-atx","26":"pa_islemci-modeli-amd-ryzen-7000","27":"pa_islemci-sinifi-amd","28":"pa_line-ses-cikis-1-adet","29":"pa_mikrofon-giris-1-adet","30":"pa_ram-maks-128gb","31":"pa_rs-232-5-adet","32":"pa_rs-232-422-485-1-adet","33":"pa_uretici-advantech","34":"pa_urun-gruplari-atx-anakartlar","35":"pa_usb-2-0-4-adet","37":"first","38":"outofstock","39":"shipping-taxable","40":"product-type-variable"},"_links":{"self":[{"href":"https:\/\/lima.com.tr\/en\/wp-json\/wp\/v2\/product\/17486","targetHints":{"allow":["GET"]}}],"collection":[{"href":"https:\/\/lima.com.tr\/en\/wp-json\/wp\/v2\/product"}],"about":[{"href":"https:\/\/lima.com.tr\/en\/wp-json\/wp\/v2\/types\/product"}],"version-history":[{"count":5,"href":"https:\/\/lima.com.tr\/en\/wp-json\/wp\/v2\/product\/17486\/revisions"}],"predecessor-version":[{"id":17502,"href":"https:\/\/lima.com.tr\/en\/wp-json\/wp\/v2\/product\/17486\/revisions\/17502"}],"wp:featuredmedia":[{"embeddable":true,"href":"https:\/\/lima.com.tr\/en\/wp-json\/wp\/v2\/media\/17485"}],"wp:attachment":[{"href":"https:\/\/lima.com.tr\/en\/wp-json\/wp\/v2\/media?parent=17486"}],"wp:term":[{"taxonomy":"product_brand","embeddable":true,"href":"https:\/\/lima.com.tr\/en\/wp-json\/wp\/v2\/product_brand?post=17486"},{"taxonomy":"product_cat","embeddable":true,"href":"https:\/\/lima.com.tr\/en\/wp-json\/wp\/v2\/product_cat?post=17486"},{"taxonomy":"product_tag","embeddable":true,"href":"https:\/\/lima.com.tr\/en\/wp-json\/wp\/v2\/product_tag?post=17486"}],"curies":[{"name":"wp","href":"https:\/\/api.w.org\/{rel}","templated":true}]}}