{"id":1701,"date":"2019-06-29T18:54:23","date_gmt":"2019-06-29T18:54:23","guid":{"rendered":"http:\/\/lima.com.tr\/?post_type=product&#038;p=1701"},"modified":"2024-08-20T14:12:03","modified_gmt":"2024-08-20T11:12:03","slug":"kowa-lens-lm35fc-f1-8-f35mm-1-1","status":"publish","type":"product","link":"https:\/\/lima.com.tr\/en\/shop\/yapay-gorme\/lensler\/c-mount-lensler\/kowa-lens-lm35fc-f1-8-f35mm-1-1\/","title":{"rendered":"Kowa Lens LM35FC F1.8 f35mm 1.1&#8243;"},"content":{"rendered":"<p><strong>\u0130ris Tipi :<\/strong> Manuel<\/p>\n<p><strong>Ekstra D\u00fc\u015f\u00fck Distorsiyon :<\/strong>\u00a0 No<\/p>\n<p><strong>IR kesme filtresi :<\/strong> No<\/p>\n<p>&nbsp;<\/p>","protected":false},"excerpt":{"rendered":"<p>\u0130ris Tipi : Manuel Ekstra D\u00fc\u015f\u00fck Distorsiyon :\u00a0 Hay\u0131r IR kesme filtresi : Hay\u0131r &nbsp;<\/p>","protected":false},"featured_media":7578,"template":"","meta":[],"product_brand":[],"product_cat":[1656,159,4056,1642,4055,1637,157,1679,1648,1662,1626,1673,42],"product_tag":[45,44,43,47],"class_list":{"0":"post-1701","1":"product","2":"type-product","3":"status-publish","4":"has-post-thumbnail","6":"product_cat-akilli-sehir-altyapi","7":"product_cat-c-mount-lensler","8":"product_cat-c-mount-lens","9":"product_cat-guvenlik","10":"product_cat-kowa","11":"product_cat-lensler-ulasim","12":"product_cat-lensler","13":"product_cat-lensler-uretim","14":"product_cat-lensler-guvenlik","15":"product_cat-lensler-akilli-sehir","16":"product_cat-ulasim","17":"product_cat-uretim","18":"product_cat-yapay-gorme","19":"product_tag-akilli-sehir","20":"product_tag-guvenlik","21":"product_tag-ulasim","22":"product_tag-uretim","23":"pa_cozumler-ve-urunler-yapay-gorme","24":"pa_dalga-boyu-araligi-vis","25":"pa_min-f-number-f1-8","26":"pa_montaj-tipi-c-mount","27":"pa_odak-uzunlugu-35-mm","28":"pa_piksel-boyutu-3-5-m","29":"pa_sensor-boyu-1-1","30":"pa_tip-sabit-odak-uzunlugu","31":"pa_uretici-kowa","32":"pa_urun-gruplari-lensler","34":"first","35":"outofstock","36":"shipping-taxable","37":"product-type-variable"},"_links":{"self":[{"href":"https:\/\/lima.com.tr\/en\/wp-json\/wp\/v2\/product\/1701","targetHints":{"allow":["GET"]}}],"collection":[{"href":"https:\/\/lima.com.tr\/en\/wp-json\/wp\/v2\/product"}],"about":[{"href":"https:\/\/lima.com.tr\/en\/wp-json\/wp\/v2\/types\/product"}],"version-history":[{"count":1,"href":"https:\/\/lima.com.tr\/en\/wp-json\/wp\/v2\/product\/1701\/revisions"}],"predecessor-version":[{"id":1706,"href":"https:\/\/lima.com.tr\/en\/wp-json\/wp\/v2\/product\/1701\/revisions\/1706"}],"wp:featuredmedia":[{"embeddable":true,"href":"https:\/\/lima.com.tr\/en\/wp-json\/wp\/v2\/media\/7578"}],"wp:attachment":[{"href":"https:\/\/lima.com.tr\/en\/wp-json\/wp\/v2\/media?parent=1701"}],"wp:term":[{"taxonomy":"product_brand","embeddable":true,"href":"https:\/\/lima.com.tr\/en\/wp-json\/wp\/v2\/product_brand?post=1701"},{"taxonomy":"product_cat","embeddable":true,"href":"https:\/\/lima.com.tr\/en\/wp-json\/wp\/v2\/product_cat?post=1701"},{"taxonomy":"product_tag","embeddable":true,"href":"https:\/\/lima.com.tr\/en\/wp-json\/wp\/v2\/product_tag?post=1701"}],"curies":[{"name":"wp","href":"https:\/\/api.w.org\/{rel}","templated":true}]}}