{"id":16625,"date":"2024-07-26T14:00:20","date_gmt":"2024-07-26T11:00:20","guid":{"rendered":"https:\/\/lima.com.tr\/?post_type=product&#038;p=16625"},"modified":"2024-08-15T12:46:05","modified_gmt":"2024-08-15T09:46:05","slug":"zebra-altiz","status":"publish","type":"product","link":"https:\/\/lima.com.tr\/en\/shop\/is-ortak\/zebra\/3d-profil-zebra\/zebra-altiz\/","title":{"rendered":"Zebra AltiZ"},"content":{"rendered":"<p><strong><span class=\"fontstyle0\">\u00a0\u0130ki kameral\u0131, lazerli taray\u0131c\u0131l\u0131 3D Profil Taray\u0131c\u0131 Ailesi<br \/>\n<\/span><\/strong><\/p>\n<p><span class=\"fontstyle0\">3D profil tarama, bir nesnenin\u00a0 3D modelini olu\u015fturmak \u00fczere kullan\u0131lan bir tekniktir. \u0130kili bir g\u00f6rme sens\u00f6r grubunun, nesne \u00fczerinden yans\u0131t\u0131lan bir lazer \u00e7izgisini g\u00f6r\u00fcnt\u00fcleri aras\u0131nda optik \u00fc\u00e7genleme tekni\u011finden faydalan\u0131r. Lazer \u00e7izgisi, nesnenin kenarlar\u0131n\u0131 takip etmek \u00fczere e\u011filip b\u00fck\u00fclebilir ve b\u00f6ylece bir profil ortaya \u00e7\u0131kar; bu profil, lazer \u00e7izgisi boyunca derinlik veya y\u00fcksekli\u011fi i\u015flemek i\u00e7in analiz edilir. Nesnenin 3D modeli; ya nesneyi sabit tutup 3D profil taray\u0131c\u0131y\u0131 hareket ettirerek yada\u00a0 3D profil taray\u0131c\u0131y\u0131 sabit tutarken nesneyi\u00a0 hareket ettirirken s\u0131k aral\u0131klarla toplanan profil bilgilerinin eklenmesiyle olu\u015fturulur.<\/span><\/p>\n<p>&nbsp;<\/p>\n<p><span class=\"fontstyle0\">Zebra AltiZ profil taray\u0131c\u0131lar\u0131 s<\/span>aniyede 11000 \u00f6rnek alabilen bir profilleme performans\u0131 sa\u011flar. Her profilde 1984 koordinat noktas\u0131 yer al\u0131r. G\u00f6m\u00fcl\u00fc \u00f6zel algoritmalar\u0131 yard\u0131m\u0131yla hassas profiller, derinlik haritalar\u0131 veya nokta bulutlar\u0131 <span class=\"fontstyle2\">\u00a0olu\u015fturur. <span class=\"fontstyle0\">GigE Vision<\/span><span class=\"fontstyle0\">\u00ae aray\u00fcz\u00fc \u00fczerinden kolayca<\/span> Zebra Aurora Imaging Library <span class=\"fontstyle0\">\u2122 <\/span>ve Aurora Design Assistant <span class=\"fontstyle0\">\u2122 <\/span>veya di\u011fer <span class=\"fontstyle0\">GigE Vision<\/span><span class=\"fontstyle0\">\u00ae\u00a0 standard\u0131n\u0131n <\/span><span class=\"fontstyle0\">GenICam GenDC protokol\u00fcn\u00fc, GenICam PFNC 3D piksel format\u0131n\u0131 destekleyen di\u011fer yaz\u0131l\u0131mlarla<\/span>\u00a0kullan\u0131labilir.<\/span><\/p>\n<p style=\"text-align: center;\"><span class=\"fontstyle0\"><strong>Aurora Capture Works<\/strong> (Aurora Design Assistant ile birlikte gelir) <strong>Ekran\u0131<\/strong><\/span><\/p>\n<p><img decoding=\"async\" src=\"https:\/\/lima.com.tr\/wp-content\/uploads\/2024\/07\/AltiZ_Img1.jpg\" alt=\"Nokta Bulutlar\u0131\" \/><\/p>\n<p>&nbsp;<\/p>\n<p><span class=\"fontstyle2\"><span class=\"fontstyle0\">Zebra AltiZ\u00a0 Ethernet \u00dczerinden G\u00fc\u00e7 (PoE) deste\u011fiyle kablolamay\u0131 kolayla\u015ft\u0131r\u0131r. <\/span><\/span>IP67 korumal\u0131, sa\u011flam al\u00fcminyum kutusu, M12 konnekt\u00f6rleri sayesinde zorlu end\u00fcstriyel ortamlarda g\u00fcvenle kullan\u0131labilir. Tarama s\u0131ras\u0131ndaki hareketin koordinat sistemine d\u00f6n\u00fc\u015f\u00fcm\u00fcne yard\u0131mc\u0131 olmak \u00fczere d\u00f6nel enkoder giri\u015finden yararlan\u0131l\u0131r.<\/p>\n<p>&nbsp;<\/p>\n<p><strong>Modeller :<\/strong><\/p>\n<table width=\"599\">\n<tbody>\n<tr>\n<td width=\"131\"><strong>Modeller<\/strong><\/td>\n<td width=\"117\"><strong>AZ1D4SR<\/strong><\/td>\n<td width=\"117\"><strong>AZ1D4SB<\/strong><\/td>\n<td width=\"117\"><strong>AZ1D4MR<\/strong><\/td>\n<td width=\"117\"><strong>AZ1D4LR<\/strong><\/td>\n<\/tr>\n<tr>\n<td>Lazer<\/td>\n<td>K\u0131rm\u0131z\u0131 (660nm)<\/td>\n<td>Mavi (405nm)<\/td>\n<td>K\u0131rm\u0131z\u0131 (660nm)<\/td>\n<td>K\u0131rm\u0131z\u0131 (660nm)<\/td>\n<\/tr>\n<tr>\n<td>\u00c7al\u0131\u015fma Mesafesi<\/td>\n<td>100 mm<\/td>\n<td>100 mm<\/td>\n<td>185 mm<\/td>\n<td>160 mm<\/td>\n<\/tr>\n<tr>\n<td>Derinlik<\/td>\n<td>70 mm<\/td>\n<td>70 mm<\/td>\n<td>225 mm<\/td>\n<td>385 mm<\/td>\n<\/tr>\n<tr>\n<td>Resolution<\/td>\n<td>4-8 \u03bcm<\/td>\n<td>4-8 \u03bcm<\/td>\n<td>9,5-34 \u03bcm<\/td>\n<td>10-89 \u03bcm<\/td>\n<\/tr>\n<\/tbody>\n<\/table>\n<p><strong>Konnekt\u00f6rler :<\/strong><\/p>\n<p>M12-X 8-pin GigE ve G\u00fc\u00e7 Giri\u015fi<br \/>\nM12- 12 pin Dijital G\/\u00c7, Alternatif G\u00fc\u00e7 Giri\u015fi<\/p>\n<p><strong>A\u011f\u0131rl\u0131k:<\/strong> 1.5 kg<br \/>\n<strong>G\u00fc\u00e7 Gereksinimi:<\/strong> 0.5A @ 24 VDC<br \/>\n<strong>\u00c7al\u0131\u015fma S\u0131cakl\u0131\u011f\u0131:<\/strong> 0\u00b0C ~ 45\u00b0C<br \/>\n<strong>Havaland\u0131rma:<\/strong> Do\u011fal konveksiyon<\/p>","protected":false},"excerpt":{"rendered":"<p>Zebra AltiZ, End\u00fcstriyel <span class=\"fontstyle0\">3D Profil Taray\u0131c\u0131<\/span><\/p>","protected":false},"featured_media":16620,"template":"","meta":[],"product_brand":[],"product_cat":[4016,4003,42,4012],"product_tag":[45,44,43,47,3977,3978],"class_list":{"0":"post-16625","1":"product","2":"type-product","3":"status-publish","4":"has-post-thumbnail","6":"product_cat-3d-profil-zebra","7":"product_cat-3d-profil","8":"product_cat-yapay-gorme","9":"product_cat-zebra","10":"product_tag-akilli-sehir","11":"product_tag-guvenlik","12":"product_tag-ulasim","13":"product_tag-uretim","14":"product_tag-zebra","15":"product_tag-zebra-technologies","16":"pa_cekim-hizi-186","17":"pa_cozumler-ve-urunler-yapay-gorme","18":"pa_cozunurluk-yatay-x-dikey-1920-x-1200","19":"pa_digital-i-o-9-kanal","20":"pa_gb-lan-1-port","21":"pa_islemci-frekansi-1-80-ghz-en","22":"pa_islemci-modeli-i-mx-8m-plus","23":"pa_islemci-sinifi-nxp-i-mx","24":"pa_mono-renkli-mono","25":"pa_piksel-boyutu-3-0-m-en","26":"pa_ramtakili-8-gb","27":"pa_sensor-boyu-1-2-6","28":"pa_sensor-modeli-xgs","29":"pa_shutter-tipi-global","30":"pa_tumlesik-flash-32-gb","31":"pa_uretici-zebra","32":"pa_urun-gruplari-endustriyel-kameralar","33":"pa_urun-serisi-altiz","34":"pa_usb-3-0-yuksek-performans-1-adet","36":"first","37":"outofstock","38":"shipping-taxable","39":"product-type-variable"},"_links":{"self":[{"href":"https:\/\/lima.com.tr\/en\/wp-json\/wp\/v2\/product\/16625","targetHints":{"allow":["GET"]}}],"collection":[{"href":"https:\/\/lima.com.tr\/en\/wp-json\/wp\/v2\/product"}],"about":[{"href":"https:\/\/lima.com.tr\/en\/wp-json\/wp\/v2\/types\/product"}],"version-history":[{"count":5,"href":"https:\/\/lima.com.tr\/en\/wp-json\/wp\/v2\/product\/16625\/revisions"}],"predecessor-version":[{"id":16640,"href":"https:\/\/lima.com.tr\/en\/wp-json\/wp\/v2\/product\/16625\/revisions\/16640"}],"wp:featuredmedia":[{"embeddable":true,"href":"https:\/\/lima.com.tr\/en\/wp-json\/wp\/v2\/media\/16620"}],"wp:attachment":[{"href":"https:\/\/lima.com.tr\/en\/wp-json\/wp\/v2\/media?parent=16625"}],"wp:term":[{"taxonomy":"product_brand","embeddable":true,"href":"https:\/\/lima.com.tr\/en\/wp-json\/wp\/v2\/product_brand?post=16625"},{"taxonomy":"product_cat","embeddable":true,"href":"https:\/\/lima.com.tr\/en\/wp-json\/wp\/v2\/product_cat?post=16625"},{"taxonomy":"product_tag","embeddable":true,"href":"https:\/\/lima.com.tr\/en\/wp-json\/wp\/v2\/product_tag?post=16625"}],"curies":[{"name":"wp","href":"https:\/\/api.w.org\/{rel}","templated":true}]}}