{"id":16614,"date":"2024-07-26T12:20:46","date_gmt":"2024-07-26T09:20:46","guid":{"rendered":"https:\/\/lima.com.tr\/?post_type=product&#038;p=16614"},"modified":"2024-07-31T15:38:48","modified_gmt":"2024-07-31T12:38:48","slug":"zebra-fs42","status":"publish","type":"product","link":"https:\/\/lima.com.tr\/en\/shop\/is-ortak\/zebra\/barkod-okuyucu-zebra\/zebra-fs42\/","title":{"rendered":"Zebra FS42"},"content":{"rendered":"<p><strong><span class=\"fontstyle0\">G\u00fcncel \u00fcretim ve lojistik s\u00fcre\u00e7lerinin zorlu gereksinimlerine uygun, Sabit End\u00fcstriyel Barkod Okuyucu<\/span><\/strong><\/p>\n<p>F<span class=\"fontstyle0\">S42, derin \u00f6\u011frenme tabanl\u0131 OCR ve geli\u015fmi\u015f makine g\u00f6r\u00fc\u015f\u00fc inceleme i\u015fleri gibi yo\u011fun kaynak kullanan uygulamalar\u0131 \u00fcstlenecek i\u015flem g\u00fcc\u00fcne ve y\u00fcksek bellek kapasitesine sahiptir. FS42&#8217;nin temelini, t\u00fcm Zebra Sabit End\u00fcstriyel Barkod Okuyucular\u0131n kolay kurulumu, kullan\u0131ma konmas\u0131 ve \u00e7al\u0131\u015ft\u0131r\u0131lmas\u0131 i\u00e7in tasarlanm\u0131\u015f bir yaz\u0131l\u0131m platformu olan Zebra Aurora Focus olu\u015fturur. Zebra Aurora Focus, sabit end\u00fcstriyel barkod okuyucular\u0131 ve Zebra yapay g\u00f6rme \u00fcr\u00fcn porf\u00f6y\u00fcn\u00fc b\u00fct\u00fcnle\u015fik y\u00f6netmeye olanak sa\u011flar.<\/span><\/p>\n<p><span class=\"fontstyle0\">\u00a0FS42&#8217;nin i.MX 8M Plus Sinir (Neural) \u0130\u015fleme Birimi, okuma verimini att\u0131r\u0131p yapay zeka ve makine g\u00f6r\u00fc\u015f\u00fc tabanl\u0131 uygulamalar\u0131 h\u0131zland\u0131rmak \u00fczere optimize edilmi\u015ftir. Okuyucu \u00fczerinde hedef belirleyici lazer ve farkl\u0131 ayd\u0131nlatma \u00fcr\u00fcnleri haz\u0131r gelmektedir. Ethernet \u00dczerinden G\u00fc\u00e7 (PoE) deste\u011fi; okuyucu ve ona ba\u011fl\u0131 aksesuarlara g\u00fc\u00e7 vermek kolayla\u015ft\u0131r\u0131r ve kurulum maliyetlerini d\u00fc\u015f\u00fcr\u00fcr. Uygulamalara kolayl\u0131k sa\u011flay\u0131p hatalar\u0131 azaltmak \u00fczere kullan\u0131labilecek dokuz adete kadar dijital G\/\u00c7 portu bulunmaktad\u0131r. <\/span><\/p>\n<p>&nbsp;<\/p>\n<p><strong>Konnekt\u00f6rler :<\/strong><\/p>\n<p>M12-X GigE<br \/>\nM12- 12 pin Besleme, Dijital G\/\u00c7, RS-232<br \/>\nM12 5 pin Harici Ayd\u0131nlatma ve Dijital G\/\u00c7<br \/>\nUSB3.0 Typce-C (Displayport modlu)<\/p>\n<p><strong>A\u011f\u0131rl\u0131k:<\/strong> 400 gram<br \/>\n<strong>G\u00fc\u00e7 Gereksinimi:<\/strong> 1.5A @ 24 VDC veya 36 W<br \/>\n<strong>\u00c7al\u0131\u015fma S\u0131cakl\u0131\u011f\u0131:<\/strong> 0\u00b0C ~ 45\u00b0C<br \/>\n<strong>Havaland\u0131rma:<\/strong> Do\u011fal konveksiyon<br \/>\n<strong>Sertifikalar:<\/strong><\/p>\n<p>EN 55032:2015\/A11:2020 (Class B)<br \/>\nEN 55035:2017<br \/>\nEN 61000-3-2:2014 (Class A)<br \/>\nEN 61000-3-3:2013<br \/>\n47 CFR Part 15, Subpart B, Class B<br \/>\nICES-003 Issue 7, Class B<\/p>","protected":false},"excerpt":{"rendered":"<p>Zebra FS42, End\u00fcstriyel Sabit Barkod Okuyucu<\/p>","protected":false},"featured_media":16613,"template":"","meta":[],"product_brand":[],"product_cat":[4017,4002,42,4012],"product_tag":[45,43,47,3977,3978],"class_list":{"0":"post-16614","1":"product","2":"type-product","3":"status-publish","4":"has-post-thumbnail","6":"product_cat-barkod-okuyucu-zebra","7":"product_cat-barkod-okuyucu","8":"product_cat-yapay-gorme","9":"product_cat-zebra","10":"product_tag-akilli-sehir","11":"product_tag-ulasim","12":"product_tag-uretim","13":"product_tag-zebra","14":"product_tag-zebra-technologies","15":"pa_cekim-hizi-186","16":"pa_cozumler-ve-urunler-yapay-gorme","17":"pa_cozunurluk-yatay-x-dikey-1920-x-1200","18":"pa_digital-i-o-9-kanal","19":"pa_gb-lan-1-port","20":"pa_islemci-frekansi-1-80-ghz-en","21":"pa_islemci-modeli-i-mx-8m-plus","22":"pa_islemci-sinifi-nxp-i-mx","23":"pa_mono-renkli-mono","24":"pa_piksel-boyutu-3-0-m-en","25":"pa_ramtakili-8-gb","26":"pa_sensor-boyu-1-2-6","27":"pa_sensor-modeli-xgs","28":"pa_shutter-tipi-global","29":"pa_tumlesik-flash-32-gb","30":"pa_uretici-zebra","31":"pa_urun-gruplari-sabit-barkod-okuyucu","32":"pa_usb-3-0-yuksek-performans-1-adet","34":"first","35":"outofstock","36":"shipping-taxable","37":"product-type-variable"},"_links":{"self":[{"href":"https:\/\/lima.com.tr\/en\/wp-json\/wp\/v2\/product\/16614","targetHints":{"allow":["GET"]}}],"collection":[{"href":"https:\/\/lima.com.tr\/en\/wp-json\/wp\/v2\/product"}],"about":[{"href":"https:\/\/lima.com.tr\/en\/wp-json\/wp\/v2\/types\/product"}],"version-history":[{"count":5,"href":"https:\/\/lima.com.tr\/en\/wp-json\/wp\/v2\/product\/16614\/revisions"}],"predecessor-version":[{"id":16643,"href":"https:\/\/lima.com.tr\/en\/wp-json\/wp\/v2\/product\/16614\/revisions\/16643"}],"wp:featuredmedia":[{"embeddable":true,"href":"https:\/\/lima.com.tr\/en\/wp-json\/wp\/v2\/media\/16613"}],"wp:attachment":[{"href":"https:\/\/lima.com.tr\/en\/wp-json\/wp\/v2\/media?parent=16614"}],"wp:term":[{"taxonomy":"product_brand","embeddable":true,"href":"https:\/\/lima.com.tr\/en\/wp-json\/wp\/v2\/product_brand?post=16614"},{"taxonomy":"product_cat","embeddable":true,"href":"https:\/\/lima.com.tr\/en\/wp-json\/wp\/v2\/product_cat?post=16614"},{"taxonomy":"product_tag","embeddable":true,"href":"https:\/\/lima.com.tr\/en\/wp-json\/wp\/v2\/product_tag?post=16614"}],"curies":[{"name":"wp","href":"https:\/\/api.w.org\/{rel}","templated":true}]}}