{"id":16604,"date":"2024-07-25T14:49:08","date_gmt":"2024-07-25T11:49:08","guid":{"rendered":"https:\/\/lima.com.tr\/?post_type=product&#038;p=16604"},"modified":"2024-08-05T15:25:29","modified_gmt":"2024-08-05T12:25:29","slug":"zebra-iris-gtx","status":"publish","type":"product","link":"https:\/\/lima.com.tr\/en\/shop\/is-ortak\/zebra\/akilli-kameralar-zebra\/zebra-iris-gtx\/","title":{"rendered":"Zebra Iris GTX"},"content":{"rendered":"<p><strong>Yapay G\u00f6rme ve Derin \u00d6\u011frenme \u00d6zellikli IoT Ayg\u0131t\u0131<\/strong><\/p>\n<p>Zebra Iris GTX ak\u0131ll\u0131 kameralar\u0131; h\u0131zl\u0131, y\u00fcksek \u00e7\u00f6z\u00fcn\u00fcrl\u00fckl\u00fc XGS CMOS sens\u00f6rleri, y\u00fcksek verimli \u00e7ift \u00e7ekirdekli Intel Atom x6211E \u0130\u015flemci ve g\u00fc\u00e7l\u00fc G\/\u00c7 \u00f6zellikleriyle donat\u0131lm\u0131\u015ft\u0131r.\u00a0 Zebra Aurora Design Assistant g\u00f6rsel denetim yaz\u0131l\u0131m\u0131yla birlikte gelen bu Edge IoT ayg\u0131t\u0131, geleneksel yapay g\u00f6rme i\u015flevlerine ek olarak derin \u00f6\u011frenme \u00e7\u0131kar\u0131mlar\u0131n\u0131 da ba\u015far\u0131yla yapar. Toza ve suya dayan\u0131kl\u0131 ve son derecece y\u00fcksek dayan\u0131ml\u0131 Iris GTX ak\u0131ll\u0131 kameralar\u0131, zorlu, s\u0131k\u0131\u015f\u0131k alanlarda ve kirli end\u00fcstriyel ortamlarda g\u00fcvenle kullan\u0131labilir.<\/p>\n<p><strong>Modeller :<\/strong><\/p>\n<table width=\"795\">\n<tbody>\n<tr>\n<td width=\"155\"><strong>Modeller<\/strong><\/td>\n<td width=\"64\"><strong>GTX<\/strong><br \/>\n<strong>2000<\/strong><\/td>\n<td width=\"64\"><strong>GTX<\/strong><br \/>\n<strong>2000C<\/strong><\/td>\n<td width=\"64\"><strong>GTX<\/strong><br \/>\n<strong>5000<\/strong><\/td>\n<td width=\"64\"><strong>GTX<\/strong><br \/>\n<strong>5000C<\/strong><\/td>\n<td width=\"64\"><strong>GTX<\/strong><br \/>\n<strong>8000<\/strong><\/td>\n<td width=\"64\"><strong>GTX<\/strong><br \/>\n<strong>8000C<\/strong><\/td>\n<td width=\"64\"><strong>GTX<\/strong><br \/>\n<strong>12000<\/strong><\/td>\n<td width=\"64\"><strong>GTX<\/strong><br \/>\n<strong>12000C<\/strong><\/td>\n<td width=\"64\"><strong>GTX<\/strong><br \/>\n<strong>16000<\/strong><\/td>\n<td width=\"64\"><strong>GTX<\/strong><br \/>\n<strong>16000C<\/strong><\/td>\n<\/tr>\n<tr>\n<td>Format<\/td>\n<td width=\"64\">Monokrom<\/td>\n<td width=\"64\">Renkli<\/td>\n<td width=\"64\">Monokrom<\/td>\n<td width=\"64\">Renkli<\/td>\n<td width=\"64\">Monokrom<\/td>\n<td width=\"64\">Renkli<\/td>\n<td width=\"64\">Monokrom<\/td>\n<td width=\"64\">Renkli<\/td>\n<td width=\"64\">Monokrom<\/td>\n<td width=\"64\">Renkli<\/td>\n<\/tr>\n<tr>\n<td>Efektif FPS<\/td>\n<td width=\"64\">70<\/td>\n<td width=\"64\">17<\/td>\n<td width=\"64\">41.7<\/td>\n<td width=\"64\">10<\/td>\n<td width=\"64\">39.6<\/td>\n<td width=\"64\">10<\/td>\n<td width=\"64\">28<\/td>\n<td width=\"64\">7<\/td>\n<td width=\"64\">21.6<\/td>\n<td width=\"64\">5<\/td>\n<\/tr>\n<tr>\n<td>Resolution<\/td>\n<td colspan=\"2\" width=\"128\">1920 x 1200<\/td>\n<td colspan=\"2\" width=\"128\">2592 x 2048<\/td>\n<td colspan=\"2\" width=\"128\">4096 x 2160<\/td>\n<td colspan=\"2\" width=\"128\">4096 x 3072<\/td>\n<td colspan=\"2\" width=\"128\">4000 x 4000<\/td>\n<\/tr>\n<tr>\n<td>Sens\u00f6r Modeli<\/td>\n<td colspan=\"2\">XGS2000<\/td>\n<td colspan=\"2\">XGS5000<\/td>\n<td colspan=\"2\">XGS8000<\/td>\n<td colspan=\"2\">XGS12000<\/td>\n<td colspan=\"2\">XGS16000<\/td>\n<\/tr>\n<tr>\n<td>Sens\u00f6r Geometrisi<\/td>\n<td colspan=\"2\">1\/1.25 in\u00e7<\/td>\n<td colspan=\"2\">2\/3 in\u00e7<\/td>\n<td colspan=\"2\">1\/1.1 in\u00e7<\/td>\n<td colspan=\"2\">1 in\u00e7<\/td>\n<td colspan=\"2\">1.1 in\u00e7<\/td>\n<\/tr>\n<\/tbody>\n<\/table>\n<p>&nbsp;<\/p>\n<p><strong>Konnekt\u00f6rler :<\/strong><\/p>\n<p>M12-X-8 pin (di\u015fi) GigE<br \/>\nM12-A-12 pin (di\u015fi) Besleme, Dijital G\/\u00c7,\u00a0 LED ayd\u0131nlatma seviye kontrol<br \/>\nM12-A-12 pin (erkek)\u00a0 VGA ve USB<\/p>\n<p><strong>A\u011f\u0131rl\u0131k:<\/strong> 407 g (objektif kapaks\u0131z)<br \/>\n<strong>G\u00fc\u00e7 Gereksinimi:<\/strong> 625 mA @ 24 VDC or 15 W (typical)<br \/>\n<strong>\u00c7al\u0131\u015fma S\u0131cakl\u0131\u011f\u0131:<\/strong> 0\u00b0C ~ 45\u00b0C<br \/>\n<strong>Havaland\u0131rma:<\/strong> Do\u011fal konveksiyon<br \/>\n<strong>Sertifikalar:<\/strong><\/p>\n<p>FCC Part 15 Class A, CE<br \/>\nEN55011 Class A, EN61326-1 d\u00fcstriyel Ortam<br \/>\nICES-003\/NMB-003 Class A<br \/>\nRCM Class A: IP67 Kutu (IEC 60529)<br \/>\n\u015eok ve Titre\u015fim: EN60721-3-3\/A2, Category 3M8<\/p>","protected":false},"excerpt":{"rendered":"<p>Zebra Iris GTX , XGS sens\u00f6rl\u00fc, Intel Atom x6211E \u0130\u015flemcili Ak\u0131ll\u0131 Kamera Ailesi<\/p>","protected":false},"featured_media":16608,"template":"","meta":[],"product_brand":[],"product_cat":[1683,156,1653,4014,1667,1641,1656,1642,1626,1673,42,4012],"product_tag":[45,44,43,47,3977,3978],"class_list":{"0":"post-16604","1":"product","2":"type-product","3":"status-publish","4":"has-post-thumbnail","6":"product_cat-akilli-kameralar-uretim","7":"product_cat-akilli-kameralar","8":"product_cat-akilli-kameralar-guvenlik","9":"product_cat-akilli-kameralar-zebra","10":"product_cat-akilli-kameralar-akilli-sehir","11":"product_cat-akilli-kameralar-ulasim","12":"product_cat-akilli-sehir-altyapi","13":"product_cat-guvenlik","14":"product_cat-ulasim","15":"product_cat-uretim","16":"product_cat-yapay-gorme","17":"product_cat-zebra","18":"product_tag-akilli-sehir","19":"product_tag-guvenlik","20":"product_tag-ulasim","21":"product_tag-uretim","22":"product_tag-zebra","23":"product_tag-zebra-technologies","24":"pa_cekim-hizi-503","25":"pa_cekim-hizi-17-en","26":"pa_cekim-hizi-21-en","27":"pa_cekim-hizi-3994","28":"pa_cekim-hizi-3995","29":"pa_cekim-hizi-593","30":"pa_cekim-hizi-655","31":"pa_cekim-hizi-7-en","32":"pa_cekim-hizi-3996","33":"pa_cozumler-ve-urunler-yapay-gorme","34":"pa_cozunurluk-yatay-x-dikey-1920-x-1200","35":"pa_cozunurluk-yatay-x-dikey-2592-x-2048","36":"pa_cozunurluk-yatay-x-dikey-4000-x-4000","37":"pa_cozunurluk-yatay-x-dikey-4096-x-2160","38":"pa_cozunurluk-yatay-x-dikey-4096-x-3072","39":"pa_digital-i-o-1x-trigger-input","40":"pa_digital-i-o-3-x-do","41":"pa_digital-i-o-3-x-di","42":"pa_gb-lan-1-port","43":"pa_islemci-frekansi-1-30-ghz","44":"pa_islemci-modeli-intel-atom-x6211e","45":"pa_islemci-sinifi-intel-atom","46":"pa_lens-tipi-c-mount","47":"pa_mono-renkli-mono","48":"pa_mono-renkli-renkli","49":"pa_piksel-boyutu-3-2-m","50":"pa_ramtakili-4-gb","51":"pa_sensor-boyu-1-1","52":"pa_sensor-boyu-347","53":"pa_sensor-boyu-1-1-1","54":"pa_sensor-boyu-1-1-25","55":"pa_sensor-boyu-2-3","56":"pa_sensor-modeli-xgs","57":"pa_shutter-tipi-global","58":"pa_tumlesik-flash-32-gb","59":"pa_uretici-zebra","60":"pa_urun-gruplari-akilli-kameralar","61":"pa_usb-2-0-1-adet","63":"first","64":"outofstock","65":"shipping-taxable","66":"product-type-variable"},"_links":{"self":[{"href":"https:\/\/lima.com.tr\/en\/wp-json\/wp\/v2\/product\/16604","targetHints":{"allow":["GET"]}}],"collection":[{"href":"https:\/\/lima.com.tr\/en\/wp-json\/wp\/v2\/product"}],"about":[{"href":"https:\/\/lima.com.tr\/en\/wp-json\/wp\/v2\/types\/product"}],"version-history":[{"count":5,"href":"https:\/\/lima.com.tr\/en\/wp-json\/wp\/v2\/product\/16604\/revisions"}],"predecessor-version":[{"id":16612,"href":"https:\/\/lima.com.tr\/en\/wp-json\/wp\/v2\/product\/16604\/revisions\/16612"}],"wp:featuredmedia":[{"embeddable":true,"href":"https:\/\/lima.com.tr\/en\/wp-json\/wp\/v2\/media\/16608"}],"wp:attachment":[{"href":"https:\/\/lima.com.tr\/en\/wp-json\/wp\/v2\/media?parent=16604"}],"wp:term":[{"taxonomy":"product_brand","embeddable":true,"href":"https:\/\/lima.com.tr\/en\/wp-json\/wp\/v2\/product_brand?post=16604"},{"taxonomy":"product_cat","embeddable":true,"href":"https:\/\/lima.com.tr\/en\/wp-json\/wp\/v2\/product_cat?post=16604"},{"taxonomy":"product_tag","embeddable":true,"href":"https:\/\/lima.com.tr\/en\/wp-json\/wp\/v2\/product_tag?post=16604"}],"curies":[{"name":"wp","href":"https:\/\/api.w.org\/{rel}","templated":true}]}}