{"id":1654,"date":"2019-06-29T18:25:23","date_gmt":"2019-06-29T18:25:23","guid":{"rendered":"http:\/\/lima.com.tr\/?post_type=product&#038;p=1654"},"modified":"2024-08-20T14:10:06","modified_gmt":"2024-08-20T11:10:06","slug":"kowa-lens-lm50lf-f2-8-f50mm-43-3mm","status":"publish","type":"product","link":"https:\/\/lima.com.tr\/en\/shop\/is-ortak\/kowa\/f-mount-lens\/kowa-lens-lm50lf-f2-8-f50mm-43-3mm\/","title":{"rendered":"Kowa Lens LM50LF F2.8 f50mm &#8211; 43.3mm"},"content":{"rendered":"<p><strong>\u0130ris Tipi :<\/strong> Manuel<\/p>\n<p><strong>Ekstra D\u00fc\u015f\u00fck Distorsiyon :<\/strong>\u00a0 Evet<\/p>\n<p><strong>IR kesme filtresi :<\/strong> No<\/p>","protected":false},"excerpt":{"rendered":"<p>\u0130ris Tipi : Manuel Ekstra D\u00fc\u015f\u00fck Distorsiyon :\u00a0 Evet IR kesme filtresi : Hay\u0131r<\/p>","protected":false},"featured_media":7581,"template":"","meta":[],"product_brand":[],"product_cat":[1656,4057,158,1642,4055,1648,1662,157,1637,1679,1626,1673,42],"product_tag":[45,44,43,47],"class_list":{"0":"post-1654","1":"product","2":"type-product","3":"status-publish","4":"has-post-thumbnail","6":"product_cat-akilli-sehir-altyapi","7":"product_cat-f-mount-lens","8":"product_cat-f-mount-lensler","9":"product_cat-guvenlik","10":"product_cat-kowa","11":"product_cat-lensler-guvenlik","12":"product_cat-lensler-akilli-sehir","13":"product_cat-lensler","14":"product_cat-lensler-ulasim","15":"product_cat-lensler-uretim","16":"product_cat-ulasim","17":"product_cat-uretim","18":"product_cat-yapay-gorme","19":"product_tag-akilli-sehir","20":"product_tag-guvenlik","21":"product_tag-ulasim","22":"product_tag-uretim","23":"pa_cozumler-ve-urunler-yapay-gorme","24":"pa_dalga-boyu-araligi-nir","25":"pa_dalga-boyu-araligi-vis","26":"pa_min-f-number-f2-8","27":"pa_montaj-tipi-f-mount","28":"pa_odak-uzunlugu-50-mm","29":"pa_piksel-boyutu-7-5-m","30":"pa_sensor-boyu-43-3-mm","31":"pa_tip-sabit-odak-uzunlugu","32":"pa_uretici-kowa","33":"pa_urun-gruplari-lensler","35":"first","36":"outofstock","37":"shipping-taxable","38":"product-type-variable"},"_links":{"self":[{"href":"https:\/\/lima.com.tr\/en\/wp-json\/wp\/v2\/product\/1654","targetHints":{"allow":["GET"]}}],"collection":[{"href":"https:\/\/lima.com.tr\/en\/wp-json\/wp\/v2\/product"}],"about":[{"href":"https:\/\/lima.com.tr\/en\/wp-json\/wp\/v2\/types\/product"}],"version-history":[{"count":1,"href":"https:\/\/lima.com.tr\/en\/wp-json\/wp\/v2\/product\/1654\/revisions"}],"predecessor-version":[{"id":1656,"href":"https:\/\/lima.com.tr\/en\/wp-json\/wp\/v2\/product\/1654\/revisions\/1656"}],"wp:featuredmedia":[{"embeddable":true,"href":"https:\/\/lima.com.tr\/en\/wp-json\/wp\/v2\/media\/7581"}],"wp:attachment":[{"href":"https:\/\/lima.com.tr\/en\/wp-json\/wp\/v2\/media?parent=1654"}],"wp:term":[{"taxonomy":"product_brand","embeddable":true,"href":"https:\/\/lima.com.tr\/en\/wp-json\/wp\/v2\/product_brand?post=1654"},{"taxonomy":"product_cat","embeddable":true,"href":"https:\/\/lima.com.tr\/en\/wp-json\/wp\/v2\/product_cat?post=1654"},{"taxonomy":"product_tag","embeddable":true,"href":"https:\/\/lima.com.tr\/en\/wp-json\/wp\/v2\/product_tag?post=1654"}],"curies":[{"name":"wp","href":"https:\/\/api.w.org\/{rel}","templated":true}]}}