{"id":16320,"date":"2024-07-17T12:46:03","date_gmt":"2024-07-17T09:46:03","guid":{"rendered":"https:\/\/lima.com.tr\/?post_type=product&#038;p=16320"},"modified":"2024-07-31T15:40:50","modified_gmt":"2024-07-31T12:40:50","slug":"ecu-579","status":"publish","type":"product","link":"https:\/\/lima.com.tr\/en\/shop\/endustriyel-bilisim\/rack-tipi-sistemler\/2u\/ecu-579\/","title":{"rendered":"ECU-579"},"content":{"rendered":"<div data-elementor-type=\"product-post\" data-elementor-id=\"16320\" class=\"elementor elementor-16320\" data-elementor-post-type=\"product\">\n\t\t\t\t\t\t<section class=\"elementor-section elementor-top-section elementor-element elementor-element-6df37bfa elementor-section-boxed elementor-section-height-default elementor-section-height-default\" data-id=\"6df37bfa\" data-element_type=\"section\" data-e-type=\"section\">\n\t\t\t\t\t\t<div class=\"elementor-container elementor-column-gap-default\">\n\t\t\t\t\t<div class=\"elementor-column elementor-col-100 elementor-top-column elementor-element elementor-element-850ace4\" data-id=\"850ace4\" data-element_type=\"column\" data-e-type=\"column\">\n\t\t\t<div class=\"elementor-widget-wrap elementor-element-populated\">\n\t\t\t\t\t\t<div class=\"elementor-element elementor-element-7be0299b elementor-widget elementor-widget-text-editor\" data-id=\"7be0299b\" data-element_type=\"widget\" data-e-type=\"widget\" data-widget_type=\"text-editor.default\">\n\t\t\t\t<div class=\"elementor-widget-container\">\n\t\t\t\t\t\t\t\t\t<div><p>EC-61850 sertifikal\u0131, Intel Xeon\u00a9 i\u015flemcili dayan\u0131ml\u0131 bu sunucu WMWare\u00ae Edge Compute Stack ile bir Sanal Korumal\u0131 R\u00f6le (VPR) \u0130stasyonu olarak trafo merkezlerinde kullan\u0131labilir:<\/p><ul><li>IEC-61850-3 Sertifikas\u0131, -20~60\u00b0C \u00c7al\u0131\u015fma S\u0131cakl\u0131\u011f\u0131, Xeon\u00ae \u0130\u015flemci<\/li><li>IEC-61850 HSR ve PRP Network Anahtarlama \u0130\u015flevleri<\/li><li>Donan\u0131m Ayarlar\u0131 Y\u00f6netimi ve Sistem Sa\u011fl\u0131\u011f\u0131 Takibi \u0130\u00e7in IPMI Deste\u011fi<\/li><\/ul><\/div><p>\u00a0<\/p><div style=\"line-height: 1.8em;\"><strong>\u0130\u015flemci Se\u00e7enekleri :\u00a0<\/strong>Intel\u00ae Xeon\u00ae\u00a0 Scalable \u0130\u015flemci Ailesi (Xeon\u00ae Gold 6238T, Gold 5218T, Silver 4209T)<br \/><strong>Besleme : <\/strong>2 x Hot-Swappable 100-240AC\/DC<br \/><strong>Disk : <\/strong>2 x Hot-Swappable 2.5&#8243; HDD<br \/><strong>Geni\u015fleme Se\u00e7enekleri : <\/strong>2 x PCIe x16, 1 x PCIe x8, 1 x PCIe x4 yuva<br \/><strong>\u00c7al\u0131\u015fma S\u0131cakl\u0131\u011f\u0131 : <\/strong> -20 ~ 60 \u00b0C<br \/><strong>Depolama S\u0131cakl\u0131\u011f\u0131 : <\/strong> -40 ~ 85 \u00b0C<br \/><strong>Nem :<\/strong>\u00a0%95 @ 40\u00b0C<br \/><strong>Sertifikalar : <\/strong> IEC 61850-3, CE\/FCC\/CB\/UL\/CCC<br \/><strong>\u0130\u015fletim Sistemi :<\/strong> Windows11, Windows10, Windows Server 2022, Linux (Ubuntu Server 22.04)<\/div>\t\t\t\t\t\t\t\t<\/div>\n\t\t\t\t<\/div>\n\t\t\t\t\t<\/div>\n\t\t<\/div>\n\t\t\t\t\t<\/div>\n\t\t<\/section>\n\t\t\t\t<\/div>","protected":false},"excerpt":{"rendered":"<p>IEC-61850-3 Sertifikal\u0131, Enerji Trafo \u0130stasyonu Sunucusu \u2013 Intel\u00ae Xeon\u00ae Scalable \u0130\u015flemci Ailesi<\/p>\n<p>&nbsp;<\/p>","protected":false},"featured_media":16509,"template":"","meta":[],"product_brand":[],"product_cat":[87,3925,39,3963,3969,85,1626],"product_tag":[3928,3912],"class_list":{"0":"post-16320","1":"product","2":"type-product","3":"status-publish","4":"has-post-thumbnail","6":"product_cat-2u","7":"product_cat-advantech","8":"product_cat-endustriyel-bilisim","9":"product_cat-enerji","10":"product_cat-iec-platforms","11":"product_cat-rack-tipi-sistemler","12":"product_cat-ulasim","13":"product_tag-advantech","14":"product_tag-enerji","15":"pa_chipset-intel-c621","16":"pa_cozumler-ve-urunler-endustriyel-bilisim","17":"pa_depolama-secenekleri-1-x-m-2-en","18":"pa_depolama-secenekleri-4-x-2-5-sas-sata-hdd-ssd","19":"pa_gb-lan-4-ports","20":"pa_grafik-cikisi-2-x-dvi","21":"pa_guc-girisi-100-240vac-en","22":"pa_guc-girisi-100-240vdc","23":"pa_islemci-sinifi-intel-xeon","24":"pa_ram-maks-768gb","25":"pa_uretici-advantech","26":"pa_urun-gruplari-rack-tipi-sistemler","27":"pa_usb-2-0-2-adet","29":"first","30":"outofstock","31":"shipping-taxable","32":"product-type-variable"},"_links":{"self":[{"href":"https:\/\/lima.com.tr\/en\/wp-json\/wp\/v2\/product\/16320","targetHints":{"allow":["GET"]}}],"collection":[{"href":"https:\/\/lima.com.tr\/en\/wp-json\/wp\/v2\/product"}],"about":[{"href":"https:\/\/lima.com.tr\/en\/wp-json\/wp\/v2\/types\/product"}],"version-history":[{"count":5,"href":"https:\/\/lima.com.tr\/en\/wp-json\/wp\/v2\/product\/16320\/revisions"}],"predecessor-version":[{"id":16510,"href":"https:\/\/lima.com.tr\/en\/wp-json\/wp\/v2\/product\/16320\/revisions\/16510"}],"wp:featuredmedia":[{"embeddable":true,"href":"https:\/\/lima.com.tr\/en\/wp-json\/wp\/v2\/media\/16509"}],"wp:attachment":[{"href":"https:\/\/lima.com.tr\/en\/wp-json\/wp\/v2\/media?parent=16320"}],"wp:term":[{"taxonomy":"product_brand","embeddable":true,"href":"https:\/\/lima.com.tr\/en\/wp-json\/wp\/v2\/product_brand?post=16320"},{"taxonomy":"product_cat","embeddable":true,"href":"https:\/\/lima.com.tr\/en\/wp-json\/wp\/v2\/product_cat?post=16320"},{"taxonomy":"product_tag","embeddable":true,"href":"https:\/\/lima.com.tr\/en\/wp-json\/wp\/v2\/product_tag?post=16320"}],"curies":[{"name":"wp","href":"https:\/\/api.w.org\/{rel}","templated":true}]}}