{"id":15366,"date":"2023-04-14T16:01:34","date_gmt":"2023-04-14T13:01:34","guid":{"rendered":"https:\/\/lima.com.tr\/?post_type=product&#038;p=15366"},"modified":"2023-04-14T17:43:23","modified_gmt":"2023-04-14T14:43:23","slug":"adam-6050","status":"publish","type":"product","link":"https:\/\/lima.com.tr\/en\/shop\/endustriyel-otomasyon\/dagitik-g-c-modulleri\/ethernet-g-c-modulleri\/adam-6050\/","title":{"rendered":"ADAM-6050"},"content":{"rendered":"<p><strong>\u00c7al\u0131\u015fma S\u0131cakl\u0131\u011f\u0131 :<\/strong> -40 ~ 85\u00b0C<\/p>\n<p>\u00dcst-\u00fcste montaj : -40 ~ 75\u00b0C<\/p>\n<p><strong>Depolama S\u0131cakl\u0131\u011f\u0131 :<\/strong> -50 ~ 95 \u00b0C<\/p>\n<p><strong>Nem :<\/strong> 20 ~ 95%<\/p>\n<p><strong>Montaj : <\/strong>DIN-Rail , Duvar<\/p>\n<p><strong>Sertifikalar :<\/strong> CE, FCC Class B, BSMI, UL<\/p>\n<p>&nbsp;<\/p>\n<p>&nbsp;<\/p>","protected":false},"excerpt":{"rendered":"<p>18 kanal \u0130zole Dijital G\/\u00c7 Kanall\u0131,\u00a0 Modbus TCP Mod\u00fcl\u00fc<\/p>\n<ul>\n<li>12 x Dijital Giri\u015f<\/li>\n<li>6 x Dijital \u00c7\u0131k\u0131\u015f<\/li>\n<li>Web dilleri : XML, HTML 5, Java Script<\/li>\n<li>Protokoller: Modbus \/ TCP, TCP \/ IP, UDP, HTTP, DHCP, SNMP, MQTT<\/li>\n<\/ul>","protected":false},"featured_media":15368,"template":"","meta":[],"product_brand":[],"product_cat":[1656,1670,145,41,147,1642,1673],"product_tag":[3928,45,48,44,47],"class_list":{"0":"post-15366","1":"product","2":"type-product","3":"status-publish","4":"has-post-thumbnail","6":"product_cat-akilli-sehir-altyapi","7":"product_cat-altyapi","8":"product_cat-dagitik-g-c-modulleri","9":"product_cat-endustriyel-otomasyon","10":"product_cat-ethernet-g-c-modulleri","11":"product_cat-guvenlik","12":"product_cat-uretim","13":"product_tag-advantech","14":"product_tag-akilli-sehir","15":"product_tag-altyapi","16":"product_tag-guvenlik","17":"product_tag-uretim","18":"pa_cozumler-ve-urunler-endustriyel-otomasyon","19":"pa_guc-girisi-10-30-vdc","20":"pa_urun-gruplari-dagitik-g-c-modulleri","22":"first","23":"outofstock","24":"shipping-taxable","25":"product-type-variable"},"_links":{"self":[{"href":"https:\/\/lima.com.tr\/en\/wp-json\/wp\/v2\/product\/15366","targetHints":{"allow":["GET"]}}],"collection":[{"href":"https:\/\/lima.com.tr\/en\/wp-json\/wp\/v2\/product"}],"about":[{"href":"https:\/\/lima.com.tr\/en\/wp-json\/wp\/v2\/types\/product"}],"version-history":[{"count":3,"href":"https:\/\/lima.com.tr\/en\/wp-json\/wp\/v2\/product\/15366\/revisions"}],"predecessor-version":[{"id":15371,"href":"https:\/\/lima.com.tr\/en\/wp-json\/wp\/v2\/product\/15366\/revisions\/15371"}],"wp:featuredmedia":[{"embeddable":true,"href":"https:\/\/lima.com.tr\/en\/wp-json\/wp\/v2\/media\/15368"}],"wp:attachment":[{"href":"https:\/\/lima.com.tr\/en\/wp-json\/wp\/v2\/media?parent=15366"}],"wp:term":[{"taxonomy":"product_brand","embeddable":true,"href":"https:\/\/lima.com.tr\/en\/wp-json\/wp\/v2\/product_brand?post=15366"},{"taxonomy":"product_cat","embeddable":true,"href":"https:\/\/lima.com.tr\/en\/wp-json\/wp\/v2\/product_cat?post=15366"},{"taxonomy":"product_tag","embeddable":true,"href":"https:\/\/lima.com.tr\/en\/wp-json\/wp\/v2\/product_tag?post=15366"}],"curies":[{"name":"wp","href":"https:\/\/api.w.org\/{rel}","templated":true}]}}