{"id":1468,"date":"2019-06-28T13:36:08","date_gmt":"2019-06-28T13:36:08","guid":{"rendered":"http:\/\/lima.com.tr\/?post_type=product&#038;p=1468"},"modified":"2019-08-02T07:47:01","modified_gmt":"2019-08-02T07:47:01","slug":"theia-lens-sl940a-lenses","status":"publish","type":"product","link":"https:\/\/lima.com.tr\/en\/shop\/yapay-gorme\/lensler\/c-mount-lensler\/theia-lens-sl940a-lenses\/","title":{"rendered":"Theia Lens (SL940A) 1\/2.5&#8243;"},"content":{"rendered":"<p><strong>\u0130ris Tipi :<\/strong> DC<\/p>\n<p><strong>Ekstra D\u00fc\u015f\u00fck Distorsiyon :<\/strong>\u00a0 No<\/p>\n<p><strong>IR kesme filtresi :<\/strong> No<\/p>\n<p><strong>IR d\u00fczeltilmi\u015f :<\/strong> Evet<\/p>","protected":false},"excerpt":{"rendered":"<p>\u0130ris Tipi : DC Ekstra D\u00fc\u015f\u00fck Distorsiyon :\u00a0 Hay\u0131r IR kesme filtresi : Hay\u0131r IR d\u00fczeltilmi\u015f : Evet<\/p>","protected":false},"featured_media":7933,"template":"","meta":[],"product_brand":[],"product_cat":[1656,159,1642,1662,1637,157,1679,1648,1626,1673,42],"product_tag":[45,44,43,47],"class_list":{"0":"post-1468","1":"product","2":"type-product","3":"status-publish","4":"has-post-thumbnail","6":"product_cat-akilli-sehir-altyapi","7":"product_cat-c-mount-lensler","8":"product_cat-guvenlik","9":"product_cat-lensler-akilli-sehir","10":"product_cat-lensler-ulasim","11":"product_cat-lensler","12":"product_cat-lensler-uretim","13":"product_cat-lensler-guvenlik","14":"product_cat-ulasim","15":"product_cat-uretim","16":"product_cat-yapay-gorme","17":"product_tag-akilli-sehir","18":"product_tag-guvenlik","19":"product_tag-ulasim","20":"product_tag-uretim","21":"pa_cozumler-ve-urunler-yapay-gorme","22":"pa_dalga-boyu-araligi-nir","23":"pa_dalga-boyu-araligi-vis","24":"pa_min-f-number-f1-5","25":"pa_montaj-tipi-cs-mount","26":"pa_odak-uzunlugu-9-0-mm-40-0-mm","27":"pa_sensor-boyu-1-2-5","28":"pa_tip-varifokal","29":"pa_uretici-theia","30":"pa_urun-gruplari-lensler","32":"first","33":"outofstock","34":"shipping-taxable","35":"product-type-variable"},"_links":{"self":[{"href":"https:\/\/lima.com.tr\/en\/wp-json\/wp\/v2\/product\/1468","targetHints":{"allow":["GET"]}}],"collection":[{"href":"https:\/\/lima.com.tr\/en\/wp-json\/wp\/v2\/product"}],"about":[{"href":"https:\/\/lima.com.tr\/en\/wp-json\/wp\/v2\/types\/product"}],"version-history":[{"count":3,"href":"https:\/\/lima.com.tr\/en\/wp-json\/wp\/v2\/product\/1468\/revisions"}],"predecessor-version":[{"id":1573,"href":"https:\/\/lima.com.tr\/en\/wp-json\/wp\/v2\/product\/1468\/revisions\/1573"}],"wp:featuredmedia":[{"embeddable":true,"href":"https:\/\/lima.com.tr\/en\/wp-json\/wp\/v2\/media\/7933"}],"wp:attachment":[{"href":"https:\/\/lima.com.tr\/en\/wp-json\/wp\/v2\/media?parent=1468"}],"wp:term":[{"taxonomy":"product_brand","embeddable":true,"href":"https:\/\/lima.com.tr\/en\/wp-json\/wp\/v2\/product_brand?post=1468"},{"taxonomy":"product_cat","embeddable":true,"href":"https:\/\/lima.com.tr\/en\/wp-json\/wp\/v2\/product_cat?post=1468"},{"taxonomy":"product_tag","embeddable":true,"href":"https:\/\/lima.com.tr\/en\/wp-json\/wp\/v2\/product_tag?post=1468"}],"curies":[{"name":"wp","href":"https:\/\/api.w.org\/{rel}","templated":true}]}}