{"id":1396,"date":"2019-06-28T12:54:42","date_gmt":"2019-06-28T12:54:42","guid":{"rendered":"http:\/\/lima.com.tr\/?post_type=product&#038;p=1396"},"modified":"2019-07-30T08:56:06","modified_gmt":"2019-07-30T08:56:06","slug":"evetar-lens-m13b0618w-f1-8-f6mm-1-3","status":"publish","type":"product","link":"https:\/\/lima.com.tr\/en\/shop\/yapay-gorme\/lensler\/s-mount-lensler\/evetar-lens-m13b0618w-f1-8-f6mm-1-3\/","title":{"rendered":"Evetar Lens M13B0618W F1.8 f6mm 1\/3&#8243;"},"content":{"rendered":"<p><strong>\u0130ris Tipi :<\/strong> Manuel<\/p>\n<p><strong>Ekstra D\u00fc\u015f\u00fck Distorsiyon :<\/strong>\u00a0 No<\/p>\n<p><strong>IR kesme filtresi :<\/strong> Var<\/p>","protected":false},"excerpt":{"rendered":"<p>\u0130ris Tipi : Manuel Ekstra D\u00fc\u015f\u00fck Distorsiyon :\u00a0 Hay\u0131r IR kesme filtresi : Var<\/p>","protected":false},"featured_media":7594,"template":"","meta":[],"product_brand":[],"product_cat":[1656,1642,1637,157,1679,1648,1662,160,1626,1673,42],"product_tag":[45,44,43,47],"class_list":{"0":"post-1396","1":"product","2":"type-product","3":"status-publish","4":"has-post-thumbnail","6":"product_cat-akilli-sehir-altyapi","7":"product_cat-guvenlik","8":"product_cat-lensler-ulasim","9":"product_cat-lensler","10":"product_cat-lensler-uretim","11":"product_cat-lensler-guvenlik","12":"product_cat-lensler-akilli-sehir","13":"product_cat-s-mount-lensler","14":"product_cat-ulasim","15":"product_cat-uretim","16":"product_cat-yapay-gorme","17":"product_tag-akilli-sehir","18":"product_tag-guvenlik","19":"product_tag-ulasim","20":"product_tag-uretim","21":"pa_cozumler-ve-urunler-yapay-gorme","22":"pa_dalga-boyu-araligi-vis","23":"pa_min-calisma-mesafesi-200-mm","24":"pa_min-f-number-f-1-8","25":"pa_montaj-tipi-s-mount","26":"pa_odak-uzunlugu-6-mm","27":"pa_sensor-boyu-1-3","28":"pa_tip-sabit-odak-uzunlugu","29":"pa_uretici-evetar","30":"pa_urun-gruplari-lensler","32":"first","33":"outofstock","34":"shipping-taxable","35":"product-type-variable"},"_links":{"self":[{"href":"https:\/\/lima.com.tr\/en\/wp-json\/wp\/v2\/product\/1396","targetHints":{"allow":["GET"]}}],"collection":[{"href":"https:\/\/lima.com.tr\/en\/wp-json\/wp\/v2\/product"}],"about":[{"href":"https:\/\/lima.com.tr\/en\/wp-json\/wp\/v2\/types\/product"}],"version-history":[{"count":1,"href":"https:\/\/lima.com.tr\/en\/wp-json\/wp\/v2\/product\/1396\/revisions"}],"predecessor-version":[{"id":1397,"href":"https:\/\/lima.com.tr\/en\/wp-json\/wp\/v2\/product\/1396\/revisions\/1397"}],"wp:featuredmedia":[{"embeddable":true,"href":"https:\/\/lima.com.tr\/en\/wp-json\/wp\/v2\/media\/7594"}],"wp:attachment":[{"href":"https:\/\/lima.com.tr\/en\/wp-json\/wp\/v2\/media?parent=1396"}],"wp:term":[{"taxonomy":"product_brand","embeddable":true,"href":"https:\/\/lima.com.tr\/en\/wp-json\/wp\/v2\/product_brand?post=1396"},{"taxonomy":"product_cat","embeddable":true,"href":"https:\/\/lima.com.tr\/en\/wp-json\/wp\/v2\/product_cat?post=1396"},{"taxonomy":"product_tag","embeddable":true,"href":"https:\/\/lima.com.tr\/en\/wp-json\/wp\/v2\/product_tag?post=1396"}],"curies":[{"name":"wp","href":"https:\/\/api.w.org\/{rel}","templated":true}]}}