{"id":13056,"date":"2020-05-22T16:01:22","date_gmt":"2020-05-22T13:01:22","guid":{"rendered":"https:\/\/lima.com.tr\/?post_type=product&#038;p=13056"},"modified":"2021-05-22T14:40:12","modified_gmt":"2021-05-22T11:40:12","slug":"sky-8200bn-0001e","status":"publish","type":"product","link":"https:\/\/lima.com.tr\/en\/shop\/endustriyel-bilisim\/rack-tipi-sistemler\/2u\/sky-8200bn-0001e\/","title":{"rendered":"SKY-8200BN-0001E"},"content":{"rendered":"<p><strong>Geni\u015fleme Se\u00e7enekleri :<\/strong>4 x PCIe x8 (FH\/FL), 2 x PCIe x8 (FH\/HL),\u00a0 1 x Advantech expansion slots for Advantech LAN card<\/p>\n<p><strong>\u00c7al\u0131\u015fma S\u0131cakl\u0131\u011f\u0131 :<\/strong> -5 ~ 55 \u00b0C<\/p>\n<p><strong>Depolama S\u0131cakl\u0131\u011f\u0131 :<\/strong> -40 ~ 70 \u00b0C<\/p>\n<p><strong>Nem :<\/strong> 5 ~ 85% @ 40 \u00b0C<\/p>\n<p><strong>Sertifikalar :<\/strong> CE\/FCC\/CB\/UL\/CCC<\/p>\n<p><strong>\u0130\u015fletim Sistemi :<\/strong> Linux (CentOS, Red Hat, Ubuntu), Windows Server<\/p>","protected":false},"excerpt":{"rendered":"<p>2U Carrier Grade Server based on Dual Intel\u00ae Xeon\u00ae E5-2600 v3 v4 Series Processors<\/p>","protected":false},"featured_media":13050,"template":"","meta":[],"product_brand":[],"product_cat":[87,39,85,1626],"product_tag":[],"class_list":{"0":"post-13056","1":"product","2":"type-product","3":"status-publish","4":"has-post-thumbnail","6":"product_cat-2u","7":"product_cat-endustriyel-bilisim","8":"product_cat-rack-tipi-sistemler","9":"product_cat-ulasim","10":"pa_10gb-lan-pcie-card-ile-aritilabilir","11":"pa_10gb-sfp-pcie-card-ile-eklenebilir","12":"pa_chipset-intel-cave-creek-8900","13":"pa_cozumler-ve-urunler-endustriyel-bilisim","14":"pa_depolama-secenekleri-2-x-msata","15":"pa_depolama-secenekleri-4-x-2-5-sas-sata-hdd-ssd","16":"pa_gb-lan-pcie-card-ile-eklenebilir","17":"pa_giga-sfp-port-pcie-card-ile-eklenebilir","18":"pa_grafik-cikisi-1-x-vga","19":"pa_guc-girisi-3672vdc-4025a","20":"pa_islemci-sinifi-intel-xeon-e5-2600-v3-v4","21":"pa_mikrofon-giris-yok","22":"pa_ram-maks-1024gb","23":"pa_uretici-advantech","24":"pa_urun-gruplari-rack-tipi-sistemler","25":"pa_usb-2-0-4-adet","27":"first","28":"outofstock","29":"shipping-taxable","30":"product-type-variable"},"_links":{"self":[{"href":"https:\/\/lima.com.tr\/en\/wp-json\/wp\/v2\/product\/13056","targetHints":{"allow":["GET"]}}],"collection":[{"href":"https:\/\/lima.com.tr\/en\/wp-json\/wp\/v2\/product"}],"about":[{"href":"https:\/\/lima.com.tr\/en\/wp-json\/wp\/v2\/types\/product"}],"version-history":[{"count":2,"href":"https:\/\/lima.com.tr\/en\/wp-json\/wp\/v2\/product\/13056\/revisions"}],"predecessor-version":[{"id":13152,"href":"https:\/\/lima.com.tr\/en\/wp-json\/wp\/v2\/product\/13056\/revisions\/13152"}],"wp:featuredmedia":[{"embeddable":true,"href":"https:\/\/lima.com.tr\/en\/wp-json\/wp\/v2\/media\/13050"}],"wp:attachment":[{"href":"https:\/\/lima.com.tr\/en\/wp-json\/wp\/v2\/media?parent=13056"}],"wp:term":[{"taxonomy":"product_brand","embeddable":true,"href":"https:\/\/lima.com.tr\/en\/wp-json\/wp\/v2\/product_brand?post=13056"},{"taxonomy":"product_cat","embeddable":true,"href":"https:\/\/lima.com.tr\/en\/wp-json\/wp\/v2\/product_cat?post=13056"},{"taxonomy":"product_tag","embeddable":true,"href":"https:\/\/lima.com.tr\/en\/wp-json\/wp\/v2\/product_tag?post=13056"}],"curies":[{"name":"wp","href":"https:\/\/api.w.org\/{rel}","templated":true}]}}