{"id":13045,"date":"2020-05-22T15:46:45","date_gmt":"2020-05-22T12:46:45","guid":{"rendered":"https:\/\/lima.com.tr\/?post_type=product&#038;p=13045"},"modified":"2021-05-22T14:40:13","modified_gmt":"2021-05-22T11:40:13","slug":"sky-8100ds-0001e","status":"publish","type":"product","link":"https:\/\/lima.com.tr\/en\/shop\/endustriyel-bilisim\/rack-tipi-sistemler\/1u\/sky-8100ds-0001e\/","title":{"rendered":"SKY-8100DS-0001E"},"content":{"rendered":"<p><strong>Geni\u015fleme Se\u00e7enekleri :<\/strong>2 x PCIe x8 FH\/FL<\/p>\n<p><strong>\u00c7al\u0131\u015fma S\u0131cakl\u0131\u011f\u0131 :<\/strong> -5 ~ 55 \u00b0C<\/p>\n<p><strong>Depolama S\u0131cakl\u0131\u011f\u0131 :<\/strong> -40 ~ 70 \u00b0C<\/p>\n<p><strong>Nem :<\/strong> 5 ~ 85% @ 40 \u00b0C<\/p>\n<p><strong>Sertifikalar :<\/strong> CE\/FCC\/CB\/UL\/CCC<\/p>\n<p><strong>\u0130\u015fletim Sistemi :<\/strong> Linux (CentOS, Red Hat, Ubuntu), Windows Server<\/p>","protected":false},"excerpt":{"rendered":"<p>1U Carrier Grade Server based on Intel\u00ae Pentium\u00ae Processor D and Intel\u00ae Xeon\u00ae Processor D series<\/p>","protected":false},"featured_media":13027,"template":"","meta":[],"product_brand":[],"product_cat":[86,39,85],"product_tag":[],"class_list":{"0":"post-13045","1":"product","2":"type-product","3":"status-publish","4":"has-post-thumbnail","6":"product_cat-1u","7":"product_cat-endustriyel-bilisim","8":"product_cat-rack-tipi-sistemler","9":"pa_10gb-lan-2-port","10":"pa_10gb-lan-pcie-card-ile-aritilabilir","11":"pa_10gb-sfp-pcie-card-ile-eklenebilir","12":"pa_cozumler-ve-urunler-endustriyel-bilisim","13":"pa_depolama-secenekleri-2-x-2-5-hdd-ssd","14":"pa_gb-lan-2-port","15":"pa_gb-lan-pcie-card-ile-artirilabilir","16":"pa_giga-sfp-port-pcie-card-ile-eklenebilir","17":"pa_grafik-cikisi-1-x-vga-opsiyonel","18":"pa_guc-girisi-3672vdc-2511a","19":"pa_islemci-modeli-intel-xeon-d-1528","20":"pa_islemci-sinifi-intel-xeon-processor-d","21":"pa_mikrofon-giris-yok","22":"pa_ram-maks-128-gb","23":"pa_uretici-advantech","24":"pa_urun-gruplari-rack-tipi-sistemler","25":"pa_usb-3-0-2-adet","27":"first","28":"outofstock","29":"shipping-taxable","30":"product-type-variable"},"_links":{"self":[{"href":"https:\/\/lima.com.tr\/en\/wp-json\/wp\/v2\/product\/13045","targetHints":{"allow":["GET"]}}],"collection":[{"href":"https:\/\/lima.com.tr\/en\/wp-json\/wp\/v2\/product"}],"about":[{"href":"https:\/\/lima.com.tr\/en\/wp-json\/wp\/v2\/types\/product"}],"version-history":[{"count":1,"href":"https:\/\/lima.com.tr\/en\/wp-json\/wp\/v2\/product\/13045\/revisions"}],"predecessor-version":[{"id":13047,"href":"https:\/\/lima.com.tr\/en\/wp-json\/wp\/v2\/product\/13045\/revisions\/13047"}],"wp:featuredmedia":[{"embeddable":true,"href":"https:\/\/lima.com.tr\/en\/wp-json\/wp\/v2\/media\/13027"}],"wp:attachment":[{"href":"https:\/\/lima.com.tr\/en\/wp-json\/wp\/v2\/media?parent=13045"}],"wp:term":[{"taxonomy":"product_brand","embeddable":true,"href":"https:\/\/lima.com.tr\/en\/wp-json\/wp\/v2\/product_brand?post=13045"},{"taxonomy":"product_cat","embeddable":true,"href":"https:\/\/lima.com.tr\/en\/wp-json\/wp\/v2\/product_cat?post=13045"},{"taxonomy":"product_tag","embeddable":true,"href":"https:\/\/lima.com.tr\/en\/wp-json\/wp\/v2\/product_tag?post=13045"}],"curies":[{"name":"wp","href":"https:\/\/api.w.org\/{rel}","templated":true}]}}