{"id":13016,"date":"2020-05-22T15:12:43","date_gmt":"2020-05-22T12:12:43","guid":{"rendered":"https:\/\/lima.com.tr\/?post_type=product&#038;p=13016"},"modified":"2021-05-22T14:40:16","modified_gmt":"2021-05-22T11:40:16","slug":"sky-8101las-0020e","status":"publish","type":"product","link":"https:\/\/lima.com.tr\/en\/shop\/endustriyel-bilisim\/rack-tipi-sistemler\/1u\/sky-8101las-0020e\/","title":{"rendered":"SKY-8101LAS-0020E"},"content":{"rendered":"<p><strong>Geni\u015fleme Se\u00e7enekleri :<\/strong> 2 x PCIe Gen3 x8\u00a0 FH\/FL slots, 2 x PCIe Gen3 x8 LP slot, 1 x PCIe Gen3 x4 for Advantech PersCard slot<\/p>\n<p><strong>\u00c7al\u0131\u015fma S\u0131cakl\u0131\u011f\u0131 :<\/strong> 0 ~ 40 \u00b0C , -5 ~ 55 \u00b0C\u00a0 (with Intel high Tcase processor)<\/p>\n<p><strong>Depolama S\u0131cakl\u0131\u011f\u0131 :<\/strong> -40 ~ 70 \u00b0C<\/p>\n<p><strong>Nem :<\/strong> 5 ~ 95% @ 40 \u00b0C<\/p>\n<p><strong>Sertifikalar :<\/strong> CE\/FCC\/CB\/UL\/CCC<\/p>\n<p><strong>\u0130\u015fletim Sistemi :<\/strong> Linux (CentOS, Red Hat, Ubuntu), Windows Server<\/p>","protected":false},"excerpt":{"rendered":"<p>Compact 1U High Capacity Storage Server based on Intel\u00ae Xeon\u00ae Processor Scalable Family<\/p>","protected":false},"featured_media":13017,"template":"","meta":[],"product_brand":[],"product_cat":[86,39,85],"product_tag":[],"class_list":{"0":"post-13016","1":"product","2":"type-product","3":"status-publish","4":"has-post-thumbnail","6":"product_cat-1u","7":"product_cat-endustriyel-bilisim","8":"product_cat-rack-tipi-sistemler","9":"pa_10gb-lan-pcie-card-ile-eklenebilir","10":"pa_10gb-sfp-2-port","11":"pa_10gb-sfp-pcie-card-ile-artirilabilir","12":"pa_cozumler-ve-urunler-endustriyel-bilisim","13":"pa_depolama-secenekleri-8-x-2-5-ssd-hdd","14":"pa_gb-lan-pcie-card-ile-eklenebilir","15":"pa_giga-sfp-port-pcie-card-ile-eklenebilir","16":"pa_grafik-cikisi-1-x-dp","17":"pa_guc-girisi-100-240vac","18":"pa_islemci-sinifi-intel-xeon-scalable","19":"pa_mikrofon-giris-yok","20":"pa_ram-maks-384gb","21":"pa_uretici-advantech","22":"pa_urun-gruplari-rack-tipi-sistemler","23":"pa_usb-3-0-3-adet","25":"first","26":"outofstock","27":"shipping-taxable","28":"product-type-variable"},"_links":{"self":[{"href":"https:\/\/lima.com.tr\/en\/wp-json\/wp\/v2\/product\/13016","targetHints":{"allow":["GET"]}}],"collection":[{"href":"https:\/\/lima.com.tr\/en\/wp-json\/wp\/v2\/product"}],"about":[{"href":"https:\/\/lima.com.tr\/en\/wp-json\/wp\/v2\/types\/product"}],"version-history":[{"count":1,"href":"https:\/\/lima.com.tr\/en\/wp-json\/wp\/v2\/product\/13016\/revisions"}],"predecessor-version":[{"id":13019,"href":"https:\/\/lima.com.tr\/en\/wp-json\/wp\/v2\/product\/13016\/revisions\/13019"}],"wp:featuredmedia":[{"embeddable":true,"href":"https:\/\/lima.com.tr\/en\/wp-json\/wp\/v2\/media\/13017"}],"wp:attachment":[{"href":"https:\/\/lima.com.tr\/en\/wp-json\/wp\/v2\/media?parent=13016"}],"wp:term":[{"taxonomy":"product_brand","embeddable":true,"href":"https:\/\/lima.com.tr\/en\/wp-json\/wp\/v2\/product_brand?post=13016"},{"taxonomy":"product_cat","embeddable":true,"href":"https:\/\/lima.com.tr\/en\/wp-json\/wp\/v2\/product_cat?post=13016"},{"taxonomy":"product_tag","embeddable":true,"href":"https:\/\/lima.com.tr\/en\/wp-json\/wp\/v2\/product_tag?post=13016"}],"curies":[{"name":"wp","href":"https:\/\/api.w.org\/{rel}","templated":true}]}}