{"id":12987,"date":"2020-05-22T12:19:57","date_gmt":"2020-05-22T09:19:57","guid":{"rendered":"https:\/\/lima.com.tr\/?post_type=product&#038;p=12987"},"modified":"2021-05-22T14:40:19","modified_gmt":"2021-05-22T11:40:19","slug":"sky-8201las-0010e","status":"publish","type":"product","link":"https:\/\/lima.com.tr\/en\/shop\/endustriyel-bilisim\/rack-tipi-sistemler\/2u\/sky-8201las-0010e\/","title":{"rendered":"SKY-8201LAS-0010E"},"content":{"rendered":"<p><strong>Geni\u015fleme Se\u00e7enekleri :<\/strong>6 x PCIex8 FH\/FL slots\u00a0 + 2 xPCIex8\u00a0 LP slots<\/p>\n<p><strong>\u00c7al\u0131\u015fma S\u0131cakl\u0131\u011f\u0131 :<\/strong> 0 ~ 40 \u00b0C<\/p>\n<p><strong>Depolama S\u0131cakl\u0131\u011f\u0131 :<\/strong> -40 ~ 70 \u00b0C<\/p>\n<p><strong>Nem :<\/strong> 5 ~ 95% @ 40 \u00b0C<\/p>\n<p><strong>Sertifikalar :<\/strong> CE\/FCC\/CB\/UL\/CCC<\/p>\n<p><strong>\u0130\u015fletim Sistemi :<\/strong> Linux (CentOS, Red Hat, Ubuntu)<\/p>","protected":false},"excerpt":{"rendered":"<p>Compact 2U High Capacity Storage Server based on Intel\u00ae Xeon\u00ae Processor Scalable Family<\/p>","protected":false},"featured_media":12989,"template":"","meta":[],"product_brand":[],"product_cat":[87,39,85],"product_tag":[],"class_list":{"0":"post-12987","1":"product","2":"type-product","3":"status-publish","4":"has-post-thumbnail","6":"product_cat-2u","7":"product_cat-endustriyel-bilisim","8":"product_cat-rack-tipi-sistemler","9":"pa_10gb-lan-pcie-card-ile-eklenebilir","10":"pa_10gb-sfp-2-port","11":"pa_10gb-sfp-pcie-card-ile-artirilabilir","12":"pa_cozumler-ve-urunler-endustriyel-bilisim","13":"pa_depolama-secenekleri-12-x-3-5-hdd-ssd","14":"pa_depolama-secenekleri-4-x-2-5-nvme","15":"pa_gb-lan-pcie-card-ile-eklenebilir","16":"pa_grafik-cikisi-1-x-dp","17":"pa_guc-girisi-100v-240v","18":"pa_islemci-sinifi-intel-xeon-scalable","19":"pa_mikrofon-giris-yok","20":"pa_ram-maks-1024gb","21":"pa_uretici-advantech","22":"pa_urun-gruplari-rack-tipi-sistemler","23":"pa_usb-2-0-2-adet","24":"pa_usb-3-0-2-adet","26":"first","27":"outofstock","28":"shipping-taxable","29":"product-type-variable"},"_links":{"self":[{"href":"https:\/\/lima.com.tr\/en\/wp-json\/wp\/v2\/product\/12987","targetHints":{"allow":["GET"]}}],"collection":[{"href":"https:\/\/lima.com.tr\/en\/wp-json\/wp\/v2\/product"}],"about":[{"href":"https:\/\/lima.com.tr\/en\/wp-json\/wp\/v2\/types\/product"}],"version-history":[{"count":1,"href":"https:\/\/lima.com.tr\/en\/wp-json\/wp\/v2\/product\/12987\/revisions"}],"predecessor-version":[{"id":12990,"href":"https:\/\/lima.com.tr\/en\/wp-json\/wp\/v2\/product\/12987\/revisions\/12990"}],"wp:featuredmedia":[{"embeddable":true,"href":"https:\/\/lima.com.tr\/en\/wp-json\/wp\/v2\/media\/12989"}],"wp:attachment":[{"href":"https:\/\/lima.com.tr\/en\/wp-json\/wp\/v2\/media?parent=12987"}],"wp:term":[{"taxonomy":"product_brand","embeddable":true,"href":"https:\/\/lima.com.tr\/en\/wp-json\/wp\/v2\/product_brand?post=12987"},{"taxonomy":"product_cat","embeddable":true,"href":"https:\/\/lima.com.tr\/en\/wp-json\/wp\/v2\/product_cat?post=12987"},{"taxonomy":"product_tag","embeddable":true,"href":"https:\/\/lima.com.tr\/en\/wp-json\/wp\/v2\/product_tag?post=12987"}],"curies":[{"name":"wp","href":"https:\/\/api.w.org\/{rel}","templated":true}]}}