{"id":12985,"date":"2020-05-22T12:15:41","date_gmt":"2020-05-22T09:15:41","guid":{"rendered":"https:\/\/lima.com.tr\/?post_type=product&#038;p=12985"},"modified":"2021-05-22T14:40:19","modified_gmt":"2021-05-22T11:40:19","slug":"sky-9240cra00mcpc","status":"publish","type":"product","link":"https:\/\/lima.com.tr\/en\/shop\/endustriyel-bilisim\/rack-tipi-sistemler\/2u\/sky-9240cra00mcpc\/","title":{"rendered":"SKY-9240CRA00MCPC"},"content":{"rendered":"<p><strong>Geni\u015fleme S\u00e7enekleri :<\/strong> 4 x Hot-Swappable MIC-8312 CPU Nodes (2 CPUs per node),<\/p>\n<p>MIC-8312 CPU Node : 1 x PCIe Gen3 x16 slot + 1 x OCP Mezzanine Slot (1 x PCIe Gen3 x8 slot, supporting KR\/SFI x2)<\/p>\n<p><strong>\u00c7al\u0131\u015fma S\u0131cakl\u0131\u011f\u0131 :<\/strong>\u00a0 0 ~ 35 \u00b0C<\/p>\n<p><strong>Depolama S\u0131cakl\u0131\u011f\u0131 :<\/strong> -40 ~ 60 \u00b0C<\/p>\n<p><strong>Nem :<\/strong> 5 ~ 95% @ 40 \u00b0C<\/p>\n<p><strong>Sertifikalar :<\/strong> CE\/FCC\/UL\/cUL\/CB\/VCCI<\/p>\n<p><strong>\u0130\u015fletim Sistemi : <\/strong>VMware (Certification), Redhat 7.x (Certification), CentOS 7.x, Ubuntu Server 16.x, Windows Server 2016<\/p>\n<p>&nbsp;<\/p>","protected":false},"excerpt":{"rendered":"<p>2U4N Rackmount Server, Designed for Hyper-converged and HPC Application<\/p>","protected":false},"featured_media":12984,"template":"","meta":[],"product_brand":[],"product_cat":[87,39,85],"product_tag":[],"class_list":{"0":"post-12985","1":"product","2":"type-product","3":"status-publish","4":"has-post-thumbnail","6":"product_cat-2u","7":"product_cat-endustriyel-bilisim","8":"product_cat-rack-tipi-sistemler","9":"pa_10gb-lan-2-port","10":"pa_10gb-lan-pcie-ocp-mezzanine-card-ile-artirilabilir","11":"pa_10gb-sfp-pcie-ocp-mezzanine-card-ile-eklenebilir","12":"pa_cozumler-ve-urunler-endustriyel-bilisim","13":"pa_gb-lan-2-port","14":"pa_gb-lan-pcie-ocp-mezzanine-card-ile-artirilabilir","15":"pa_giga-sfp-port-pcie-ocp-mezzanine-card-ile-eklenebilir","16":"pa_grafik-cikisi-1-x-vga-cpu-node","17":"pa_guc-girisi-100-240vac","18":"pa_islemci-sinifi-intel-xeon-scalable","19":"pa_mikrofon-giris-yok","20":"pa_uretici-advantech","21":"pa_urun-gruplari-rack-tipi-sistemler","22":"pa_usb-3-0-2-adet-cpu-node","24":"first","25":"outofstock","26":"shipping-taxable","27":"product-type-variable"},"_links":{"self":[{"href":"https:\/\/lima.com.tr\/en\/wp-json\/wp\/v2\/product\/12985","targetHints":{"allow":["GET"]}}],"collection":[{"href":"https:\/\/lima.com.tr\/en\/wp-json\/wp\/v2\/product"}],"about":[{"href":"https:\/\/lima.com.tr\/en\/wp-json\/wp\/v2\/types\/product"}],"version-history":[{"count":1,"href":"https:\/\/lima.com.tr\/en\/wp-json\/wp\/v2\/product\/12985\/revisions"}],"predecessor-version":[{"id":12986,"href":"https:\/\/lima.com.tr\/en\/wp-json\/wp\/v2\/product\/12985\/revisions\/12986"}],"wp:featuredmedia":[{"embeddable":true,"href":"https:\/\/lima.com.tr\/en\/wp-json\/wp\/v2\/media\/12984"}],"wp:attachment":[{"href":"https:\/\/lima.com.tr\/en\/wp-json\/wp\/v2\/media?parent=12985"}],"wp:term":[{"taxonomy":"product_brand","embeddable":true,"href":"https:\/\/lima.com.tr\/en\/wp-json\/wp\/v2\/product_brand?post=12985"},{"taxonomy":"product_cat","embeddable":true,"href":"https:\/\/lima.com.tr\/en\/wp-json\/wp\/v2\/product_cat?post=12985"},{"taxonomy":"product_tag","embeddable":true,"href":"https:\/\/lima.com.tr\/en\/wp-json\/wp\/v2\/product_tag?post=12985"}],"curies":[{"name":"wp","href":"https:\/\/api.w.org\/{rel}","templated":true}]}}