{"id":12973,"date":"2020-05-22T10:36:39","date_gmt":"2020-05-22T07:36:39","guid":{"rendered":"https:\/\/lima.com.tr\/?post_type=product&#038;p=12973"},"modified":"2021-05-22T14:40:20","modified_gmt":"2021-05-22T11:40:20","slug":"sky-8211fs-0000e","status":"publish","type":"product","link":"https:\/\/lima.com.tr\/en\/shop\/endustriyel-bilisim\/rack-tipi-sistemler\/2u\/sky-8211fs-0000e\/","title":{"rendered":"SKY-8211FS-0000E"},"content":{"rendered":"<p><strong>\u00c7al\u0131\u015fma S\u0131cakl\u0131\u011f\u0131 :<\/strong> -20 ~ 70 \u00b0C<\/p>\n<p><strong>Depolama S\u0131cakl\u0131\u011f\u0131 :<\/strong> -40 ~ 70 \u00b0C<\/p>\n<p><strong>Nem :<\/strong> 5 ~ 95% @ 40 \u00b0C<\/p>\n<p><strong>Sertifikalar :<\/strong> CE\/FCC\/CB\/UL\/CCC<\/p>\n<p>&nbsp;<\/p>","protected":false},"excerpt":{"rendered":"<p>2U High Performance Edge Server basedon Intel\u00ae Xeon\u00ae Processor Scalable Family<\/p>","protected":false},"featured_media":12962,"template":"","meta":[],"product_brand":[],"product_cat":[87,39,85],"product_tag":[],"class_list":{"0":"post-12973","1":"product","2":"type-product","3":"status-publish","4":"has-post-thumbnail","6":"product_cat-2u","7":"product_cat-endustriyel-bilisim","8":"product_cat-rack-tipi-sistemler","9":"pa_10gb-sfp-16-port","10":"pa_cozumler-ve-urunler-endustriyel-bilisim","11":"pa_depolama-secenekleri-1-x-m-2-2280-sata","12":"pa_giga-sfp-port-8-port","13":"pa_grafik-cikisi-1-x-dp","14":"pa_guc-girisi-48vdc-12a","15":"pa_islemci-sinifi-intel-xeon-scalable","16":"pa_mikrofon-giris-yok","17":"pa_ram-maks-384gb","18":"pa_uretici-advantech","19":"pa_urun-gruplari-rack-tipi-sistemler","20":"pa_usb-3-0-2-adet","22":"first","23":"outofstock","24":"shipping-taxable","25":"product-type-variable"},"_links":{"self":[{"href":"https:\/\/lima.com.tr\/en\/wp-json\/wp\/v2\/product\/12973","targetHints":{"allow":["GET"]}}],"collection":[{"href":"https:\/\/lima.com.tr\/en\/wp-json\/wp\/v2\/product"}],"about":[{"href":"https:\/\/lima.com.tr\/en\/wp-json\/wp\/v2\/types\/product"}],"version-history":[{"count":1,"href":"https:\/\/lima.com.tr\/en\/wp-json\/wp\/v2\/product\/12973\/revisions"}],"predecessor-version":[{"id":12974,"href":"https:\/\/lima.com.tr\/en\/wp-json\/wp\/v2\/product\/12973\/revisions\/12974"}],"wp:featuredmedia":[{"embeddable":true,"href":"https:\/\/lima.com.tr\/en\/wp-json\/wp\/v2\/media\/12962"}],"wp:attachment":[{"href":"https:\/\/lima.com.tr\/en\/wp-json\/wp\/v2\/media?parent=12973"}],"wp:term":[{"taxonomy":"product_brand","embeddable":true,"href":"https:\/\/lima.com.tr\/en\/wp-json\/wp\/v2\/product_brand?post=12973"},{"taxonomy":"product_cat","embeddable":true,"href":"https:\/\/lima.com.tr\/en\/wp-json\/wp\/v2\/product_cat?post=12973"},{"taxonomy":"product_tag","embeddable":true,"href":"https:\/\/lima.com.tr\/en\/wp-json\/wp\/v2\/product_tag?post=12973"}],"curies":[{"name":"wp","href":"https:\/\/api.w.org\/{rel}","templated":true}]}}