{"id":12955,"date":"2020-05-21T22:18:27","date_gmt":"2020-05-21T19:18:27","guid":{"rendered":"https:\/\/lima.com.tr\/?post_type=product&#038;p=12955"},"modified":"2021-05-22T14:40:22","modified_gmt":"2021-05-22T11:40:22","slug":"sky-8101das-0000e","status":"publish","type":"product","link":"https:\/\/lima.com.tr\/en\/shop\/endustriyel-bilisim\/rack-tipi-sistemler\/1u\/sky-8101das-0000e\/","title":{"rendered":"SKY-8101DAS-0000E"},"content":{"rendered":"<p><strong>Geni\u015fleme Se\u00e7enekleri : <\/strong>4x PCIe x16 (FH\/\u00beL) slots<\/p>\n<p><strong>\u00c7al\u0131\u015fma S\u0131cakl\u0131\u011f\u0131 :<\/strong> 0 ~ 40 \u00b0C<\/p>\n<p><strong>Depolama S\u0131cakl\u0131\u011f\u0131 :<\/strong> -40 ~ 70 \u00b0C<\/p>\n<p><strong>Nem :<\/strong> 5 ~ 95% @ 40 \u00b0C<\/p>\n<p><strong>Sertifikalar :<\/strong> CE\/FCC\/CB\/UL\/CCC<\/p>\n<p><strong>\u0130\u015fletim Sistemi :<\/strong> Linux (CentOS, Red Hat, Ubuntu), Windows Server<\/p>","protected":false},"excerpt":{"rendered":"<p>Compact 1U High Performance Server based on 2nd Gen Intel\u00ae Xeon\u00ae Scalable Processor Family<\/p>","protected":false},"featured_media":12950,"template":"","meta":[],"product_brand":[],"product_cat":[86,39,85],"product_tag":[],"class_list":{"0":"post-12955","1":"product","2":"type-product","3":"status-publish","4":"has-post-thumbnail","6":"product_cat-1u","7":"product_cat-endustriyel-bilisim","8":"product_cat-rack-tipi-sistemler","9":"pa_10gb-sfp-2-port","10":"pa_cozumler-ve-urunler-endustriyel-bilisim","11":"pa_depolama-secenekleri-2-x-m-2-sata","12":"pa_depolama-secenekleri-4-x-2-5-sata-u-2-nvme","13":"pa_gb-lan-2-port","14":"pa_grafik-cikisi-1-x-vga","15":"pa_guc-girisi-100-240vac","16":"pa_islemci-sinifi-intel-xeon-scalable","17":"pa_mikrofon-giris-yok","18":"pa_ram-maks-1536gb","19":"pa_uretici-advantech","20":"pa_urun-gruplari-rack-tipi-sistemler","21":"pa_usb-3-0-2-adet","23":"first","24":"outofstock","25":"shipping-taxable","26":"product-type-variable"},"_links":{"self":[{"href":"https:\/\/lima.com.tr\/en\/wp-json\/wp\/v2\/product\/12955","targetHints":{"allow":["GET"]}}],"collection":[{"href":"https:\/\/lima.com.tr\/en\/wp-json\/wp\/v2\/product"}],"about":[{"href":"https:\/\/lima.com.tr\/en\/wp-json\/wp\/v2\/types\/product"}],"version-history":[{"count":4,"href":"https:\/\/lima.com.tr\/en\/wp-json\/wp\/v2\/product\/12955\/revisions"}],"predecessor-version":[{"id":12959,"href":"https:\/\/lima.com.tr\/en\/wp-json\/wp\/v2\/product\/12955\/revisions\/12959"}],"wp:featuredmedia":[{"embeddable":true,"href":"https:\/\/lima.com.tr\/en\/wp-json\/wp\/v2\/media\/12950"}],"wp:attachment":[{"href":"https:\/\/lima.com.tr\/en\/wp-json\/wp\/v2\/media?parent=12955"}],"wp:term":[{"taxonomy":"product_brand","embeddable":true,"href":"https:\/\/lima.com.tr\/en\/wp-json\/wp\/v2\/product_brand?post=12955"},{"taxonomy":"product_cat","embeddable":true,"href":"https:\/\/lima.com.tr\/en\/wp-json\/wp\/v2\/product_cat?post=12955"},{"taxonomy":"product_tag","embeddable":true,"href":"https:\/\/lima.com.tr\/en\/wp-json\/wp\/v2\/product_tag?post=12955"}],"curies":[{"name":"wp","href":"https:\/\/api.w.org\/{rel}","templated":true}]}}