{"id":12946,"date":"2020-05-21T09:34:44","date_gmt":"2020-05-21T06:34:44","guid":{"rendered":"https:\/\/lima.com.tr\/?post_type=product&#038;p=12946"},"modified":"2021-05-22T14:40:23","modified_gmt":"2021-05-22T11:40:23","slug":"sky-7221d3a-12a1r","status":"publish","type":"product","link":"https:\/\/lima.com.tr\/en\/shop\/endustriyel-bilisim\/rack-tipi-sistemler\/2u\/sky-7221d3a-12a1r\/","title":{"rendered":"SKY-7221D3A-12A1R"},"content":{"rendered":"<p><strong>Geni\u015fleme Se\u00e7enekleri :<\/strong>1 PCI-E Gen3 x16 (FH\/FL),4 PCI-E Gen3 x8 (LP), 1 PCI-E Gen3 x16 OCP 2.0 NIC<\/p>\n<p><strong>\u00c7al\u0131\u015fma S\u0131cakl\u0131\u011f\u0131 :<\/strong> 0 ~ 40 \u00b0C<\/p>\n<p><strong>Depolama S\u0131cakl\u0131\u011f\u0131 :<\/strong> -20 ~ 80 \u00b0C<\/p>\n<p><strong>Nem :<\/strong> 5 ~ 95% @ 40 \u00b0C<\/p>\n<p><strong>Sertifikalar :<\/strong> CE\/FCC\/CB\/UL\/CCC<\/p>\n<p><strong>\u0130\u015fletim Sistemi :<\/strong> Linux (CentOS, Red Hat, Ubuntu), Windows Server<\/p>","protected":false},"excerpt":{"rendered":"<p>2U High Performance Rackmount Server with Dual Intel Xeon Scalable Processor Family<\/p>","protected":false},"featured_media":12950,"template":"","meta":[],"product_brand":[],"product_cat":[87,39,85],"product_tag":[],"class_list":{"0":"post-12946","1":"product","2":"type-product","3":"status-publish","4":"has-post-thumbnail","6":"product_cat-2u","7":"product_cat-endustriyel-bilisim","8":"product_cat-rack-tipi-sistemler","9":"pa_cozumler-ve-urunler-endustriyel-bilisim","10":"pa_depolama-secenekleri-12-x-3-5-sata","11":"pa_depolama-secenekleri-2-x-m-2-sata","12":"pa_gb-lan-2-port","13":"pa_grafik-cikisi-1-x-vga","14":"pa_guc-girisi-100v-240v","15":"pa_islemci-sinifi-intel-xeon-scalable","16":"pa_mikrofon-giris-yok","17":"pa_ram-maks-3tb","18":"pa_rs-232-1-adet","19":"pa_uretici-advantech","20":"pa_urun-gruplari-rack-tipi-sistemler","21":"pa_usb-2-0-2-adet","22":"pa_usb-3-0-4-adet","24":"first","25":"outofstock","26":"shipping-taxable","27":"product-type-variable"},"_links":{"self":[{"href":"https:\/\/lima.com.tr\/en\/wp-json\/wp\/v2\/product\/12946","targetHints":{"allow":["GET"]}}],"collection":[{"href":"https:\/\/lima.com.tr\/en\/wp-json\/wp\/v2\/product"}],"about":[{"href":"https:\/\/lima.com.tr\/en\/wp-json\/wp\/v2\/types\/product"}],"version-history":[{"count":3,"href":"https:\/\/lima.com.tr\/en\/wp-json\/wp\/v2\/product\/12946\/revisions"}],"predecessor-version":[{"id":13139,"href":"https:\/\/lima.com.tr\/en\/wp-json\/wp\/v2\/product\/12946\/revisions\/13139"}],"wp:featuredmedia":[{"embeddable":true,"href":"https:\/\/lima.com.tr\/en\/wp-json\/wp\/v2\/media\/12950"}],"wp:attachment":[{"href":"https:\/\/lima.com.tr\/en\/wp-json\/wp\/v2\/media?parent=12946"}],"wp:term":[{"taxonomy":"product_brand","embeddable":true,"href":"https:\/\/lima.com.tr\/en\/wp-json\/wp\/v2\/product_brand?post=12946"},{"taxonomy":"product_cat","embeddable":true,"href":"https:\/\/lima.com.tr\/en\/wp-json\/wp\/v2\/product_cat?post=12946"},{"taxonomy":"product_tag","embeddable":true,"href":"https:\/\/lima.com.tr\/en\/wp-json\/wp\/v2\/product_tag?post=12946"}],"curies":[{"name":"wp","href":"https:\/\/api.w.org\/{rel}","templated":true}]}}