{"id":12929,"date":"2020-05-20T17:19:43","date_gmt":"2020-05-20T14:19:43","guid":{"rendered":"https:\/\/lima.com.tr\/?post_type=product&#038;p=12929"},"modified":"2021-05-22T14:40:25","modified_gmt":"2021-05-22T11:40:25","slug":"pws-472-c10e","status":"publish","type":"product","link":"https:\/\/lima.com.tr\/en\/shop\/endustriyel-bilisim\/endustriyel-el-terminalleri\/pws-472-c10e\/","title":{"rendered":"PWS-472-C10E"},"content":{"rendered":"<p><strong>Ekran :<\/strong> 5\u201d HD (1280 x 720) capacitive touchscreen<\/p>\n<p>&nbsp;<\/p>\n<p><strong>Aksesuarlar :<\/strong> Docking Station, Tablet Holster,Spare Battery,Multi-Bay Battery Charger,Micro USB magnetic male connector<\/p>\n<p><strong>\u00c7al\u0131\u015fma S\u0131cakl\u0131\u011f\u0131 :<\/strong> -20 ~ 60 \u00b0C<\/p>\n<p><strong>Depolama S\u0131cakl\u0131\u011f\u0131 :<\/strong> -30 ~ 70 \u00b0C (-4 ~ 140 \u00b0F)<\/p>\n<p><strong>Nem :<\/strong> 10 ~ 95% @ 40 \u00b0C<\/p>\n<p><strong>Sertifikalar :<\/strong> CB, CCC, BSMI,CE, FCC, CCC, BSMI, KC<\/p>\n<p>&nbsp;<\/p>","protected":false},"excerpt":{"rendered":"<p>5&#8243; Industrial-Grade Handheld Terminal with ARM\u00ae Cortex\u2122-A53 Quad-Core Processor<\/p>","protected":false},"featured_media":7988,"template":"","meta":[],"product_brand":[],"product_cat":[39,95],"product_tag":[45,44,47],"class_list":{"0":"post-12929","1":"product","2":"type-product","3":"status-publish","4":"has-post-thumbnail","6":"product_cat-endustriyel-bilisim","7":"product_cat-endustriyel-el-terminalleri","8":"product_tag-akilli-sehir","9":"product_tag-guvenlik","10":"product_tag-uretim","11":"pa_cozumler-ve-urunler-endustriyel-bilisim","12":"pa_cozunurluk-yatay-x-dikey-1280-x-720","13":"pa_dokunmatik-tipi-kapasitif","14":"pa_ekran-boyutu-3683","15":"pa_guc-girisi-5v-2a","16":"pa_islemci-frekansi-1-30-ghz","17":"pa_islemci-modeli-arm-cortex-a53","18":"pa_islemci-sinifi-arm-en","19":"pa_on-panel-korumasi-ip65","20":"pa_ramtakili-2gb","21":"pa_uretici-advantech","22":"pa_urun-gruplari-endustriyel-el-terminalleri","23":"pa_usb-2-0-1-x-micro-usb2-0-client","25":"first","26":"outofstock","27":"shipping-taxable","28":"product-type-variable"},"_links":{"self":[{"href":"https:\/\/lima.com.tr\/en\/wp-json\/wp\/v2\/product\/12929","targetHints":{"allow":["GET"]}}],"collection":[{"href":"https:\/\/lima.com.tr\/en\/wp-json\/wp\/v2\/product"}],"about":[{"href":"https:\/\/lima.com.tr\/en\/wp-json\/wp\/v2\/types\/product"}],"version-history":[{"count":3,"href":"https:\/\/lima.com.tr\/en\/wp-json\/wp\/v2\/product\/12929\/revisions"}],"predecessor-version":[{"id":12935,"href":"https:\/\/lima.com.tr\/en\/wp-json\/wp\/v2\/product\/12929\/revisions\/12935"}],"wp:featuredmedia":[{"embeddable":true,"href":"https:\/\/lima.com.tr\/en\/wp-json\/wp\/v2\/media\/7988"}],"wp:attachment":[{"href":"https:\/\/lima.com.tr\/en\/wp-json\/wp\/v2\/media?parent=12929"}],"wp:term":[{"taxonomy":"product_brand","embeddable":true,"href":"https:\/\/lima.com.tr\/en\/wp-json\/wp\/v2\/product_brand?post=12929"},{"taxonomy":"product_cat","embeddable":true,"href":"https:\/\/lima.com.tr\/en\/wp-json\/wp\/v2\/product_cat?post=12929"},{"taxonomy":"product_tag","embeddable":true,"href":"https:\/\/lima.com.tr\/en\/wp-json\/wp\/v2\/product_tag?post=12929"}],"curies":[{"name":"wp","href":"https:\/\/api.w.org\/{rel}","templated":true}]}}