{"id":12902,"date":"2020-05-20T16:27:09","date_gmt":"2020-05-20T13:27:09","guid":{"rendered":"https:\/\/lima.com.tr\/?post_type=product&#038;p=12902"},"modified":"2021-05-22T14:40:30","modified_gmt":"2021-05-22T11:40:30","slug":"aim-65at-22304000","status":"publish","type":"product","link":"https:\/\/lima.com.tr\/en\/shop\/endustriyel-bilisim\/endustriyel-tabletler\/aim-65at-22304000\/","title":{"rendered":"AIM-65AT-22304000"},"content":{"rendered":"<p><strong>Ekran :<\/strong> 8&#8243; IPS LCD, 400 cd\/m2 , WUXGA 1200 x 1920, 10-point multi-touch P-CAP touch control, Directly bonded Corning\u00ae Gorilla\u00ae Glass 3<\/p>\n<p><strong>Geni\u015fleme Se\u00e7enekleri: <\/strong>Barcode Scanner (20\u00b0\/70\u00b0), LAN + COM Module, UHF RFID Reader, VESA Docking Station, Vehicle Docking Station<\/p>\n<p><strong>Aksesuarlar :<\/strong> Docking Station, Vehicle Docking Station , Hand Strap Shoulder Strap Holster Active Stylus Battery with Meter, Stylus tether AG+AR Screen Protective Film<\/p>\n<p><strong>\u00c7al\u0131\u015fma S\u0131cakl\u0131\u011f\u0131 :<\/strong> 0 ~ 50 \u00b0C (32 ~ 122 \u00b0F) with battery, -10 ~ 50 \u00b0C (14 ~ 122 \u00b0F) with AC adaptor<\/p>\n<p><strong>Depolama S\u0131cakl\u0131\u011f\u0131 :<\/strong> -20 ~ 60 \u00b0C (-4 ~ 140 \u00b0F)<\/p>\n<p><strong>Nem :<\/strong> 10 ~ 95% @ 40 \u00b0C<\/p>\n<p><strong>Sertifikalar :<\/strong> SAE J1455,UL, CB, LVD + Energy Star 6.1, CE, FCC, IC, VCCI, RCM, CCC, BSMI,RED, FCC ID, IC, TELEC, NCC, SRRC, RCM<\/p>\n<p>&nbsp;<\/p>","protected":false},"excerpt":{"rendered":"<p>8&#8243; Industrial-Grade Tablet with Intel\u00ae Atom\u2122 Processor<\/p>","protected":false},"featured_media":12893,"template":"","meta":[],"product_brand":[],"product_cat":[39,94],"product_tag":[45,44,47],"class_list":{"0":"post-12902","1":"product","2":"type-product","3":"status-publish","4":"has-post-thumbnail","6":"product_cat-endustriyel-bilisim","7":"product_cat-endustriyel-tabletler","8":"product_tag-akilli-sehir","9":"product_tag-guvenlik","10":"product_tag-uretim","11":"pa_cozumler-ve-urunler-endustriyel-bilisim","12":"pa_cozunurluk-yatay-x-dikey-1200-x-1920","13":"pa_dokunmatik-tipi-kapasitif","14":"pa_ekran-boyutu-1100","15":"pa_gb-lan-i-o-modulu-veya-docking-station-ile-eklenebilir","16":"pa_guc-girisi-dock-pogo-9v-2a","17":"pa_guc-girisi-micro-usb-5v-3a","18":"pa_islemci-frekansi-1-44-ghz","19":"pa_islemci-modeli-intel-atom-quad-core-x5-z8350","20":"pa_islemci-sinifi-intel-atom","21":"pa_line-ses-cikis-1-adet","22":"pa_mikrofon-giris-1-adet","23":"pa_on-panel-korumasi-ip65","24":"pa_ramtakili-4gb-en","25":"pa_rs-232-i-o-modulu-veya-docking-station-ile-eklenebilir","26":"pa_uretici-advantech","27":"pa_urun-gruplari-endustriyel-tabletler","28":"pa_usb-2-0-1-adet","29":"pa_usb-2-0-docking-station-ile-artirilabilir","30":"pa_usb-3-0-docking-station-ile-eklenebilir","32":"first","33":"outofstock","34":"shipping-taxable","35":"product-type-variable"},"_links":{"self":[{"href":"https:\/\/lima.com.tr\/en\/wp-json\/wp\/v2\/product\/12902","targetHints":{"allow":["GET"]}}],"collection":[{"href":"https:\/\/lima.com.tr\/en\/wp-json\/wp\/v2\/product"}],"about":[{"href":"https:\/\/lima.com.tr\/en\/wp-json\/wp\/v2\/types\/product"}],"version-history":[{"count":1,"href":"https:\/\/lima.com.tr\/en\/wp-json\/wp\/v2\/product\/12902\/revisions"}],"predecessor-version":[{"id":12903,"href":"https:\/\/lima.com.tr\/en\/wp-json\/wp\/v2\/product\/12902\/revisions\/12903"}],"wp:featuredmedia":[{"embeddable":true,"href":"https:\/\/lima.com.tr\/en\/wp-json\/wp\/v2\/media\/12893"}],"wp:attachment":[{"href":"https:\/\/lima.com.tr\/en\/wp-json\/wp\/v2\/media?parent=12902"}],"wp:term":[{"taxonomy":"product_brand","embeddable":true,"href":"https:\/\/lima.com.tr\/en\/wp-json\/wp\/v2\/product_brand?post=12902"},{"taxonomy":"product_cat","embeddable":true,"href":"https:\/\/lima.com.tr\/en\/wp-json\/wp\/v2\/product_cat?post=12902"},{"taxonomy":"product_tag","embeddable":true,"href":"https:\/\/lima.com.tr\/en\/wp-json\/wp\/v2\/product_tag?post=12902"}],"curies":[{"name":"wp","href":"https:\/\/api.w.org\/{rel}","templated":true}]}}