{"id":12889,"date":"2020-05-20T12:34:59","date_gmt":"2020-05-20T09:34:59","guid":{"rendered":"https:\/\/lima.com.tr\/?post_type=product&#038;p=12889"},"modified":"2021-05-22T14:40:32","modified_gmt":"2021-05-22T11:40:32","slug":"pws-872-7s6w6x200","status":"publish","type":"product","link":"https:\/\/lima.com.tr\/en\/shop\/endustriyel-bilisim\/endustriyel-tabletler\/pws-872-7s6w6x200\/","title":{"rendered":"PWS-872-7S6W6X200"},"content":{"rendered":"<p><strong>Ekran :<\/strong> 300 cd\/m2 , anti-glare surface for sunlight readability, and LED backlight<br \/>\nTouch Panel Multi-touch projected capacitive touchscreen with scratch-resistant Corning\u00ae Gorilla\u00ae Glass 3 panel and support for gloved operation<br \/>\nSensor Ambient light, accelerometer (g-sensor), e-compass, gyroscope (0\u00b0, 90\u00b0, 270\u00b0 screen rotation)<\/p>\n<p><strong>Geni\u015fleme Se\u00e7enekleri: <\/strong>MSR and Smart Card Reader, I\/O extension module, Docking Station, Vehicle Docking Station<\/p>\n<p><strong>Aksesuarlar :<\/strong> Docking Station, Vehicle Docking Station , Universal cover package, External battery,Multi-bay battery charger,Active pen,10.1&#8243; replacement screen protection film<\/p>\n<p><strong>\u00c7al\u0131\u015fma S\u0131cakl\u0131\u011f\u0131 :<\/strong> -20 ~ 50 \u00b0C\/-4 ~ 122 \u00b0F (0 ~ 40 \u00b0C\/32 ~ 104 \u00b0F when charging to protect the battery)<\/p>\n<p><strong>Depolama S\u0131cakl\u0131\u011f\u0131 :<\/strong> -40 ~ 60 \u00b0C<\/p>\n<p><strong>Nem :<\/strong> 10 ~ 95% @ 40 \u00b0C<\/p>\n<p><strong>Sertifikalar :<\/strong> MIL-STD-810G,CE\/FCC\/CCC\/SAR*,UL\/CE\/CB\/CCC<\/p>\n<p>* WIFI certification only; LTE certification by project.<\/p>","protected":false},"excerpt":{"rendered":"<p>10&#8243; Industrial-Grade Tablet with 7th Generation Intel\u00ae Core\u2122 i5 Processor<\/p>","protected":false},"featured_media":10470,"template":"","meta":[],"product_brand":[],"product_cat":[39,94],"product_tag":[45,44,47],"class_list":{"0":"post-12889","1":"product","2":"type-product","3":"status-publish","4":"has-post-thumbnail","6":"product_cat-endustriyel-bilisim","7":"product_cat-endustriyel-tabletler","8":"product_tag-akilli-sehir","9":"product_tag-guvenlik","10":"product_tag-uretim","11":"pa_cozumler-ve-urunler-endustriyel-bilisim","12":"pa_cozunurluk-yatay-x-dikey-1280-x-800","13":"pa_dokunmatik-tipi-kapasitif","14":"pa_ekran-boyutu-10-1","15":"pa_gb-lan-i-o-modulu-veya-docking-station-ile-eklenebilir","16":"pa_grafik-cikisi-1-x-hdmi","17":"pa_guc-girisi-19-vdc","18":"pa_islemci-frekansi-2-8-ghz","19":"pa_islemci-modeli-intel-core-i7-7600u-dual-core","20":"pa_islemci-sinifi-intel-core-i-2","21":"pa_line-ses-cikis-1-adet","22":"pa_mikrofon-giris-1-adet","23":"pa_on-panel-korumasi-ip65","24":"pa_ramtakili-4gb","25":"pa_rs-232-i-o-modulu-veya-docking-station-ile-eklenebilir","26":"pa_uretici-advantech","27":"pa_urun-gruplari-endustriyel-tabletler","28":"pa_usb-2-0-1-adet","29":"pa_usb-3-0-2-adet","30":"pa_usb-3-0-i-o-modulu-veya-docking-station-ile-artitilabilir","32":"first","33":"outofstock","34":"shipping-taxable","35":"product-type-variable"},"_links":{"self":[{"href":"https:\/\/lima.com.tr\/en\/wp-json\/wp\/v2\/product\/12889","targetHints":{"allow":["GET"]}}],"collection":[{"href":"https:\/\/lima.com.tr\/en\/wp-json\/wp\/v2\/product"}],"about":[{"href":"https:\/\/lima.com.tr\/en\/wp-json\/wp\/v2\/types\/product"}],"version-history":[{"count":1,"href":"https:\/\/lima.com.tr\/en\/wp-json\/wp\/v2\/product\/12889\/revisions"}],"predecessor-version":[{"id":12890,"href":"https:\/\/lima.com.tr\/en\/wp-json\/wp\/v2\/product\/12889\/revisions\/12890"}],"wp:featuredmedia":[{"embeddable":true,"href":"https:\/\/lima.com.tr\/en\/wp-json\/wp\/v2\/media\/10470"}],"wp:attachment":[{"href":"https:\/\/lima.com.tr\/en\/wp-json\/wp\/v2\/media?parent=12889"}],"wp:term":[{"taxonomy":"product_brand","embeddable":true,"href":"https:\/\/lima.com.tr\/en\/wp-json\/wp\/v2\/product_brand?post=12889"},{"taxonomy":"product_cat","embeddable":true,"href":"https:\/\/lima.com.tr\/en\/wp-json\/wp\/v2\/product_cat?post=12889"},{"taxonomy":"product_tag","embeddable":true,"href":"https:\/\/lima.com.tr\/en\/wp-json\/wp\/v2\/product_tag?post=12889"}],"curies":[{"name":"wp","href":"https:\/\/api.w.org\/{rel}","templated":true}]}}