{"id":12866,"date":"2020-05-20T10:54:01","date_gmt":"2020-05-20T07:54:01","guid":{"rendered":"https:\/\/lima.com.tr\/?post_type=product&#038;p=12866"},"modified":"2021-05-22T14:40:35","modified_gmt":"2021-05-22T11:40:35","slug":"fwa-1320-00e","status":"publish","type":"product","link":"https:\/\/lima.com.tr\/en\/shop\/endustriyel-bilisim\/ag-aygitlari\/masaustu\/fwa-1320-00e\/","title":{"rendered":"FWA-1320-00E"},"content":{"rendered":"<p><strong>\u00c7al\u0131\u015fma S\u0131cakl\u0131\u011f\u0131 :<\/strong> 0 ~ 40 \u00b0C<\/p>\n<p><strong>Depolama S\u0131cakl\u0131\u011f\u0131 :<\/strong> -20~80<\/p>\n<p><strong>Nem :<\/strong> 5 ~ 95% @ 40 \u00b0C<\/p>\n<p><strong>Sertifikalar :<\/strong> CE\/FCC Class A, CCC, CB, UL<\/p>\n<p><strong>\u0130\u015fletim Sistemi :<\/strong> Linux (CentOS, Red Hat, Ubuntu)<\/p>","protected":false},"excerpt":{"rendered":"<p>Tabletop Network Appliance with Intel\u00ae Atom\u2122 Processor C2000 for vE-CPE and Network Applications<\/p>","protected":false},"featured_media":12640,"template":"","meta":[],"product_brand":[],"product_cat":[90,39,93],"product_tag":[45,48,44,46,47],"class_list":{"0":"post-12866","1":"product","2":"type-product","3":"status-publish","4":"has-post-thumbnail","6":"product_cat-ag-aygitlari","7":"product_cat-endustriyel-bilisim","8":"product_cat-masaustu","9":"product_tag-akilli-sehir","10":"product_tag-altyapi","11":"product_tag-guvenlik","12":"product_tag-savunma","13":"product_tag-uretim","14":"pa_cozumler-ve-urunler-endustriyel-bilisim","15":"pa_depolama-secenekleri-1-x-2-5-ssd","16":"pa_depolama-secenekleri-1-x-msata","17":"pa_gb-lan-2-port-for-management","18":"pa_gb-lan-4-port","19":"pa_grafik-cikisi-yok","20":"pa_guc-girisi-100-240vac","21":"pa_islemci-modeli-intel-atom-c2358","22":"pa_islemci-sinifi-intel-atom","23":"pa_mikrofon-giris-yok","24":"pa_ram-maks-16gb","25":"pa_uretici-advantech","26":"pa_urun-gruplari-ag-aygitlari","27":"pa_usb-2-0-2-adet","28":"pa_usb-3-0-yok","30":"first","31":"outofstock","32":"shipping-taxable","33":"product-type-variable"},"_links":{"self":[{"href":"https:\/\/lima.com.tr\/en\/wp-json\/wp\/v2\/product\/12866","targetHints":{"allow":["GET"]}}],"collection":[{"href":"https:\/\/lima.com.tr\/en\/wp-json\/wp\/v2\/product"}],"about":[{"href":"https:\/\/lima.com.tr\/en\/wp-json\/wp\/v2\/types\/product"}],"version-history":[{"count":2,"href":"https:\/\/lima.com.tr\/en\/wp-json\/wp\/v2\/product\/12866\/revisions"}],"predecessor-version":[{"id":12868,"href":"https:\/\/lima.com.tr\/en\/wp-json\/wp\/v2\/product\/12866\/revisions\/12868"}],"wp:featuredmedia":[{"embeddable":true,"href":"https:\/\/lima.com.tr\/en\/wp-json\/wp\/v2\/media\/12640"}],"wp:attachment":[{"href":"https:\/\/lima.com.tr\/en\/wp-json\/wp\/v2\/media?parent=12866"}],"wp:term":[{"taxonomy":"product_brand","embeddable":true,"href":"https:\/\/lima.com.tr\/en\/wp-json\/wp\/v2\/product_brand?post=12866"},{"taxonomy":"product_cat","embeddable":true,"href":"https:\/\/lima.com.tr\/en\/wp-json\/wp\/v2\/product_cat?post=12866"},{"taxonomy":"product_tag","embeddable":true,"href":"https:\/\/lima.com.tr\/en\/wp-json\/wp\/v2\/product_tag?post=12866"}],"curies":[{"name":"wp","href":"https:\/\/api.w.org\/{rel}","templated":true}]}}