{"id":12864,"date":"2020-05-18T22:58:28","date_gmt":"2020-05-18T19:58:28","guid":{"rendered":"https:\/\/lima.com.tr\/?post_type=product&#038;p=12864"},"modified":"2021-05-22T14:40:36","modified_gmt":"2021-05-22T11:40:36","slug":"fwa-1112vcl-8ca1s","status":"publish","type":"product","link":"https:\/\/lima.com.tr\/en\/shop\/endustriyel-bilisim\/ag-aygitlari\/masaustu\/fwa-1112vcl-8ca1s\/","title":{"rendered":"FWA-1112VCL-8CA1S"},"content":{"rendered":"<p><strong>Geni\u015fleme Se\u00e7enekleri : <\/strong>1 x M-key for 2280 SATAIII SSD, 1 x B-key for 3042\/3052 LTE\/5G module, 1 x E-key for 2230 Wifi module, Default 1 x Mini-SIM socket; 2nd Mini SIM socket for the 2nd LTE module is optional by project support<\/p>\n<p><strong>\u00c7al\u0131\u015fma S\u0131cakl\u0131\u011f\u0131 :<\/strong> 0 ~ 40 \u00b0C<\/p>\n<p><strong>Depolama S\u0131cakl\u0131\u011f\u0131 :<\/strong> Not Available<\/p>\n<p><strong>Nem :<\/strong> 5 ~ 95% @ 40 \u00b0C<\/p>\n<p><strong>Sertifikalar :<\/strong> CE\/FCC\/CB\/UL\/CCC (not including any Wi-Fi and LTE RF certificate)<\/p>\n<p><strong>\u0130\u015fletim Sistemi :<\/strong> Linux<\/p>","protected":false},"excerpt":{"rendered":"<p>Fan-Less Network Appliances for the Diverse Deploying Scenario<\/p>","protected":false},"featured_media":12640,"template":"","meta":[],"product_brand":[],"product_cat":[39,90,93],"product_tag":[45,48,44,46,47],"class_list":{"0":"post-12864","1":"product","2":"type-product","3":"status-publish","4":"has-post-thumbnail","6":"product_cat-endustriyel-bilisim","7":"product_cat-ag-aygitlari","8":"product_cat-masaustu","9":"product_tag-akilli-sehir","10":"product_tag-altyapi","11":"product_tag-guvenlik","12":"product_tag-savunma","13":"product_tag-uretim","14":"pa_cozumler-ve-urunler-endustriyel-bilisim","15":"pa_depolama-secenekleri-1-x-m-2280-sata","16":"pa_gb-lan-yok","17":"pa_grafik-cikisi-yok","18":"pa_guc-girisi-100-240vac","19":"pa_islemci-modeli-intel-atom-c3758","20":"pa_islemci-sinifi-intel-atom","21":"pa_mikrofon-giris-yok","22":"pa_ram-maks-32gb","23":"pa_uretici-advantech","24":"pa_urun-gruplari-ag-aygitlari","25":"pa_usb-3-0-2-adet","27":"first","28":"outofstock","29":"shipping-taxable","30":"product-type-variable"},"_links":{"self":[{"href":"https:\/\/lima.com.tr\/en\/wp-json\/wp\/v2\/product\/12864","targetHints":{"allow":["GET"]}}],"collection":[{"href":"https:\/\/lima.com.tr\/en\/wp-json\/wp\/v2\/product"}],"about":[{"href":"https:\/\/lima.com.tr\/en\/wp-json\/wp\/v2\/types\/product"}],"version-history":[{"count":1,"href":"https:\/\/lima.com.tr\/en\/wp-json\/wp\/v2\/product\/12864\/revisions"}],"predecessor-version":[{"id":12865,"href":"https:\/\/lima.com.tr\/en\/wp-json\/wp\/v2\/product\/12864\/revisions\/12865"}],"wp:featuredmedia":[{"embeddable":true,"href":"https:\/\/lima.com.tr\/en\/wp-json\/wp\/v2\/media\/12640"}],"wp:attachment":[{"href":"https:\/\/lima.com.tr\/en\/wp-json\/wp\/v2\/media?parent=12864"}],"wp:term":[{"taxonomy":"product_brand","embeddable":true,"href":"https:\/\/lima.com.tr\/en\/wp-json\/wp\/v2\/product_brand?post=12864"},{"taxonomy":"product_cat","embeddable":true,"href":"https:\/\/lima.com.tr\/en\/wp-json\/wp\/v2\/product_cat?post=12864"},{"taxonomy":"product_tag","embeddable":true,"href":"https:\/\/lima.com.tr\/en\/wp-json\/wp\/v2\/product_tag?post=12864"}],"curies":[{"name":"wp","href":"https:\/\/api.w.org\/{rel}","templated":true}]}}